{"id":5789,"date":"2022-02-11T12:34:43","date_gmt":"2022-02-11T11:34:43","guid":{"rendered":"https:\/\/lpevn.agencebisart.com\/nos-actualites\/story-time\/"},"modified":"2023-07-11T05:36:36","modified_gmt":"2023-07-11T03:36:36","slug":"story-time","status":"publish","type":"page","link":"https:\/\/www.lpehochiminh.com\/en\/news\/story-time\/","title":{"rendered":"Story Time"},"content":{"rendered":"<p>\t\t\t\t<!-- avec ou sans CTA : m\u00eame code, \u00e7a centre verticalement le texte --><\/p>\n<div class=\"smallheader\" id=\"bloc_small_header_1\">\n<style type=\"text\/css\">\n\t\t\t\t\t\t\t#bloc_small_header_1 {background-image: url(https:\/\/www.lpehochiminh.com\/wp-content\/uploads\/2022\/03\/SMALL_HEADER9-610x268.png);}\n\t\t\t\t\t\t\t@media (min-width: 480px) {\t#bloc_small_header_1 {background-image: url(https:\/\/www.lpehochiminh.com\/wp-content\/uploads\/2022\/03\/SMALL_HEADER9-610x268.png);}}\n\t\t\t\t\t\t\t@media (min-width: 768px) {\t#bloc_small_header_1 {background-image: url(https:\/\/www.lpehochiminh.com\/wp-content\/uploads\/2022\/03\/SMALL_HEADER9-1024x214.png);}}\n\t\t\t\t\t\t\t@media (min-width: 992px) { #bloc_small_header_1 {background-image: url(https:\/\/www.lpehochiminh.com\/wp-content\/uploads\/2022\/03\/SMALL_HEADER9-1024x214.png);}}\n\t\t\t\t\t\t\t@media (min-width: 1200px) { #bloc_small_header_1 {background-image: url(https:\/\/www.lpehochiminh.com\/wp-content\/uploads\/2022\/03\/SMALL_HEADER9.png);}}\n\t\t\t\t\t\t<\/style>\n<div class=\"container d-flex flex-column justify-content-center align-items-start\">\n<h1><span>Story Time<\/span><\/h1>\n<\/p><\/div>\n<\/p><\/div>\n<div class=\"bloctext bloctext--nocolor bloctext--haspattern\" id=\"bloc_6_2\">\n<div class=\"container\">\n<div class=\"row\">\n<div class=\"col-12 col-lg-4 col-xl-3 mb-1\">\n<h1 style=\"color: var(--color1); font-family: 'GraphikSuper'; text-transform: uppercase; line-height: 1em; font-size: 2em;\"><span style=\"background: linear-gradient(to bottom, transparent 0px,transparent 20px,var(--color2--light1) 20px,var(--color2--light1) 45px);\">READING BOOKS<\/span><\/h1>\n<\/p><\/div>\n<div class=\"col-12 col-lg-8 col-xl-9\">\n<div class=\"text pl-lg-4\">\n<p>Reading French stories to preschool students helps enhance listening, attentiveness, vocabulary learning, and language development.<\/p>\n<p><strong>Coming soon<\/strong>: books in English and a selection of books for older children.<\/p>\n<\/p><\/div>\n<\/p><\/div>\n<\/p><\/div>\n<\/p><\/div>\n<\/div>\n<div class=\"bigmedia bigmedia--color2\" id=\"bloc_13_3\">\n<div class=\"container\">\n<h2><span>J&#8217;AI GRANDI ICI (THIS IS WHERE I GREW UP)<\/span><\/h2>\n<\/p>\n<div class=\"row justify-content-center\">\n<div class=\"col-lg-10\">\n<p><!-- code 6qBtusDJWdA?list=PLbNVOgqZeB3umCygSozYTNZRtqVvNh7Za-->\t\t<\/p>\n<div class=\"video\">\n<div class=\"embed-responsive embed-responsive-4by3\"><iframe loading=\"lazy\" title=\"Story Time with Marie-Pierre #1: J&#039;ai Grandi Ici (This is Where I Grew Up)\" width=\"900\" height=\"506\" src=\"https:\/\/www.youtube.com\/embed\/6qBtusDJWdA?list=PLbNVOgqZeB3umCygSozYTNZRtqVvNh7Za&#038;playsinline=1&#038;loop=1&#038;controls=1&#038;rel=0&#038;title=0&#038;portrait=0&#038;author_name=0\" frameborder=\"0\" allow=\"accelerometer; autoplay; clipboard-write; encrypted-media; gyroscope; picture-in-picture; web-share\" allowfullscreen frameborder=\"0\"><\/iframe><\/div>\n<\/p><\/div>\n<\/p><\/div>\n<\/p><\/div>\n<\/p><\/div>\n<\/div>\n<div class=\"bigmedia bigmedia--nocolor\" id=\"bloc_13_4\">\n<div class=\"container\">\n<h2><span>L&#8217;ARBRE, QUE LUI MANQUE-T-IL ? (WHAT\u2019S MISSING FROM THE TREE?)<\/span><\/h2>\n<\/p>\n<div class=\"row justify-content-center\">\n<div class=\"col-lg-10\">\n<p><!-- code mOUVbwBHp2o?list=PLbNVOgqZeB3umCygSozYTNZRtqVvNh7Za-->\t\t<\/p>\n<div class=\"video\">\n<div class=\"embed-responsive embed-responsive-4by3\"><iframe loading=\"lazy\" title=\"Story Time with Marie-Pierre #2: L&#039;arbre, que lui manque-t-il?\" width=\"900\" height=\"506\" src=\"https:\/\/www.youtube.com\/embed\/mOUVbwBHp2o?list=PLbNVOgqZeB3umCygSozYTNZRtqVvNh7Za&#038;playsinline=1&#038;loop=1&#038;controls=1&#038;rel=0&#038;title=0&#038;portrait=0&#038;author_name=0\" frameborder=\"0\" allow=\"accelerometer; autoplay; clipboard-write; encrypted-media; gyroscope; picture-in-picture; web-share\" allowfullscreen frameborder=\"0\"><\/iframe><\/div>\n<\/p><\/div>\n<\/p><\/div>\n<\/p><\/div>\n<\/p><\/div>\n<\/div>\n<div class=\"bigmedia bigmedia--color2\" id=\"bloc_13_5\">\n<div class=\"container\">\n<h2><span>IL \u00c9TAIT UNE FOIS&#8230; (ONCE UPON A TIME&#8230;) LA TRAVERS\u00c9E (THE CROSSING)<\/span><\/h2>\n<\/p>\n<div class=\"row justify-content-center\">\n<div class=\"col-lg-10\">\n<p><!-- code UpcC7Jn_Gk4?list=PLbNVOgqZeB3umCygSozYTNZRtqVvNh7Za-->\t\t<\/p>\n<div class=\"video\">\n<div class=\"embed-responsive embed-responsive-4by3\"><iframe loading=\"lazy\" title=\"Story Time with Marie-Pierre #3: Il etait une fois... La Travers\u00e9e (Once upon a time...The Crossing)\" width=\"900\" height=\"506\" src=\"https:\/\/www.youtube.com\/embed\/UpcC7Jn_Gk4?list=PLbNVOgqZeB3umCygSozYTNZRtqVvNh7Za&#038;playsinline=1&#038;loop=1&#038;controls=1&#038;rel=0&#038;title=0&#038;portrait=0&#038;author_name=0\" frameborder=\"0\" allow=\"accelerometer; autoplay; clipboard-write; encrypted-media; gyroscope; picture-in-picture; web-share\" allowfullscreen frameborder=\"0\"><\/iframe><\/div>\n<\/p><\/div>\n<\/p><\/div>\n<\/p><\/div>\n<\/p><\/div>\n<\/div>\n<div class=\"bigmedia bigmedia--nocolor\" id=\"bloc_13_6\">\n<div class=\"container\">\n<h2><span>GROS LOUP ET LA PETITE B\u00caTE (THE CAVE)<\/span><\/h2>\n<\/p>\n<div class=\"row justify-content-center\">\n<div class=\"col-lg-10\">\n<p><!-- code B6y30hTdoAQ?list=PLbNVOgqZeB3umCygSozYTNZRtqVvNh7Za-->\t\t<\/p>\n<div class=\"video\">\n<div class=\"embed-responsive embed-responsive-4by3\"><iframe loading=\"lazy\" title=\"Story Time with Marie-Pierre #4: Gros Loup et la petite be\u0302te\" width=\"900\" height=\"506\" src=\"https:\/\/www.youtube.com\/embed\/B6y30hTdoAQ?list=PLbNVOgqZeB3umCygSozYTNZRtqVvNh7Za&#038;playsinline=1&#038;loop=1&#038;controls=1&#038;rel=0&#038;title=0&#038;portrait=0&#038;author_name=0\" frameborder=\"0\" allow=\"accelerometer; autoplay; clipboard-write; encrypted-media; gyroscope; picture-in-picture; web-share\" allowfullscreen frameborder=\"0\"><\/iframe><\/div>\n<\/p><\/div>\n<\/p><\/div>\n<\/p><\/div>\n<\/p><\/div>\n<\/div>\n<div class=\"bigmedia bigmedia--color2\" id=\"bloc_13_7\">\n<div class=\"container\">\n<h2><span>PAPA POULE (DADDY CHICKEN)<\/span><\/h2>\n<\/p>\n<div class=\"row justify-content-center\">\n<div class=\"col-lg-10\">\n<p><!-- code PuHre6dhCEc?list=PLbNVOgqZeB3umCygSozYTNZRtqVvNh7Za-->\t\t<\/p>\n<div class=\"video\">\n<div class=\"embed-responsive embed-responsive-4by3\"><iframe loading=\"lazy\" title=\"Story Time with Marie-Pierre #6: Papa Poule by Giulia Bruel &amp; Jean Leroy\" width=\"900\" height=\"506\" src=\"https:\/\/www.youtube.com\/embed\/PuHre6dhCEc?list=PLbNVOgqZeB3umCygSozYTNZRtqVvNh7Za&#038;playsinline=1&#038;loop=1&#038;controls=1&#038;rel=0&#038;title=0&#038;portrait=0&#038;author_name=0\" frameborder=\"0\" allow=\"accelerometer; autoplay; clipboard-write; encrypted-media; gyroscope; picture-in-picture; web-share\" allowfullscreen frameborder=\"0\"><\/iframe><\/div>\n<\/p><\/div>\n<\/p><\/div>\n<\/p><\/div>\n<\/p><\/div>\n<\/div>\n<div class=\"bigmedia bigmedia--nocolor\" id=\"bloc_13_8\">\n<div class=\"container\">\n<h2><span>CHER P\u00c8RE NO\u00cbL (DEAR SANTA CLAUS)<\/span><\/h2>\n<\/p>\n<div class=\"row justify-content-center\">\n<div class=\"col-lg-10\">\n<p><!-- code plSjhe7egSM?list=PLbNVOgqZeB3umCygSozYTNZRtqVvNh7Za-->\t\t<\/p>\n<div class=\"video\">\n<div class=\"embed-responsive embed-responsive-4by3\"><iframe loading=\"lazy\" title=\"Story Time with Marie-Pierre#7: Cher P\u00e8re No\u00ebl (Jeanne Ashb\u00e9)\" width=\"900\" height=\"506\" src=\"https:\/\/www.youtube.com\/embed\/plSjhe7egSM?list=PLbNVOgqZeB3umCygSozYTNZRtqVvNh7Za&#038;playsinline=1&#038;loop=1&#038;controls=1&#038;rel=0&#038;title=0&#038;portrait=0&#038;author_name=0\" frameborder=\"0\" allow=\"accelerometer; autoplay; clipboard-write; encrypted-media; gyroscope; picture-in-picture; web-share\" allowfullscreen frameborder=\"0\"><\/iframe><\/div>\n<\/p><\/div>\n<\/p><\/div>\n<\/p><\/div>\n<\/p><\/div>\n<\/div>\n<div class=\"blocinfo blocinfo--color4\" id=\"bloc_10_9\">\n<div class=\"container\">\n<div class=\"row\">\n<div class=\"col-12 col-md-6\">\n<h2><span>Watch all our story-time videos.<\/span><\/h2>\n<\/p>\n<p>\t\t\t\t<!-- Changer la classe de couleur du bouton en fonction de la couleur g\u00e9n\u00e9rale du bloc --><\/p>\n<div class=\"bloc_cta\" >\n\t<a href=\"https:\/\/www.youtube.com\/watch?v=6qBtusDJWdA&#038;list=PLbNVOgqZeB3umCygSozYTNZRtqVvNh7Za&#038;index=4\" title=\"Follow our YouTube page\" target=\"_blank\" class=\"mr-3 btn btn--color4\" rel=\"noopener\">Follow our YouTube page<\/a> \t\t\t\t<\/div>\n<\/p><\/div>\n<\/p><\/div>\n<\/p><\/div>\n<\/div>\n","protected":false},"excerpt":{"rendered":"<p>Story Time READING BOOKS Reading French stories to preschool students helps enhance listening, attentiveness, vocabulary learning, and language development. Coming [&hellip;]<\/p>\n","protected":false},"author":4,"featured_media":0,"parent":5787,"menu_order":290,"comment_status":"closed","ping_status":"closed","template":"","meta":{"_acf_changed":false,"kdcopypost-origin-url":"","kdcopypost-origin-id":"","footnotes":""},"class_list":["post-5789","page","type-page","status-publish","hentry"],"acf":[],"yoast_head":"<!-- This site is optimized with the Yoast SEO plugin v26.8 - https:\/\/yoast.com\/product\/yoast-seo-wordpress\/ -->\n<title>Story Time | La Petite Ecole Ho Chi Minh<\/title>\n<meta name=\"description\" content=\"Join LPE&#039;s Story Time for an enchanting experience of French tales that boost language skills. Coming soon: more books in English and for older children\" \/>\n<meta name=\"robots\" content=\"index, follow, max-snippet:-1, max-image-preview:large, max-video-preview:-1\" \/>\n<link rel=\"canonical\" href=\"https:\/\/www.lpehochiminh.com\/en\/news\/story-time\/\" \/>\n<meta property=\"og:locale\" content=\"en_US\" \/>\n<meta property=\"og:type\" content=\"article\" \/>\n<meta property=\"og:title\" content=\"Story Time | La Petite Ecole Ho Chi Minh\" \/>\n<meta property=\"og:description\" content=\"Join LPE&#039;s Story Time for an enchanting experience of French tales that boost language skills. Coming soon: more books in English and for older children\" \/>\n<meta property=\"og:url\" content=\"https:\/\/www.lpehochiminh.com\/en\/news\/story-time\/\" \/>\n<meta property=\"og:site_name\" content=\"LPE Ho Chi Minh\" \/>\n<meta property=\"article:modified_time\" content=\"2023-07-11T03:36:36+00:00\" \/>\n<meta property=\"og:image\" content=\"https:\/\/www.lpehochiminh.com\/wp-content\/uploads\/2023\/05\/logo-rond-blanc.png\" \/>\n\t<meta property=\"og:image:width\" content=\"1993\" \/>\n\t<meta property=\"og:image:height\" content=\"1990\" \/>\n\t<meta property=\"og:image:type\" content=\"image\/png\" \/>\n<meta name=\"twitter:card\" content=\"summary_large_image\" \/>\n<!-- \/ Yoast SEO plugin. -->","yoast_head_json":{"title":"Story Time | La Petite Ecole Ho Chi Minh","description":"Join LPE's Story Time for an enchanting experience of French tales that boost language skills. Coming soon: more books in English and for older children","robots":{"index":"index","follow":"follow","max-snippet":"max-snippet:-1","max-image-preview":"max-image-preview:large","max-video-preview":"max-video-preview:-1"},"canonical":"https:\/\/www.lpehochiminh.com\/en\/news\/story-time\/","og_locale":"en_US","og_type":"article","og_title":"Story Time | La Petite Ecole Ho Chi Minh","og_description":"Join LPE's Story Time for an enchanting experience of French tales that boost language skills. Coming soon: more books in English and for older children","og_url":"https:\/\/www.lpehochiminh.com\/en\/news\/story-time\/","og_site_name":"LPE Ho Chi Minh","article_modified_time":"2023-07-11T03:36:36+00:00","og_image":[{"width":1993,"height":1990,"url":"https:\/\/www.lpehochiminh.com\/wp-content\/uploads\/2023\/05\/logo-rond-blanc.png","type":"image\/png"}],"twitter_card":"summary_large_image","schema":{"@context":"https:\/\/schema.org","@graph":[{"@type":"WebPage","@id":"https:\/\/www.lpehochiminh.com\/en\/news\/story-time\/","url":"https:\/\/www.lpehochiminh.com\/en\/news\/story-time\/","name":"Story Time | La Petite Ecole Ho Chi Minh","isPartOf":{"@id":"https:\/\/www.lpehochiminh.com\/en\/#website"},"datePublished":"2022-02-11T11:34:43+00:00","dateModified":"2023-07-11T03:36:36+00:00","description":"Join LPE's Story Time for an enchanting experience of French tales that boost language skills. Coming soon: more books in English and for older children","breadcrumb":{"@id":"https:\/\/www.lpehochiminh.com\/en\/news\/story-time\/#breadcrumb"},"inLanguage":"en-US","potentialAction":[{"@type":"ReadAction","target":["https:\/\/www.lpehochiminh.com\/en\/news\/story-time\/"]}]},{"@type":"BreadcrumbList","@id":"https:\/\/www.lpehochiminh.com\/en\/news\/story-time\/#breadcrumb","itemListElement":[{"@type":"ListItem","position":1,"name":"Accueil","item":"https:\/\/www.lpehochiminh.com\/en\/"},{"@type":"ListItem","position":2,"name":"News","item":"https:\/\/www.lpehochiminh.com\/en\/nos-actualites\/"},{"@type":"ListItem","position":3,"name":"Story Time"}]},{"@type":"WebSite","@id":"https:\/\/www.lpehochiminh.com\/en\/#website","url":"https:\/\/www.lpehochiminh.com\/en\/","name":"LPE Ho Chi Minh - \u00e9cole internationale plurilingue de la cr\u00e8che au CM2","description":"LPE Ho Chi Minh","publisher":{"@id":"https:\/\/www.lpehochiminh.com\/en\/#organization"},"alternateName":"LPE Ho Chi Minh","potentialAction":[{"@type":"SearchAction","target":{"@type":"EntryPoint","urlTemplate":"https:\/\/www.lpehochiminh.com\/en\/?s={search_term_string}"},"query-input":{"@type":"PropertyValueSpecification","valueRequired":true,"valueName":"search_term_string"}}],"inLanguage":"en-US"},{"@type":"Organization","@id":"https:\/\/www.lpehochiminh.com\/en\/#organization","name":"LPE Ho Chi Minh","url":"https:\/\/www.lpehochiminh.com\/en\/","logo":{"@type":"ImageObject","inLanguage":"en-US","@id":"https:\/\/www.lpehochiminh.com\/en\/#\/schema\/logo\/image\/","url":"https:\/\/www.lpehochiminh.com\/wp-content\/uploads\/2023\/05\/logo-rond-blanc.png","contentUrl":"https:\/\/www.lpehochiminh.com\/wp-content\/uploads\/2023\/05\/logo-rond-blanc.png","width":1993,"height":1990,"caption":"LPE Ho Chi Minh"},"image":{"@id":"https:\/\/www.lpehochiminh.com\/en\/#\/schema\/logo\/image\/"}}]}},"_links":{"self":[{"href":"https:\/\/www.lpehochiminh.com\/en\/wp-json\/wp\/v2\/pages\/5789","targetHints":{"allow":["GET"]}}],"collection":[{"href":"https:\/\/www.lpehochiminh.com\/en\/wp-json\/wp\/v2\/pages"}],"about":[{"href":"https:\/\/www.lpehochiminh.com\/en\/wp-json\/wp\/v2\/types\/page"}],"author":[{"embeddable":true,"href":"https:\/\/www.lpehochiminh.com\/en\/wp-json\/wp\/v2\/users\/4"}],"replies":[{"embeddable":true,"href":"https:\/\/www.lpehochiminh.com\/en\/wp-json\/wp\/v2\/comments?post=5789"}],"version-history":[{"count":5,"href":"https:\/\/www.lpehochiminh.com\/en\/wp-json\/wp\/v2\/pages\/5789\/revisions"}],"predecessor-version":[{"id":8672,"href":"https:\/\/www.lpehochiminh.com\/en\/wp-json\/wp\/v2\/pages\/5789\/revisions\/8672"}],"up":[{"embeddable":true,"href":"https:\/\/www.lpehochiminh.com\/en\/wp-json\/wp\/v2\/pages\/5787"}],"wp:attachment":[{"href":"https:\/\/www.lpehochiminh.com\/en\/wp-json\/wp\/v2\/media?parent=5789"}],"curies":[{"name":"wp","href":"https:\/\/api.w.org\/{rel}","templated":true}]}}