{"id":6189,"date":"2022-02-11T11:03:24","date_gmt":"2022-02-11T10:03:24","guid":{"rendered":"https:\/\/lpevn.agencebisart.com\/a-propos\/mot-de-la-directrice-decole\/"},"modified":"2026-02-04T09:37:00","modified_gmt":"2026-02-04T08:37:00","slug":"thong-diep-tu-hieu-truong","status":"publish","type":"page","link":"https:\/\/www.lpehochiminh.com\/vi\/ve-chung-toi\/thong-diep-tu-hieu-truong\/","title":{"rendered":"Th\u00f4ng \u0111i\u1ec7p t\u1eeb hi\u1ec7u tr\u01b0\u1edfng"},"content":{"rendered":"<p>\t\t\t\t<!-- avec ou sans CTA : m\u00eame code, \u00e7a centre verticalement le texte --><\/p>\n<div class=\"smallheader\" id=\"bloc_small_header_7\">\n<style type=\"text\/css\">\n\t\t\t\t\t\t\t#bloc_small_header_7 {background-image: url(https:\/\/www.lpehochiminh.com\/wp-content\/uploads\/2022\/03\/SMALL_HEADER-610x268.png);}\n\t\t\t\t\t\t\t@media (min-width: 480px) {\t#bloc_small_header_7 {background-image: url(https:\/\/www.lpehochiminh.com\/wp-content\/uploads\/2022\/03\/SMALL_HEADER-610x268.png);}}\n\t\t\t\t\t\t\t@media (min-width: 768px) {\t#bloc_small_header_7 {background-image: url(https:\/\/www.lpehochiminh.com\/wp-content\/uploads\/2022\/03\/SMALL_HEADER-1024x214.png);}}\n\t\t\t\t\t\t\t@media (min-width: 992px) { #bloc_small_header_7 {background-image: url(https:\/\/www.lpehochiminh.com\/wp-content\/uploads\/2022\/03\/SMALL_HEADER-1024x214.png);}}\n\t\t\t\t\t\t\t@media (min-width: 1200px) { #bloc_small_header_7 {background-image: url(https:\/\/www.lpehochiminh.com\/wp-content\/uploads\/2022\/03\/SMALL_HEADER.png);}}\n\t\t\t\t\t\t<\/style>\n<div class=\"container d-flex flex-column justify-content-center align-items-start\">\n<h1><span>HI\u1ec6U TR\u01af\u1edeNG<\/span><\/h1>\n<\/p><\/div>\n<\/p><\/div>\n<div class=\"bloctext bloctext--nocolor bloctext--haspattern\" id=\"bloc_6_8\">\n<div class=\"container\">\n<div class=\"row\">\n<div class=\"col-12 col-lg-4 col-xl-3 mb-1\">\n<h2><span>BERTRAND MALIFARGES<\/span><\/h2>\n<\/p><\/div>\n<div class=\"col-12 col-lg-8 col-xl-9\">\n<div class=\"text pl-lg-4\">\n<div>\n<p><b>K\u00ednh g\u1eedi c\u00e1c gia \u0111\u00ecnh,<\/b><\/p>\n<p>&nbsp;<\/p>\n<\/div>\n<div>\n<p>Ch\u00fang t\u00f4i r\u1ea5t vui m\u1eebng \u0111\u01b0\u1ee3c ch\u00e0o \u0111\u00f3n Qu\u00fd v\u1ecb c\u00f9ng c\u00e1c em h\u1ecdc sinh tr\u1edf l\u1ea1i tr\u01b0\u1eddng trong n\u0103m h\u1ecdc m\u1edbi.<br \/>\nHy v\u1ecdng r\u1eb1ng Qu\u00fd ph\u1ee5 huynh \u0111\u00e3 c\u00f3 m\u1ed9t k\u1ef3 ngh\u1ec9 h\u00e8 th\u1eadt nhi\u1ec1u ni\u1ec1m vui, b\u00ecnh an v\u00e0 \u00fd ngh\u0129a b\u00ean gia \u0111\u00ecnh.<\/p>\n<p>Xin g\u1eedi l\u1eddi ch\u00e0o tr\u00e2n tr\u1ecdng v\u00e0 n\u1ed3ng nhi\u1ec7t nh\u1ea5t t\u1edbi c\u00e1c gia \u0111\u00ecnh m\u1edbi gia nh\u1eadp c\u1ed9ng \u0111\u1ed3ng La Petite Ecole. Ch\u00fang t\u00f4i c\u1ea3m \u01a1n Qu\u00fd v\u1ecb \u0111\u00e3 tin t\u01b0\u1edfng, l\u1ef1a ch\u1ecdn nh\u00e0 tr\u01b0\u1eddng \u0111\u1ec3 \u0111\u1ed3ng h\u00e0nh c\u00f9ng con tr\u00ean h\u00e0nh tr\u00ecnh h\u1ecdc t\u1eadp v\u00e0 tr\u01b0\u1edfng th\u00e0nh trong m\u00f4i tr\u01b0\u1eddng song ng\u1eef c\u1ee7a ch\u00fang t\u00f4i.<\/p>\n<p>Trong n\u0103m h\u1ecdc n\u00e0y, v\u1edbi t\u1ea5t c\u1ea3 t\u00e2m huy\u1ebft, ch\u00fang t\u00f4i s\u1ebd ti\u1ebfp t\u1ee5c kh\u01a1i d\u1eady tr\u00ed t\u00f2 m\u00f2 t\u1ef1 nhi\u00ean c\u1ee7a m\u1ed7i em, nu\u00f4i d\u01b0\u1ee1ng ni\u1ec1m vui h\u1ecdc t\u1eadp v\u00e0 \u0111\u1ed3ng h\u00e0nh c\u00f9ng c\u00e1c em trong qu\u00e1 tr\u00ecnh ph\u00e1t tri\u1ec3n to\u00e0n di\u1ec7n, trong m\u1ed9t m\u00f4i tr\u01b0\u1eddng \u0111\u1ea7y y\u00eau th\u01b0\u01a1ng v\u00e0 tr\u00e0n ng\u1eadp s\u1ef1 kh\u00edch l\u1ec7.<\/p>\n<p>S\u1ee9 m\u1ec7nh c\u1ee7a ch\u00fang t\u00f4i v\u1eabn lu\u00f4n r\u00f5 r\u00e0ng: gi\u00fap h\u1ecdc sinh tr\u01b0\u1edfng th\u00e0nh m\u1ed9t c\u00e1ch v\u1eefng v\u00e0ng, h\u1ea1nh ph\u00fac v\u00e0 t\u1ef1 tin theo nh\u1ecbp \u0111\u1ed9 ri\u00eang c\u1ee7a m\u00ecnh, trong m\u1ed9t kh\u00f4ng gian an to\u00e0n v\u00e0 gi\u00e0u c\u1ea3m h\u1ee9ng.<\/p>\n<p>Ch\u00fang t\u00f4i tin t\u01b0\u1edfng s\u00e2u s\u1eafc r\u1eb1ng gi\u00e1o d\u1ee5c l\u00e0 m\u1ed9t h\u00e0nh tr\u00ecnh chung, \u0111\u00f2i h\u1ecfi th\u1eddi gian, s\u1ef1 ki\u00ean nh\u1eabn v\u00e0 m\u1ed1i quan h\u1ec7 h\u1ee3p t\u00e1c ch\u1eb7t ch\u1ebd, tin c\u1eady gi\u1eefa gia \u0111\u00ecnh v\u00e0 nh\u00e0 tr\u01b0\u1eddng.<\/p>\n<p>V\u1edbi tinh th\u1ea7n \u1ea5y, thay m\u1eb7t to\u00e0n th\u1ec3 \u0111\u1ed9i ng\u0169 La Petite Ecole, t\u00f4i xin g\u1eedi t\u1edbi Qu\u00fd ph\u1ee5 huynh l\u1eddi ch\u00fac m\u1ed9t n\u0103m h\u1ecdc th\u1eadt nhi\u1ec1u th\u00e0nh c\u00f4ng, ni\u1ec1m vui v\u00e0 \u00fd ngh\u0129a.<\/p>\n<\/div>\n<p><strong><b>Bertrand Malifarges<\/b> &#8211; Hi\u1ec7u tr\u01b0\u1edfng tr\u01b0\u1eddng La Petit \u00c9cole H\u1ed3 Ch\u00ed Minh<\/strong><\/p>\n<\/p><\/div>\n<\/p><\/div>\n<\/p><\/div>\n<\/p><\/div>\n<\/div>\n<div class=\"citation citation--color1\" id=\"bloc_12_9\">\n<div class=\"container\">\n<div class=\"row justify-content-center\">\n<div class=\"col-12 col-lg-10\">\n<blockquote><p>T\u00f4i th\u1ef1c s\u1ef1 r\u1ea5t h\u1ea1nh ph\u00fac khi \u0111\u01b0\u1ee3c ph\u1ee5 tr\u00e1ch m\u1ed9t tr\u01b0\u1eddng h\u1ecdc nh\u01b0 th\u1ebf n\u00e0y v\u00e0 h\u1ed7 tr\u1ee3 m\u1ed7i \u0111\u1ee9a tr\u1ebb trong qu\u00e1 tr\u00ecnh h\u1ecdc t\u1eadp v\u00e0 ph\u00e1t tri\u1ec3n c\u00e1 nh\u00e2n c\u1ee7a ch\u00fang.<\/p><\/blockquote>\n<p>\t\t\t\t<cite class=\"author\"><br \/>\n\t\t\t\t\t<img loading=\"lazy\" decoding=\"async\" src=\"https:\/\/www.lpehochiminh.com\/wp-content\/uploads\/2022\/03\/Bertrand-Malifarges_Website02-284x284.jpg\" width=\"58\" height=\"58\" alt=\"\"><\/p>\n<div>\n\t\t\t\t\t\t<strong>Bertrand Malifarges<\/strong><br \/>\n\t\t\t\t\t\t<span>Hi\u1ec7u tr\u01b0\u1edfng tr\u01b0\u1eddng La Petit \u00c9cole H\u1ed3 Ch\u00ed Minh<\/span>\n\t\t\t\t\t<\/div>\n<p>\t\t\t\t<\/cite>\n\t\t\t<\/div>\n<\/p><\/div>\n<\/p><\/div>\n<\/div>\n<div class=\"bloctext bloctext--nocolor bloctext--haspattern\" id=\"bloc_6_10\">\n<div class=\"container\">\n<div class=\"row\">\n<div class=\"col-12 col-lg-4 col-xl-3 mb-1\">\n<h2><span>T\u00c2M NGUY\u1ec4N<\/span><\/h2>\n<\/p><\/div>\n<div class=\"col-12 col-lg-8 col-xl-9\">\n<div class=\"text pl-lg-4\">\n<p>Tr\u1ea3i nghi\u1ec7m c\u1ee7a t\u00f4i ch\u1ec9 \u0111\u01b0\u1ee3c d\u1ef1 \u0111\u1ecbnh di\u1ec5n ra trong m\u1ed9t th\u1eddi gian ng\u1eafn, nh\u01b0ng cu\u1ed1i c\u00f9ng \u0111\u00e3 k\u00e9o d\u00e0i h\u01a1n m\u1ed9t th\u1eadp k\u1ef7 k\u1ec3 t\u1eeb khi t\u00f4i r\u1eddi Ph\u00e1p v\u00e0 t\u00f4i \u0111\u00e3 \u1ed5n \u0111\u1ecbnh c\u1ea3 v\u1ec1 ngh\u1ec1 nghi\u1ec7p c\u0169ng nh\u01b0 cu\u1ed9c s\u1ed1ng c\u00e1 nh\u00e2n t\u1ea1i qu\u00ea h\u01b0\u01a1ng c\u1ee7a m\u00ecnh, \u0111\u00e2y c\u0169ng ch\u00ednh l\u00e0 n\u01a1i m\u00e0 c\u00e1c con t\u00f4i \u0111\u01b0\u1ee3c sinh ra.<\/p>\n<p>L\u00e0 m\u1ed9t nh\u00e0 gi\u00e1o d\u1ee5c chuy\u00ean m\u00f4n \u0111\u01b0\u1ee3c \u0111\u00e0o t\u1ea1o, t\u00f4i \u0111\u00e3 l\u00e0m vi\u1ec7c t\u1ea1i nhi\u1ec1u c\u01a1 s\u1edf gi\u00e1o d\u1ee5c \u1edf Ph\u00e1p (bao g\u1ed3m c\u1ea3 c\u00e1c trung t\u00e2m d\u00e0nh cho tr\u1ebb em c\u00f3 ho\u00e0n c\u1ea3nh kh\u00f3 kh\u0103n ho\u1eb7c tr\u1ebb xu\u1ea5t th\u00e2n t\u1eeb nh\u1eefng v\u00f9ng kh\u00f3 kh\u0103n). T\u00f4i \u0111\u00e3 ph\u1ee5 tr\u00e1ch c\u00e1c nh\u00f3m tr\u1ebb em \u1edf nh\u00e0 tr\u1ebb t\u1ea1i HCM tr\u01b0\u1edbc khi tr\u1edf th\u00e0nh hi\u1ec7u tr\u01b0\u1edfng c\u1ee7a nh\u00e0 tr\u1ebb \u0111\u00f3, r\u1ed3i sau \u0111\u00f3 t\u00f4i \u0111\u1ea3m nh\u1eadn ch\u1ee9c v\u1ee5 gi\u00e1m \u0111\u1ed1c h\u00e0nh ch\u00ednh.<\/p>\n<p>Vai tr\u00f2 c\u1ee7a t\u00f4i tr\u00ean h\u1ebft l\u00e0 t\u1eadp trung v\u00e0o con ng\u01b0\u1eddi, do \u0111\u00f3 c\u1ea7n ph\u1ea3i \u0111\u1eb7t s\u1ef1 \u0111\u1ed3ng c\u1ea3m, nhi\u1ec7t t\u00ecnh v\u00e0 l\u00f2ng khoan dung l\u00e0m tr\u1ecdng t\u00e2m trong c\u00e1c m\u1ed1i quan h\u1ec7 v\u1edbi gia \u0111\u00ecnh v\u00e0 tr\u1ebb em. T\u00f4i r\u1ea5t vui khi \u0111\u01b0\u1ee3c \u0111\u1ea3m nh\u1eadn vai tr\u00f2 Gi\u00e1m \u0111\u1ed1c \u0110i\u1ec1u h\u00e0nh ki\u00eam Gi\u00e1m \u0111\u1ed1c H\u00e0nh ch\u00ednh v\u00e0 K\u1ebf to\u00e1n trong n\u0103m nay.<\/p>\n<\/p><\/div>\n<\/p><\/div>\n<\/p><\/div>\n<\/p><\/div>\n<\/div>\n<div class=\"mediumheader mediumheader--nocolor\" id=\"bloc_medium_header11\">\n<div class=\"container\">\n<div class=\"d-flex align-items-center\">\n\t\t\t<img loading=\"lazy\" decoding=\"async\" class=\"img-fluid\" src=\"https:\/\/www.lpehochiminh.com\/wp-content\/uploads\/2024\/01\/Brochure-creche-420x420.png\" width=\"420\" height=\"420\" alt=\"T\u00e2m Nguy\u1ec5n \"><\/p>\n<div>\n\t\t\t\t<strong>T\u00e2m Nguy\u1ec5n <\/strong><br \/>\n\t\t\t\t<span>Gi\u00e1m \u0111\u1ed1c \u0111i\u1ec1u h\u00e0nh La Petit \u00c9cole H\u1ed3 Ch\u00ed Minh<\/span>\n\t\t\t<\/div>\n<\/p><\/div>\n<\/p><\/div>\n<\/div>\n<div class=\"blocinfo blocinfo--color4\" id=\"bloc_10_12\">\n<div class=\"container\">\n<div class=\"row\">\n<div class=\"col-12 col-md-6\">\n<h2><span>\u0110\u1ec3 bi\u1ebft th\u00eam th\u00f4ng tin<\/span><\/h2>\n<p>\u0110\u1ed9i ng\u0169 v\u0103n ph\u00f2ng tuy\u1ec3n sinh s\u1eb5n s\u00e0ng gi\u1ea3i \u0111\u00e1p m\u1ecdi th\u1eafc m\u1eafc c\u1ee7a b\u1ea1n.<\/p>\n<p>\t\t\t\t<!-- Changer la classe de couleur du bouton en fonction de la couleur g\u00e9n\u00e9rale du bloc --><\/p>\n<div class=\"bloc_cta\" >\n\t<a href=\"https:\/\/www.lpehochiminh.com\/vi\/lien-he-voi-chung-toi\/\" title=\"Li\u00ean h\u1ec7 v\u1edbi ch\u00fang t\u00f4i\" target=\"\" class=\"mr-3 btn btn--color4\">Li\u00ean h\u1ec7 v\u1edbi ch\u00fang t\u00f4i<\/a> \t\t\t\t<\/div>\n<\/p><\/div>\n<\/p><\/div>\n<\/p><\/div>\n<\/div>\n","protected":false},"excerpt":{"rendered":"<p>HI\u1ec6U TR\u01af\u1edeNG BERTRAND MALIFARGES K\u00ednh g\u1eedi c\u00e1c gia \u0111\u00ecnh, &nbsp; Ch\u00fang t\u00f4i r\u1ea5t vui m\u1eebng \u0111\u01b0\u1ee3c ch\u00e0o \u0111\u00f3n Qu\u00fd v\u1ecb [&hellip;]<\/p>\n","protected":false},"author":4,"featured_media":0,"parent":6188,"menu_order":20,"comment_status":"closed","ping_status":"closed","template":"","meta":{"_acf_changed":false,"kdcopypost-origin-url":"","kdcopypost-origin-id":"","footnotes":""},"class_list":["post-6189","page","type-page","status-publish","hentry"],"acf":[],"yoast_head":"<!-- This site is optimized with the Yoast SEO plugin v26.8 - https:\/\/yoast.com\/product\/yoast-seo-wordpress\/ -->\n<title>V\u1ec1 Hi\u1ec7u tr\u01b0\u1edfng c\u1ee7a ch\u00fang t\u00f4i | La Petite \u00c9cole H\u1ed3 Ch\u00ed Minh<\/title>\n<meta name=\"description\" content=\"\u0110\u00f4i n\u00e9t v\u1ec1 Hi\u1ec7u tr\u01b0\u1edfng c\u1ee7a ch\u00fang t\u00f4i, Bertrand Malifarges v\u00e0 T\u00e2m Nguyen - nh\u1eefng con ng\u01b0\u1eddi nhi\u1ec7t huy\u1ebft, c\u1ed1ng hi\u1ebfn h\u1ebft m\u00ecnh v\u1edbi s\u1ee9 m\u1ec7nh \u01b0\u01a1m m\u1ea7m th\u1ebf h\u1ec7 tr\u1ebb t\u01b0\u01a1ng lai\" \/>\n<meta name=\"robots\" content=\"index, follow, max-snippet:-1, max-image-preview:large, max-video-preview:-1\" \/>\n<link rel=\"canonical\" href=\"https:\/\/www.lpehochiminh.com\/vi\/ve-chung-toi\/thong-diep-tu-hieu-truong\/\" \/>\n<meta property=\"og:locale\" content=\"vi_VN\" \/>\n<meta property=\"og:type\" content=\"article\" \/>\n<meta property=\"og:title\" content=\"V\u1ec1 Hi\u1ec7u tr\u01b0\u1edfng c\u1ee7a ch\u00fang t\u00f4i | La Petite \u00c9cole H\u1ed3 Ch\u00ed Minh\" \/>\n<meta property=\"og:description\" content=\"\u0110\u00f4i n\u00e9t v\u1ec1 Hi\u1ec7u tr\u01b0\u1edfng c\u1ee7a ch\u00fang t\u00f4i, Bertrand Malifarges v\u00e0 T\u00e2m Nguyen - nh\u1eefng con ng\u01b0\u1eddi nhi\u1ec7t huy\u1ebft, c\u1ed1ng hi\u1ebfn h\u1ebft m\u00ecnh v\u1edbi s\u1ee9 m\u1ec7nh \u01b0\u01a1m m\u1ea7m th\u1ebf h\u1ec7 tr\u1ebb t\u01b0\u01a1ng lai\" \/>\n<meta property=\"og:url\" content=\"https:\/\/www.lpehochiminh.com\/vi\/ve-chung-toi\/thong-diep-tu-hieu-truong\/\" \/>\n<meta property=\"og:site_name\" content=\"LPE Ho Chi Minh\" \/>\n<meta property=\"article:modified_time\" content=\"2026-02-04T08:37:00+00:00\" \/>\n<meta property=\"og:image\" content=\"https:\/\/www.lpehochiminh.com\/wp-content\/uploads\/2022\/03\/Bertrand-Malifarges_Website02-284x284.jpg\" \/>\n<meta name=\"twitter:card\" content=\"summary_large_image\" \/>\n<meta name=\"twitter:label1\" content=\"Est. reading time\" \/>\n\t<meta name=\"twitter:data1\" content=\"7 minutes\" \/>\n<!-- \/ Yoast SEO plugin. -->","yoast_head_json":{"title":"V\u1ec1 Hi\u1ec7u tr\u01b0\u1edfng c\u1ee7a ch\u00fang t\u00f4i | La Petite \u00c9cole H\u1ed3 Ch\u00ed Minh","description":"\u0110\u00f4i n\u00e9t v\u1ec1 Hi\u1ec7u tr\u01b0\u1edfng c\u1ee7a ch\u00fang t\u00f4i, Bertrand Malifarges v\u00e0 T\u00e2m Nguyen - nh\u1eefng con ng\u01b0\u1eddi nhi\u1ec7t huy\u1ebft, c\u1ed1ng hi\u1ebfn h\u1ebft m\u00ecnh v\u1edbi s\u1ee9 m\u1ec7nh \u01b0\u01a1m m\u1ea7m th\u1ebf h\u1ec7 tr\u1ebb t\u01b0\u01a1ng lai","robots":{"index":"index","follow":"follow","max-snippet":"max-snippet:-1","max-image-preview":"max-image-preview:large","max-video-preview":"max-video-preview:-1"},"canonical":"https:\/\/www.lpehochiminh.com\/vi\/ve-chung-toi\/thong-diep-tu-hieu-truong\/","og_locale":"vi_VN","og_type":"article","og_title":"V\u1ec1 Hi\u1ec7u tr\u01b0\u1edfng c\u1ee7a ch\u00fang t\u00f4i | La Petite \u00c9cole H\u1ed3 Ch\u00ed Minh","og_description":"\u0110\u00f4i n\u00e9t v\u1ec1 Hi\u1ec7u tr\u01b0\u1edfng c\u1ee7a ch\u00fang t\u00f4i, Bertrand Malifarges v\u00e0 T\u00e2m Nguyen - nh\u1eefng con ng\u01b0\u1eddi nhi\u1ec7t huy\u1ebft, c\u1ed1ng hi\u1ebfn h\u1ebft m\u00ecnh v\u1edbi s\u1ee9 m\u1ec7nh \u01b0\u01a1m m\u1ea7m th\u1ebf h\u1ec7 tr\u1ebb t\u01b0\u01a1ng lai","og_url":"https:\/\/www.lpehochiminh.com\/vi\/ve-chung-toi\/thong-diep-tu-hieu-truong\/","og_site_name":"LPE Ho Chi Minh","article_modified_time":"2026-02-04T08:37:00+00:00","og_image":[{"url":"https:\/\/www.lpehochiminh.com\/wp-content\/uploads\/2022\/03\/Bertrand-Malifarges_Website02-284x284.jpg","type":"","width":"","height":""}],"twitter_card":"summary_large_image","twitter_misc":{"Est. reading time":"7 minutes"},"schema":{"@context":"https:\/\/schema.org","@graph":[{"@type":"WebPage","@id":"https:\/\/www.lpehochiminh.com\/vi\/ve-chung-toi\/thong-diep-tu-hieu-truong\/","url":"https:\/\/www.lpehochiminh.com\/vi\/ve-chung-toi\/thong-diep-tu-hieu-truong\/","name":"V\u1ec1 Hi\u1ec7u tr\u01b0\u1edfng c\u1ee7a ch\u00fang t\u00f4i | La Petite \u00c9cole H\u1ed3 Ch\u00ed Minh","isPartOf":{"@id":"https:\/\/www.lpehochiminh.com\/vi\/#website"},"primaryImageOfPage":{"@id":"https:\/\/www.lpehochiminh.com\/vi\/ve-chung-toi\/thong-diep-tu-hieu-truong\/#primaryimage"},"image":{"@id":"https:\/\/www.lpehochiminh.com\/vi\/ve-chung-toi\/thong-diep-tu-hieu-truong\/#primaryimage"},"thumbnailUrl":"https:\/\/www.lpehochiminh.com\/wp-content\/uploads\/2022\/03\/Bertrand-Malifarges_Website02-284x284.jpg","datePublished":"2022-02-11T10:03:24+00:00","dateModified":"2026-02-04T08:37:00+00:00","description":"\u0110\u00f4i n\u00e9t v\u1ec1 Hi\u1ec7u tr\u01b0\u1edfng c\u1ee7a ch\u00fang t\u00f4i, Bertrand Malifarges v\u00e0 T\u00e2m Nguyen - nh\u1eefng con ng\u01b0\u1eddi nhi\u1ec7t huy\u1ebft, c\u1ed1ng hi\u1ebfn h\u1ebft m\u00ecnh v\u1edbi s\u1ee9 m\u1ec7nh \u01b0\u01a1m m\u1ea7m th\u1ebf h\u1ec7 tr\u1ebb t\u01b0\u01a1ng lai","breadcrumb":{"@id":"https:\/\/www.lpehochiminh.com\/vi\/ve-chung-toi\/thong-diep-tu-hieu-truong\/#breadcrumb"},"inLanguage":"vi-VN","potentialAction":[{"@type":"ReadAction","target":["https:\/\/www.lpehochiminh.com\/vi\/ve-chung-toi\/thong-diep-tu-hieu-truong\/"]}]},{"@type":"ImageObject","inLanguage":"vi-VN","@id":"https:\/\/www.lpehochiminh.com\/vi\/ve-chung-toi\/thong-diep-tu-hieu-truong\/#primaryimage","url":"https:\/\/www.lpehochiminh.com\/wp-content\/uploads\/2022\/03\/Bertrand-Malifarges_Website02-284x284.jpg","contentUrl":"https:\/\/www.lpehochiminh.com\/wp-content\/uploads\/2022\/03\/Bertrand-Malifarges_Website02-284x284.jpg"},{"@type":"BreadcrumbList","@id":"https:\/\/www.lpehochiminh.com\/vi\/ve-chung-toi\/thong-diep-tu-hieu-truong\/#breadcrumb","itemListElement":[{"@type":"ListItem","position":1,"name":"Accueil","item":"https:\/\/www.lpehochiminh.com\/vi\/"},{"@type":"ListItem","position":2,"name":"V\u1ec1 ch\u00fang t\u00f4i","item":"https:\/\/www.lpehochiminh.com\/vi\/ve-chung-toi\/"},{"@type":"ListItem","position":3,"name":"Th\u00f4ng \u0111i\u1ec7p t\u1eeb hi\u1ec7u tr\u01b0\u1edfng"}]},{"@type":"WebSite","@id":"https:\/\/www.lpehochiminh.com\/vi\/#website","url":"https:\/\/www.lpehochiminh.com\/vi\/","name":"LPE Ho Chi Minh - \u00e9cole internationale plurilingue de la cr\u00e8che au CM2","description":"LPE Ho Chi Minh","publisher":{"@id":"https:\/\/www.lpehochiminh.com\/vi\/#organization"},"alternateName":"LPE Ho Chi Minh","potentialAction":[{"@type":"SearchAction","target":{"@type":"EntryPoint","urlTemplate":"https:\/\/www.lpehochiminh.com\/vi\/?s={search_term_string}"},"query-input":{"@type":"PropertyValueSpecification","valueRequired":true,"valueName":"search_term_string"}}],"inLanguage":"vi-VN"},{"@type":"Organization","@id":"https:\/\/www.lpehochiminh.com\/vi\/#organization","name":"LPE Ho Chi Minh","url":"https:\/\/www.lpehochiminh.com\/vi\/","logo":{"@type":"ImageObject","inLanguage":"vi-VN","@id":"https:\/\/www.lpehochiminh.com\/vi\/#\/schema\/logo\/image\/","url":"https:\/\/www.lpehochiminh.com\/wp-content\/uploads\/2023\/05\/logo-rond-blanc.png","contentUrl":"https:\/\/www.lpehochiminh.com\/wp-content\/uploads\/2023\/05\/logo-rond-blanc.png","width":1993,"height":1990,"caption":"LPE Ho Chi Minh"},"image":{"@id":"https:\/\/www.lpehochiminh.com\/vi\/#\/schema\/logo\/image\/"}}]}},"_links":{"self":[{"href":"https:\/\/www.lpehochiminh.com\/vi\/wp-json\/wp\/v2\/pages\/6189","targetHints":{"allow":["GET"]}}],"collection":[{"href":"https:\/\/www.lpehochiminh.com\/vi\/wp-json\/wp\/v2\/pages"}],"about":[{"href":"https:\/\/www.lpehochiminh.com\/vi\/wp-json\/wp\/v2\/types\/page"}],"author":[{"embeddable":true,"href":"https:\/\/www.lpehochiminh.com\/vi\/wp-json\/wp\/v2\/users\/4"}],"replies":[{"embeddable":true,"href":"https:\/\/www.lpehochiminh.com\/vi\/wp-json\/wp\/v2\/comments?post=6189"}],"version-history":[{"count":29,"href":"https:\/\/www.lpehochiminh.com\/vi\/wp-json\/wp\/v2\/pages\/6189\/revisions"}],"predecessor-version":[{"id":19409,"href":"https:\/\/www.lpehochiminh.com\/vi\/wp-json\/wp\/v2\/pages\/6189\/revisions\/19409"}],"up":[{"embeddable":true,"href":"https:\/\/www.lpehochiminh.com\/vi\/wp-json\/wp\/v2\/pages\/6188"}],"wp:attachment":[{"href":"https:\/\/www.lpehochiminh.com\/vi\/wp-json\/wp\/v2\/media?parent=6189"}],"curies":[{"name":"wp","href":"https:\/\/api.w.org\/{rel}","templated":true}]}}