{"id":6191,"date":"2022-02-11T11:03:41","date_gmt":"2022-02-11T10:03:41","guid":{"rendered":"https:\/\/lpevn.agencebisart.com\/a-propos\/notre-histoire\/"},"modified":"2024-01-19T09:57:56","modified_gmt":"2024-01-19T08:57:56","slug":"lich-su-cua-chung-toi","status":"publish","type":"page","link":"https:\/\/www.lpehochiminh.com\/vi\/ve-chung-toi\/lich-su-cua-chung-toi\/","title":{"rendered":"L\u1ecbch s\u1eed c\u1ee7a ch\u00fang t\u00f4i"},"content":{"rendered":"<p>\t\t\t\t<!-- avec ou sans CTA : m\u00eame code, \u00e7a centre verticalement le texte --><\/p>\n<div class=\"smallheader\" id=\"bloc_small_header_9\">\n<style type=\"text\/css\">\n\t\t\t\t\t\t\t#bloc_small_header_9 {background-image: url(https:\/\/www.lpehochiminh.com\/wp-content\/uploads\/2022\/03\/SMALL_HEADER-610x268.png);}\n\t\t\t\t\t\t\t@media (min-width: 480px) {\t#bloc_small_header_9 {background-image: url(https:\/\/www.lpehochiminh.com\/wp-content\/uploads\/2022\/03\/SMALL_HEADER-610x268.png);}}\n\t\t\t\t\t\t\t@media (min-width: 768px) {\t#bloc_small_header_9 {background-image: url(https:\/\/www.lpehochiminh.com\/wp-content\/uploads\/2022\/03\/SMALL_HEADER-1024x214.png);}}\n\t\t\t\t\t\t\t@media (min-width: 992px) { #bloc_small_header_9 {background-image: url(https:\/\/www.lpehochiminh.com\/wp-content\/uploads\/2022\/03\/SMALL_HEADER-1024x214.png);}}\n\t\t\t\t\t\t\t@media (min-width: 1200px) { #bloc_small_header_9 {background-image: url(https:\/\/www.lpehochiminh.com\/wp-content\/uploads\/2022\/03\/SMALL_HEADER.png);}}\n\t\t\t\t\t\t<\/style>\n<div class=\"container d-flex flex-column justify-content-center align-items-start\">\n<h2><span>L\u1ecaCH S\u1eec C\u1ee6A CH\u00daNG T\u00d4I<\/span><\/h2>\n<\/p><\/div>\n<\/p><\/div>\n<div class=\"bloc_ctas bloc_cta container pt-2 pb-2 text-right\" id=\"bloc_ctas_10\">\n<div class=\"btns\">\t<a href=\"https:\/\/lpehcm.eduka.school\/register\/create\" title=\"\u0110\u0103ng k\u00fd\" target=\"\" class=\" ml-1   mr-1  btn btn--color4\" rel=\"noopener\">\u0110\u0103ng k\u00fd<\/a> <\/div>\n<\/p><\/div>\n<div class=\"bloctext bloctext--nocolor bloctext--haspattern\" id=\"bloc_6_11\">\n<div class=\"container\">\n<div class=\"row\">\n<div class=\"col-12 col-lg-4 col-xl-3 mb-1\">\n<h2><span>La Petite Ecole H\u1ed3 Ch\u00ed Minh<\/span><\/h2>\n<\/p><\/div>\n<div class=\"col-12 col-lg-8 col-xl-9\">\n<div class=\"text pl-lg-4\">\n<p>La Petite \u00c9cole, \u0111\u01b0\u1ee3c th\u00e0nh l\u1eadp v\u00e0o n\u0103m 2012 t\u1ea1i Singapore, chuy\u1ec3n c\u01a1 s\u1edf \u0111\u1ebfn Th\u00e0nh ph\u1ed1 H\u1ed3 Ch\u00ed Minh v\u00e0o th\u00e1ng 9 n\u0103m 2017, n\u1eb1m trong m\u1ed9t khu ph\u1ed1 y\u00ean b\u00ecnh v\u00e0 g\u1ea7n g\u0169i v\u1edbi c\u00e1c gia \u0111\u00ecnh, t\u1ea1i Th\u1ea3o \u0110i\u1ec1n.<\/p>\n<p>N\u0103m 2023, tr\u01b0\u1eddng La Petite Ecole H\u1ed3 Ch\u00ed Minh \u0111\u00e3 \u0111\u01b0\u1ee3c B\u1ed9 Gi\u00e1o d\u1ee5c qu\u1ed1c gia Ph\u00e1p ph\u00ea duy\u1ec7t cho \u0111\u00e0o t\u1ea1o c\u00e1c chu k\u1ef3 1, 2 v\u00e0 3. N\u0103m 2020, nh\u00e0 tr\u01b0\u1eddng \u0111\u00e3 tr\u1edf th\u00e0nh \u0111\u1ed1i t\u00e1c c\u1ee7a AEFE (C\u01a1 quan Gi\u00e1o d\u1ee5c Ph\u00e1p \u1edf n\u01b0\u1edbc ngo\u00e0i), gi\u1ed1ng nh\u01b0 c\u01a1 s\u1edf l\u1edbn c\u1ee7a tr\u01b0\u1eddng t\u1ea1i Singapore, \u0111\u1ebfn nay \u0111\u00e3 ho\u1ea1t \u0111\u1ed9ng \u0111\u01b0\u1ee3c 9 n\u0103m.<\/p>\n<p>Ch\u01b0\u01a1ng tr\u00ecnh h\u1ecdc c\u1ee7a Ph\u00e1p do hai gi\u00e1o vi\u00ean b\u1ea3n ng\u1eef gi\u1ea3ng d\u1ea1y trong m\u1ed7i l\u1edbp h\u1ecdc b\u1eb1ng ti\u1ebfng Ph\u00e1p v\u00e0 ti\u1ebfng Anh.<\/p>\n<p>T\u1ea1i TPHCM, La Petite \u00c9cole nh\u1eadn tr\u1ebb t\u1eeb 12 th\u00e1ng tu\u1ed5i v\u00e0o nh\u00e0 tr\u1ebb, t\u1eeb 3 \u0111\u1ebfn 6 tu\u1ed5i h\u1ecdc m\u1eabu gi\u00e1o v\u00e0 t\u1eeb 6 \u0111\u1ebfn 11 tu\u1ed5i cho \u0111\u1ebfn CM2. Ch\u00fang t\u00f4i cung c\u1ea5p ch\u01b0\u01a1ng tr\u00ecnh h\u1ecdc song ng\u1eef th\u1ef1c t\u1ebf &#8211; \u0111\u00f3 l\u00e0 m\u1ed9t \u0111i\u1ec1u \u0111\u1eb7c bi\u1ec7t \u1edf H\u1ed3 Ch\u00ed Minh!<\/p>\n<p>Nh\u00e0 tr\u01b0\u1eddng ch\u00e0o \u0111\u00f3n c\u00e1c gia \u0111\u00ecnh thu\u1ed9c m\u1ecdi t\u1ea7ng l\u1edbp trong x\u00e3 h\u1ed9i. Nh\u00e0 tr\u01b0\u1eddng r\u1ea5t c\u1edfi m\u1edf \u0111\u1ed1i v\u1edbi qu\u1ed1c gia, ng\u00f4n ng\u1eef v\u00e0 v\u0103n h\u00f3a c\u1ee7a tr\u1ebb.<\/p>\n<p>T\u1ea1i La Petite Ecole, tr\u1ebb em l\u00e0 trung t\u00e2m c\u1ee7a vi\u1ec7c gi\u00e1o d\u1ee5c, tr\u1ebb \u0111\u01b0\u1ee3c ch\u01a1i \u0111\u00f9a, x\u00e2y d\u1ef1ng, h\u1ecdc t\u1eadp v\u00e0 ph\u00e1t tri\u1ec3n kh\u1ea3 n\u0103ng t\u1ef1 nh\u1eadn th\u1ee9c. M\u1ed9t h\u1ec7 th\u1ed1ng gi\u00e1o d\u1ee5c s\u00e1ng t\u1ea1o v\u00e0 \u0111\u1ed9c \u0111\u00e1o khuy\u1ebfn kh\u00edch t\u00ednh t\u1ef1 ch\u1ee7, t\u00f2 m\u00f2 v\u00e0 t\u1ea1o \u0111\u1ed9ng l\u1ef1c cho b\u00e9, \u0111\u1ed3ng th\u1eddi t\u00edch h\u1ee3p \u1ee9ng d\u1ee5ng c\u00e1c c\u00f4ng ngh\u1ec7 m\u1edbi. Nh\u1eefng tr\u1ebb em n\u00f3i \u0111\u01b0\u1ee3c \u00edt ti\u1ebfng Ph\u00e1p s\u1ebd \u0111\u01b0\u1ee3c h\u1ed7 tr\u1ee3 c\u00e1 nh\u00e2n, nh\u1eb1m gi\u00fap ch\u00fang \u0111\u1ea1t \u0111\u01b0\u1ee3c tr\u00ecnh \u0111\u1ed9 ng\u00f4n ng\u1eef t\u1ed1t trong th\u1eddi gian ng\u1eafn nh\u1ea5t.<\/p>\n<p>K\u1ec3 t\u1eeb \u0111\u1ea7u n\u0103m 2021, c\u00e1c c\u01a1 s\u1edf c\u1ee7a La Petite Ecole t\u1ea1i Ch\u00e2u \u00c1 \u0111\u00e3 tr\u1edf th\u00e0nh th\u00e0nh vi\u00ean c\u1ee7a m\u1ea1ng l\u01b0\u1edbi tr\u01b0\u1eddng qu\u1ed1c t\u1ebf Odyssey.<\/p>\n<p>\u0110\u1eb7t tr\u1ee5 s\u1edf t\u1ea1i Paris, Odyssey l\u00e0 m\u1ed9t m\u1ea1ng l\u01b0\u1edbi tr\u01b0\u1eddng h\u1ecdc qu\u1ed1c t\u1ebf \u0111ang ph\u00e1t tri\u1ec3n (hi\u1ec7n c\u00f3 14 tr\u01b0\u1eddng), t\u1eadp h\u1ee3p c\u00e1c tr\u01b0\u1eddng h\u1ecdc c\u1ee7a Ph\u00e1p t\u1eeb kh\u1eafp n\u01a1i tr\u00ean th\u1ebf gi\u1edbi, t\u1eeb m\u1eabu gi\u00e1o \u0111\u1ebfn ph\u1ed5 th\u00f4ng trung h\u1ecdc.<\/p>\n<p>\u0110\u01b0\u1ee3c h\u1ed7 tr\u1ee3 b\u1edfi c\u00e1c t\u1ed5 ch\u1ee9c c\u1ee7a Ph\u00e1p, m\u1ea1ng l\u01b0\u1edbi Odyssey \u0111\u01b0\u1ee3c th\u00e0nh l\u1eadp b\u1edfi nh\u1eefng nh\u00e2n v\u1eadt n\u1ed5i ti\u1ebfng trong l\u0129nh v\u1ef1c gi\u00e1o d\u1ee5c t\u1ea1i Ph\u00e1p v\u00e0 cam k\u1ebft th\u00fac \u0111\u1ea9y vi\u1ec7c gi\u00e1o d\u1ee5c ti\u1ebfng Ph\u00e1p t\u1ea1i n\u01b0\u1edbc ngo\u00e0i. \u0110\u1ee9ng \u0111\u1ea7u l\u00e0 Luc Chatel, c\u1ef1u B\u1ed9 tr\u01b0\u1edfng B\u1ed9 Gi\u00e1o d\u1ee5c Qu\u1ed1c gia Ph\u00e1p, Qu\u1ed1c v\u1ee5 khanh ph\u1ee5 tr\u00e1ch C\u00f4ng nghi\u1ec7p v\u00e0 ng\u01b0\u1eddi ph\u00e1t ng\u00f4n c\u1ee7a ch\u00ednh ph\u1ee7, b\u00ean c\u1ea1nh \u0111\u00f3, \u00f4ng c\u00f2n gi\u1eef nhi\u1ec1u vai tr\u00f2 quan tr\u1ecdng kh\u00e1c.<\/p>\n<p><strong>La Petite Ecole, m\u1ed9t ng\u00f4i tr\u01b0\u1eddng nh\u00e2n v\u0103n, bao dung v\u00e0 vui v\u1ebb!<\/strong><\/p>\n<\/p><\/div>\n<\/p><\/div>\n<\/p><\/div>\n<\/p><\/div>\n<\/div>\n<div class=\"bloctext bloctext--color4 bloctext--haspattern\" id=\"bloc_6_12\">\n<div class=\"container\">\n<div class=\"row\">\n<div class=\"col-12 col-lg-4 col-xl-3 mb-1\">\n<h2><span>T\u1ea6M NH\u00ccN C\u1ee6A LA PETITE \u00c9COLE<\/span><\/h2>\n<\/p><\/div>\n<div class=\"col-12 col-lg-8 col-xl-9\">\n<div class=\"text pl-lg-4\">\n<p>T\u1ea7m nh\u00ecn c\u1ee7a La Petite \u00c9cole l\u00e0 lu\u00f4n mong mu\u1ed1n mang \u0111\u1ebfn n\u1ec1n gi\u00e1o d\u1ee5c Ph\u00e1p t\u1ed1t nh\u1ea5t cho tr\u1ebb em tr\u00ean th\u1ebf gi\u1edbi. \u0110\u01b0\u1ee3c vinh danh :<\/p>\n<\/p><\/div>\n<\/p><\/div>\n<\/p><\/div>\n<\/p><\/div>\n<\/div>\n<div class=\"cardsnumbers cardscolors--color1\" id=\"bloc_1_13\">\n<div class=\"container\">\n<h2><span><\/span><\/h2>\n<div class=\"row justify-content-center\">\n<div class=\"col-12 col-sm-6 col-lg-3 mb-2\">\n<div class=\"cardnumber d-flex flex-column align-self-stretch\">\n<div class=\"text text_bis\" >\n\t\t\t\t\t\t\t\t<strong>01<\/strong><\/p>\n<p>T\u00ednh \u01b0u vi\u1ec7t n\u1ed5i b\u1eadt<\/p>\n<\/p><\/div>\n<div class=\"more_bis\" >\n<div class=\"more d-flex align-items-center justify-content-center\" >\n<div>\n<p><p>Ch\u01b0\u01a1ng tr\u00ecnh ch\u00ednh th\u1ee9c c\u1ee7a Ph\u00e1p, \u0111\u1ea3m b\u1ea3o n\u1ec1n gi\u00e1o d\u1ee5c ch\u1ea5t l\u01b0\u1ee3ng cao, v\u1edbi ngu\u1ed3n nh\u00e2n l\u1ef1c v\u00e0 s\u01b0 ph\u1ea1m t\u1ed1t nh\u1ea5t, cung c\u1ea5p m\u1ed9t m\u00f4i tr\u01b0\u1eddng thu\u1eadn l\u1ee3i cho tr\u1ebb \u0111\u1ec3 ch\u00fang ph\u00e1t tri\u1ec3n v\u00e0 th\u00e0nh c\u00f4ng trong c\u1ea3 ti\u1ebfng Anh v\u00e0 ti\u1ebfng Ph\u00e1p.<\/p>\n<\/p>\n<\/div><\/div>\n<\/p><\/div>\n<\/p><\/div>\n<\/p><\/div>\n<div class=\"col-12 col-sm-6 col-lg-3 mb-2\">\n<div class=\"cardnumber d-flex flex-column align-self-stretch\">\n<div class=\"text text_bis\" >\n\t\t\t\t\t\t\t\t<strong>02<\/strong><\/p>\n<p>C\u1edfi m\u1edf v\u1edbi th\u1ebf gi\u1edbi<\/p>\n<\/p><\/div>\n<div class=\"more_bis\" >\n<div class=\"more d-flex align-items-center justify-content-center\" >\n<div>\n<p><p>M\u1ed9t c\u1ed9ng \u0111\u1ed3ng c\u00e1c gia \u0111\u00ecnh qu\u1ed1c t\u1ebf, m\u1ed9t \u0111\u1ed9i ng\u0169 gi\u1ea3ng d\u1ea1y \u0111a v\u0103n h\u00f3a, c\u1edfi m\u1edf v\u1edbi qu\u1ed1c gia s\u1edf t\u1ea1i, v\u0103n h\u00f3a v\u00e0 ng\u00f4n ng\u1eef c\u1ee7a qu\u1ed1c gia \u0111\u00f3.<\/p>\n<\/p>\n<\/div><\/div>\n<\/p><\/div>\n<\/p><\/div>\n<\/p><\/div>\n<div class=\"col-12 col-sm-6 col-lg-3 mb-2\">\n<div class=\"cardnumber d-flex flex-column align-self-stretch\">\n<div class=\"text text_bis\" >\n\t\t\t\t\t\t\t\t<strong>03<\/strong><\/p>\n<p>H\u1ed7 tr\u1ee3 ph\u00e1t tri\u1ec3n cho nh\u1eefng tr\u1ebb theo \u00ab n\u1ec1n v\u0103n h\u00f3a th\u1ee9 ba\u00a0\u00bb<\/p>\n<\/p><\/div>\n<div class=\"more_bis\" >\n<div class=\"more d-flex align-items-center justify-content-center\" >\n<div>\n<p><p>D\u00e0nh cho nh\u1eefng tr\u1ebb em sinh ra v\u00e0 l\u1edbn l\u00ean \u1edf m\u1ed9t qu\u1ed1c gia kh\u00e1c v\u1edbi cha m\u1eb9 ch\u00fang.<\/p>\n<\/p>\n<\/div><\/div>\n<\/p><\/div>\n<\/p><\/div>\n<\/p><\/div>\n<div class=\"col-12 col-sm-6 col-lg-3 mb-2\">\n<div class=\"cardnumber d-flex flex-column align-self-stretch\">\n<div class=\"text text_bis\" >\n\t\t\t\t\t\t\t\t<strong>04<\/strong><\/p>\n<p>T\u00ednh s\u00e1ng t\u1ea1o<\/p>\n<\/p><\/div>\n<div class=\"more_bis\" >\n<div class=\"more d-flex align-items-center justify-content-center\" >\n<div>\n<p><p>Ch\u01a1i, kh\u00e1m ph\u00e1, t\u01b0\u1edfng t\u01b0\u1ee3ng, s\u00e1ng t\u1ea1o, ng\u1ea1c nhi\u00ean. Khuy\u1ebfn kh\u00edch kh\u1ea3 n\u0103ng s\u00e1ng t\u1ea1o t\u1ef1 nhi\u00ean c\u1ee7a tr\u1ebb.<\/p>\n<\/p>\n<\/div><\/div>\n<\/p><\/div>\n<\/p><\/div>\n<\/p><\/div>\n<\/p><\/div>\n<\/p><\/div>\n<\/div>\n<div class=\"blocsphotos blocsphotos--color3\" id=\"bloc_14_14\">\n<div class=\"container\">\n<div class=\"row\">\n<div class=\"col-6 col-md-3 mb-1 mb-md-0\">\n<div class=\"blocphoto\">\n\t\t\t\t\t<img decoding=\"async\" class=\"img-fluid img-rounded\" src=\"https:\/\/www.lpehochiminh.com\/wp-content\/uploads\/2024\/01\/MG_4067-1-270x310.jpg\" width=\"\" height=\"\" alt=\"\">\n\t\t\t\t<\/div>\n<\/p><\/div>\n<div class=\"col-6 col-md-3 mb-1 mb-md-0\">\n<div class=\"blocphoto\">\n\t\t\t\t\t<img decoding=\"async\" class=\"img-fluid img-rounded\" src=\"https:\/\/www.lpehochiminh.com\/wp-content\/uploads\/2024\/01\/MG_3369-270x310.jpg\" width=\"\" height=\"\" alt=\"\">\n\t\t\t\t<\/div>\n<\/p><\/div>\n<div class=\"col-6 col-md-3 mb-1 mb-md-0\">\n<div class=\"blocphoto\">\n\t\t\t\t\t<img decoding=\"async\" class=\"img-fluid img-rounded\" src=\"https:\/\/www.lpehochiminh.com\/wp-content\/uploads\/2024\/01\/20231115_104341-1-270x310.jpg\" width=\"\" height=\"\" alt=\"\">\n\t\t\t\t<\/div>\n<\/p><\/div>\n<div class=\"col-6 col-md-3 mb-1 mb-md-0\">\n<div class=\"blocphoto\">\n\t\t\t\t\t<img decoding=\"async\" class=\"img-fluid img-rounded\" src=\"https:\/\/www.lpehochiminh.com\/wp-content\/uploads\/2024\/01\/MG_4959-270x310.jpg\" width=\"\" height=\"\" alt=\"\">\n\t\t\t\t<\/div>\n<\/p><\/div>\n<\/p><\/div>\n<\/p><\/div>\n<\/div>\n<div class=\"blocmedia blocmedia--textleft blocmedia--color2\" id=\"bloc_2_15\">\n<div class=\"container\">\n<div class=\"row\">\n<div class=\"col-12 col-md-6\">\n<div class=\"slider\">\n<div id=\"slider-bloc_2_15\" class=\"flexslider flexslider--blocmedia loading\">\n<ul class=\"slides list-unstyled\">\n<li class=\"slider-li\">\n\t\t\t\t\t\t\t\t\t\t     \t<a data-fancybox=\"rel-slider-bloc_2_15\" data-caption=\"\" href=\"https:\/\/www.lpehochiminh.com\/wp-content\/uploads\/2024\/01\/MG_4178-722x564.jpg\"><br \/>\n\t\t\t\t\t\t\t\t\t\t\t\t\t<img decoding=\"async\" class=\"img-fluid\" src=\"https:\/\/www.lpehochiminh.com\/wp-content\/uploads\/2024\/01\/MG_4178-722x564.jpg\" width=\"\" height=\"\" alt=\"\"><br \/>\n\t\t\t\t\t\t\t\t\t\t\t\t<\/a>\n\t\t\t\t\t\t\t\t\t\t     <\/li>\n<\/ul><\/div>\n<\/p><\/div>\n<\/p><\/div>\n<div class=\"col-12 col-md-5 d-flex flex-column justify-content-center align-items-start mb-2 mb-md-0\">\n<div class=\"text\">\n<h2><span>\u0110\u1ed4I M\u1edaI V\u1ec0 GI\u00c1O D\u1ee4C V\u00c0 C\u00d4NG NGH\u1ec6<\/span><\/h2>\n<p>S\u1eed d\u1ee5ng gi\u00e1o tr\u00ecnh c\u1ee7a Ph\u00e1p, \u0111\u1ed3ng th\u1eddi v\u1eabn b\u00e1m theo ph\u01b0\u01a1ng ph\u00e1p d\u1ea1y h\u1ecdc qu\u1ed1c t\u1ebf, l\u1ea5y tr\u1ebb l\u00e0m trung t\u00e2m b\u1eb1ng c\u00e1ch thu\u1eadn theo c\u00e1c nhu c\u1ea7u c\u00e1 nh\u00e2n v\u00e0 t\u1ea1o cho tr\u1ebb kh\u1ea3 n\u0103ng t\u1ef1 ph\u00e1t tri\u1ec3n, s\u1eed d\u1ee5ng c\u00e1c c\u00f4ng ngh\u1ec7 m\u1edbi \u0111\u1ec3 gi\u00fap tr\u1ebb ch\u1ee7 \u0111\u1ed9ng tham gia v\u00e0o qu\u00e1 tr\u00ecnh h\u1ecdc t\u1eadp v\u00e0 tr\u1edf n\u00ean \u0111\u1ed9c l\u1eadp, hi\u1ebfu k\u1ef3 v\u00e0 c\u00f3 \u0111\u1ed9ng l\u1ef1c h\u01a1n, trao \u0111\u1ed5i v\u1edbi ph\u1ee5 huynh m\u1ed9t c\u00e1ch tr\u1ef1c quan c\u00f9ng v\u1edbi s\u1ef1 tham gia c\u1ee7a tr\u1ebb.<\/p>\n<p>\t\t\t\t\t\t<!-- Changer la classe de couleur du bouton en fonction de la couleur g\u00e9n\u00e9rale du bloc --><\/p>\n<div class=\"bloc_cta\" >\n<p><a class=\"btn btn--color2\" href=\"https:\/\/lpehcm.eduka.school\/register\/create\" target=\"_blank\" rel=\"noopener\">\u0110\u0103ng k\u00fd<\/a>\t\t\t\t\t<\/div>\n<\/p><\/div>\n<\/p><\/div>\n<\/p><\/div>\n<\/p><\/div>\n<\/div>\n<div class=\"blocinfo blocinfo--color4\" id=\"bloc_10_16\">\n<div class=\"container\">\n<div class=\"row\">\n<div class=\"col-12 col-md-6\">\n<h2><span>\u0110\u1ec3 bi\u1ebft th\u00eam th\u00f4ng tin<\/span><\/h2>\n<p>\u0110\u1ed9i ng\u0169 v\u0103n ph\u00f2ng tuy\u1ec3n sinh s\u1eb5n s\u00e0ng gi\u1ea3i \u0111\u00e1p m\u1ecdi th\u1eafc m\u1eafc c\u1ee7a b\u1ea1n.<\/p>\n<p>\t\t\t\t<!-- Changer la classe de couleur du bouton en fonction de la couleur g\u00e9n\u00e9rale du bloc --><\/p>\n<div class=\"bloc_cta\" >\n\t<a href=\"https:\/\/www.lpehochiminh.com\/vi\/contactez-nous\/\" title=\"Li\u00ean h\u1ec7 v\u1edbi ch\u00fang t\u00f4i\" target=\"\" class=\"mr-3 btn btn--color4\" rel=\"noopener\">Li\u00ean h\u1ec7 v\u1edbi ch\u00fang t\u00f4i<\/a> \t\t\t\t<\/div>\n<\/p><\/div>\n<\/p><\/div>\n<\/p><\/div>\n<\/div>\n","protected":false},"excerpt":{"rendered":"<p>L\u1ecaCH S\u1eec C\u1ee6A CH\u00daNG T\u00d4I \u0110\u0103ng k\u00fd La Petite Ecole H\u1ed3 Ch\u00ed Minh La Petite \u00c9cole, \u0111\u01b0\u1ee3c th\u00e0nh l\u1eadp v\u00e0o [&hellip;]<\/p>\n","protected":false},"author":4,"featured_media":0,"parent":6188,"menu_order":40,"comment_status":"closed","ping_status":"closed","template":"","meta":{"_acf_changed":false,"kdcopypost-origin-url":"","kdcopypost-origin-id":"","footnotes":""},"class_list":["post-6191","page","type-page","status-publish","hentry"],"acf":[],"yoast_head":"<!-- This site is optimized with the Yoast SEO plugin v26.8 - https:\/\/yoast.com\/product\/yoast-seo-wordpress\/ -->\n<title>L\u1ecbch s\u1eed Th\u00e0nh l\u1eadp | La Petite \u00c9cole H\u1ed3 Ch\u00ed Minh<\/title>\n<meta name=\"description\" content=\"Gi\u1edbi thi\u1ec7u v\u1ec1 l\u1ecbch s\u1eed th\u00e0nh l\u1eadp - Tr\u01b0\u1eddng Qu\u1ed1c t\u1ebf Ph\u00e1p t\u1ea1i TP.HCM. Ch\u00fang t\u00f4i t\u1ef1 h\u00e0o tr\u1edf th\u00e0nh \u0111\u1ed1i t\u00e1c c\u1ee7a AEFE v\u00e0 th\u00e0nh vi\u00ean c\u1ee7a m\u1ea1ng l\u01b0\u1edbi Odyssey.\" \/>\n<meta name=\"robots\" content=\"index, follow, max-snippet:-1, max-image-preview:large, max-video-preview:-1\" \/>\n<link rel=\"canonical\" href=\"https:\/\/www.lpehochiminh.com\/vi\/ve-chung-toi\/lich-su-cua-chung-toi\/\" \/>\n<meta property=\"og:locale\" content=\"vi_VN\" \/>\n<meta property=\"og:type\" content=\"article\" \/>\n<meta property=\"og:title\" content=\"L\u1ecbch s\u1eed Th\u00e0nh l\u1eadp | La Petite \u00c9cole H\u1ed3 Ch\u00ed Minh\" \/>\n<meta property=\"og:description\" content=\"Gi\u1edbi thi\u1ec7u v\u1ec1 l\u1ecbch s\u1eed th\u00e0nh l\u1eadp - Tr\u01b0\u1eddng Qu\u1ed1c t\u1ebf Ph\u00e1p t\u1ea1i TP.HCM. Ch\u00fang t\u00f4i t\u1ef1 h\u00e0o tr\u1edf th\u00e0nh \u0111\u1ed1i t\u00e1c c\u1ee7a AEFE v\u00e0 th\u00e0nh vi\u00ean c\u1ee7a m\u1ea1ng l\u01b0\u1edbi Odyssey.\" \/>\n<meta property=\"og:url\" content=\"https:\/\/www.lpehochiminh.com\/vi\/ve-chung-toi\/lich-su-cua-chung-toi\/\" \/>\n<meta property=\"og:site_name\" content=\"LPE Ho Chi Minh\" \/>\n<meta property=\"article:modified_time\" content=\"2024-01-19T08:57:56+00:00\" \/>\n<meta property=\"og:image\" content=\"https:\/\/www.lpehochiminh.com\/wp-content\/uploads\/2024\/01\/MG_4067-1-270x310.jpg\" \/>\n<meta name=\"twitter:card\" content=\"summary_large_image\" \/>\n<meta name=\"twitter:label1\" content=\"Est. reading time\" \/>\n\t<meta name=\"twitter:data1\" content=\"10 minutes\" \/>\n<!-- \/ Yoast SEO plugin. -->","yoast_head_json":{"title":"L\u1ecbch s\u1eed Th\u00e0nh l\u1eadp | La Petite \u00c9cole H\u1ed3 Ch\u00ed Minh","description":"Gi\u1edbi thi\u1ec7u v\u1ec1 l\u1ecbch s\u1eed th\u00e0nh l\u1eadp - Tr\u01b0\u1eddng Qu\u1ed1c t\u1ebf Ph\u00e1p t\u1ea1i TP.HCM. Ch\u00fang t\u00f4i t\u1ef1 h\u00e0o tr\u1edf th\u00e0nh \u0111\u1ed1i t\u00e1c c\u1ee7a AEFE v\u00e0 th\u00e0nh vi\u00ean c\u1ee7a m\u1ea1ng l\u01b0\u1edbi Odyssey.","robots":{"index":"index","follow":"follow","max-snippet":"max-snippet:-1","max-image-preview":"max-image-preview:large","max-video-preview":"max-video-preview:-1"},"canonical":"https:\/\/www.lpehochiminh.com\/vi\/ve-chung-toi\/lich-su-cua-chung-toi\/","og_locale":"vi_VN","og_type":"article","og_title":"L\u1ecbch s\u1eed Th\u00e0nh l\u1eadp | La Petite \u00c9cole H\u1ed3 Ch\u00ed Minh","og_description":"Gi\u1edbi thi\u1ec7u v\u1ec1 l\u1ecbch s\u1eed th\u00e0nh l\u1eadp - Tr\u01b0\u1eddng Qu\u1ed1c t\u1ebf Ph\u00e1p t\u1ea1i TP.HCM. Ch\u00fang t\u00f4i t\u1ef1 h\u00e0o tr\u1edf th\u00e0nh \u0111\u1ed1i t\u00e1c c\u1ee7a AEFE v\u00e0 th\u00e0nh vi\u00ean c\u1ee7a m\u1ea1ng l\u01b0\u1edbi Odyssey.","og_url":"https:\/\/www.lpehochiminh.com\/vi\/ve-chung-toi\/lich-su-cua-chung-toi\/","og_site_name":"LPE Ho Chi Minh","article_modified_time":"2024-01-19T08:57:56+00:00","og_image":[{"url":"https:\/\/www.lpehochiminh.com\/wp-content\/uploads\/2024\/01\/MG_4067-1-270x310.jpg","type":"","width":"","height":""}],"twitter_card":"summary_large_image","twitter_misc":{"Est. reading time":"10 minutes"},"schema":{"@context":"https:\/\/schema.org","@graph":[{"@type":"WebPage","@id":"https:\/\/www.lpehochiminh.com\/vi\/ve-chung-toi\/lich-su-cua-chung-toi\/","url":"https:\/\/www.lpehochiminh.com\/vi\/ve-chung-toi\/lich-su-cua-chung-toi\/","name":"L\u1ecbch s\u1eed Th\u00e0nh l\u1eadp | La Petite \u00c9cole H\u1ed3 Ch\u00ed Minh","isPartOf":{"@id":"https:\/\/www.lpehochiminh.com\/vi\/#website"},"primaryImageOfPage":{"@id":"https:\/\/www.lpehochiminh.com\/vi\/ve-chung-toi\/lich-su-cua-chung-toi\/#primaryimage"},"image":{"@id":"https:\/\/www.lpehochiminh.com\/vi\/ve-chung-toi\/lich-su-cua-chung-toi\/#primaryimage"},"thumbnailUrl":"https:\/\/www.lpehochiminh.com\/wp-content\/uploads\/2024\/01\/MG_4067-1-270x310.jpg","datePublished":"2022-02-11T10:03:41+00:00","dateModified":"2024-01-19T08:57:56+00:00","description":"Gi\u1edbi thi\u1ec7u v\u1ec1 l\u1ecbch s\u1eed th\u00e0nh l\u1eadp - Tr\u01b0\u1eddng Qu\u1ed1c t\u1ebf Ph\u00e1p t\u1ea1i TP.HCM. Ch\u00fang t\u00f4i t\u1ef1 h\u00e0o tr\u1edf th\u00e0nh \u0111\u1ed1i t\u00e1c c\u1ee7a AEFE v\u00e0 th\u00e0nh vi\u00ean c\u1ee7a m\u1ea1ng l\u01b0\u1edbi Odyssey.","breadcrumb":{"@id":"https:\/\/www.lpehochiminh.com\/vi\/ve-chung-toi\/lich-su-cua-chung-toi\/#breadcrumb"},"inLanguage":"vi-VN","potentialAction":[{"@type":"ReadAction","target":["https:\/\/www.lpehochiminh.com\/vi\/ve-chung-toi\/lich-su-cua-chung-toi\/"]}]},{"@type":"ImageObject","inLanguage":"vi-VN","@id":"https:\/\/www.lpehochiminh.com\/vi\/ve-chung-toi\/lich-su-cua-chung-toi\/#primaryimage","url":"https:\/\/www.lpehochiminh.com\/wp-content\/uploads\/2024\/01\/MG_4067-1-270x310.jpg","contentUrl":"https:\/\/www.lpehochiminh.com\/wp-content\/uploads\/2024\/01\/MG_4067-1-270x310.jpg"},{"@type":"BreadcrumbList","@id":"https:\/\/www.lpehochiminh.com\/vi\/ve-chung-toi\/lich-su-cua-chung-toi\/#breadcrumb","itemListElement":[{"@type":"ListItem","position":1,"name":"Accueil","item":"https:\/\/www.lpehochiminh.com\/vi\/"},{"@type":"ListItem","position":2,"name":"V\u1ec1 ch\u00fang t\u00f4i","item":"https:\/\/www.lpehochiminh.com\/vi\/ve-chung-toi\/"},{"@type":"ListItem","position":3,"name":"L\u1ecbch s\u1eed c\u1ee7a ch\u00fang t\u00f4i"}]},{"@type":"WebSite","@id":"https:\/\/www.lpehochiminh.com\/vi\/#website","url":"https:\/\/www.lpehochiminh.com\/vi\/","name":"LPE Ho Chi Minh - \u00e9cole internationale plurilingue de la cr\u00e8che au CM2","description":"LPE Ho Chi Minh","publisher":{"@id":"https:\/\/www.lpehochiminh.com\/vi\/#organization"},"alternateName":"LPE Ho Chi Minh","potentialAction":[{"@type":"SearchAction","target":{"@type":"EntryPoint","urlTemplate":"https:\/\/www.lpehochiminh.com\/vi\/?s={search_term_string}"},"query-input":{"@type":"PropertyValueSpecification","valueRequired":true,"valueName":"search_term_string"}}],"inLanguage":"vi-VN"},{"@type":"Organization","@id":"https:\/\/www.lpehochiminh.com\/vi\/#organization","name":"LPE Ho Chi Minh","url":"https:\/\/www.lpehochiminh.com\/vi\/","logo":{"@type":"ImageObject","inLanguage":"vi-VN","@id":"https:\/\/www.lpehochiminh.com\/vi\/#\/schema\/logo\/image\/","url":"https:\/\/www.lpehochiminh.com\/wp-content\/uploads\/2023\/05\/logo-rond-blanc.png","contentUrl":"https:\/\/www.lpehochiminh.com\/wp-content\/uploads\/2023\/05\/logo-rond-blanc.png","width":1993,"height":1990,"caption":"LPE Ho Chi Minh"},"image":{"@id":"https:\/\/www.lpehochiminh.com\/vi\/#\/schema\/logo\/image\/"}}]}},"_links":{"self":[{"href":"https:\/\/www.lpehochiminh.com\/vi\/wp-json\/wp\/v2\/pages\/6191","targetHints":{"allow":["GET"]}}],"collection":[{"href":"https:\/\/www.lpehochiminh.com\/vi\/wp-json\/wp\/v2\/pages"}],"about":[{"href":"https:\/\/www.lpehochiminh.com\/vi\/wp-json\/wp\/v2\/types\/page"}],"author":[{"embeddable":true,"href":"https:\/\/www.lpehochiminh.com\/vi\/wp-json\/wp\/v2\/users\/4"}],"replies":[{"embeddable":true,"href":"https:\/\/www.lpehochiminh.com\/vi\/wp-json\/wp\/v2\/comments?post=6191"}],"version-history":[{"count":27,"href":"https:\/\/www.lpehochiminh.com\/vi\/wp-json\/wp\/v2\/pages\/6191\/revisions"}],"predecessor-version":[{"id":10888,"href":"https:\/\/www.lpehochiminh.com\/vi\/wp-json\/wp\/v2\/pages\/6191\/revisions\/10888"}],"up":[{"embeddable":true,"href":"https:\/\/www.lpehochiminh.com\/vi\/wp-json\/wp\/v2\/pages\/6188"}],"wp:attachment":[{"href":"https:\/\/www.lpehochiminh.com\/vi\/wp-json\/wp\/v2\/media?parent=6191"}],"curies":[{"name":"wp","href":"https:\/\/api.w.org\/{rel}","templated":true}]}}