{"id":6195,"date":"2022-02-11T11:07:11","date_gmt":"2022-02-11T10:07:11","guid":{"rendered":"https:\/\/lpevn.agencebisart.com\/a-propos\/galerie-photos-videos\/"},"modified":"2026-01-26T07:07:28","modified_gmt":"2026-01-26T06:07:28","slug":"thu-vien-anh-va-video","status":"publish","type":"page","link":"https:\/\/www.lpehochiminh.com\/vi\/ve-chung-toi\/thu-vien-anh-va-video\/","title":{"rendered":"Th\u01b0 vi\u1ec7n \u1ea3nh v\u00e0 video"},"content":{"rendered":"<p>\t\t\t\t<!-- avec ou sans CTA : m\u00eame code, \u00e7a centre verticalement le texte --><\/p>\n<div class=\"smallheader\" id=\"bloc_small_header_12\">\n<style type=\"text\/css\">\n\t\t\t\t\t\t\t#bloc_small_header_12 {background-image: url(https:\/\/www.lpehochiminh.com\/wp-content\/uploads\/2022\/03\/SMALL_HEADER5-610x268.png);}\n\t\t\t\t\t\t\t@media (min-width: 480px) {\t#bloc_small_header_12 {background-image: url(https:\/\/www.lpehochiminh.com\/wp-content\/uploads\/2022\/03\/SMALL_HEADER5-610x268.png);}}\n\t\t\t\t\t\t\t@media (min-width: 768px) {\t#bloc_small_header_12 {background-image: url(https:\/\/www.lpehochiminh.com\/wp-content\/uploads\/2022\/03\/SMALL_HEADER5-1024x214.png);}}\n\t\t\t\t\t\t\t@media (min-width: 992px) { #bloc_small_header_12 {background-image: url(https:\/\/www.lpehochiminh.com\/wp-content\/uploads\/2022\/03\/SMALL_HEADER5-1024x214.png);}}\n\t\t\t\t\t\t\t@media (min-width: 1200px) { #bloc_small_header_12 {background-image: url(https:\/\/www.lpehochiminh.com\/wp-content\/uploads\/2022\/03\/SMALL_HEADER5.png);}}\n\t\t\t\t\t\t<\/style>\n<div class=\"container d-flex flex-column justify-content-center align-items-start\">\n<h1><span>TH\u01af VI\u1ec6N \u1ea2NH V\u00c0 VIDEO<\/span><\/h1>\n<\/p><\/div>\n<\/p><\/div>\n<div class=\"bigmedia bigmedia--nocolor\" id=\"bloc_13_13\">\n<div class=\"container\">\n<h2><span><\/span><\/h2>\n<\/p>\n<div class=\"row justify-content-center\">\n<div class=\"col-lg-10\">\n<p><!-- code -PwzN0jeQ8w&enablejsapi=1&origin=https:\/\/www.lpehochiminh.com-->\t\t<\/p>\n<div class=\"video\">\n<div class=\"embed-responsive embed-responsive-4by3\"><iframe loading=\"lazy\" title=\"Discover La Petite Ecole Ho Chi Minh City - French &amp; English Bilingual International School\" width=\"900\" height=\"506\" src=\"https:\/\/www.youtube.com\/embed\/-PwzN0jeQ8w?feature=oembed&#038;enablejsapi=1&#038;origin=https%3A%2F%2Fwww.lpehochiminh.com&#038;playsinline=1&#038;loop=1&#038;controls=1&#038;rel=0&#038;title=0&#038;portrait=0&#038;author_name=0\" frameborder=\"0\" allow=\"accelerometer; autoplay; clipboard-write; encrypted-media; gyroscope; picture-in-picture; web-share\" referrerpolicy=\"strict-origin-when-cross-origin\" allowfullscreen frameborder=\"0\"><\/iframe><\/div>\n<\/p><\/div>\n<\/p><\/div>\n<\/p><\/div>\n<\/p><\/div>\n<\/div>\n<div class=\"blocsphotos blocsphotos--nocolor\" id=\"bloc_14_14\">\n<div class=\"container\">\n<div class=\"row\">\n<div class=\"col-6 col-md-3 mb-1 mb-md-0\">\n<div class=\"blocphoto\">\n\t\t\t\t\t<img decoding=\"async\" class=\"img-fluid img-rounded\" src=\"https:\/\/www.lpehochiminh.com\/wp-content\/uploads\/2023\/08\/M34-1-270x310.jpg\" width=\"\" height=\"\" alt=\"photo video gallery\">\n\t\t\t\t<\/div>\n<\/p><\/div>\n<div class=\"col-6 col-md-3 mb-1 mb-md-0\">\n<div class=\"blocphoto\">\n\t\t\t\t\t<img decoding=\"async\" class=\"img-fluid img-rounded\" src=\"https:\/\/www.lpehochiminh.com\/wp-content\/uploads\/2023\/08\/M26-270x310.jpg\" width=\"\" height=\"\" alt=\"galerie photos videos\">\n\t\t\t\t<\/div>\n<\/p><\/div>\n<div class=\"col-6 col-md-3 mb-1 mb-md-0\">\n<div class=\"blocphoto\">\n\t\t\t\t\t<img decoding=\"async\" class=\"img-fluid img-rounded\" src=\"https:\/\/www.lpehochiminh.com\/wp-content\/uploads\/2023\/07\/how-can.-parents-help-their-child-in-the-development-stage-270x310.jpg\" width=\"\" height=\"\" alt=\"how can parents help their child in the development stage\">\n\t\t\t\t<\/div>\n<\/p><\/div>\n<div class=\"col-6 col-md-3 mb-1 mb-md-0\">\n<div class=\"blocphoto\">\n\t\t\t\t\t<img decoding=\"async\" class=\"img-fluid img-rounded\" src=\"https:\/\/www.lpehochiminh.com\/wp-content\/uploads\/2023\/07\/build-a-bright-future-for-your-child-with-la-petite-ecole-270x310.jpg\" width=\"\" height=\"\" alt=\"build a bright future for your child with la petite ecole\">\n\t\t\t\t<\/div>\n<\/p><\/div>\n<\/p><\/div>\n<\/p><\/div>\n<\/div>\n<div class=\"blocsphotos blocsphotos--nocolor\" id=\"bloc_14_15\">\n<div class=\"container\">\n<div class=\"row\">\n<div class=\"col-6 col-md-3 mb-1 mb-md-0\">\n<div class=\"blocphoto\">\n\t\t\t\t\t<img decoding=\"async\" class=\"img-fluid img-rounded\" src=\"https:\/\/www.lpehochiminh.com\/wp-content\/uploads\/2023\/07\/what-is-child-development-270x310.jpg\" width=\"\" height=\"\" alt=\"what is child development\">\n\t\t\t\t<\/div>\n<\/p><\/div>\n<div class=\"col-6 col-md-3 mb-1 mb-md-0\">\n<div class=\"blocphoto\">\n\t\t\t\t\t<img decoding=\"async\" class=\"img-fluid img-rounded\" src=\"https:\/\/www.lpehochiminh.com\/wp-content\/uploads\/2023\/07\/promote-a-love-for-learning-270x310.jpg\" width=\"\" height=\"\" alt=\"promote a love for learning\">\n\t\t\t\t<\/div>\n<\/p><\/div>\n<div class=\"col-6 col-md-3 mb-1 mb-md-0\">\n<div class=\"blocphoto\">\n\t\t\t\t\t<img decoding=\"async\" class=\"img-fluid img-rounded\" src=\"https:\/\/www.lpehochiminh.com\/wp-content\/uploads\/2023\/07\/the-crucial-role-of-school-in-child-development-270x310.jpg\" width=\"\" height=\"\" alt=\"the crucial role of school in child development\">\n\t\t\t\t<\/div>\n<\/p><\/div>\n<div class=\"col-6 col-md-3 mb-1 mb-md-0\">\n<div class=\"blocphoto\">\n\t\t\t\t\t<img decoding=\"async\" class=\"img-fluid img-rounded\" src=\"https:\/\/www.lpehochiminh.com\/wp-content\/uploads\/2023\/05\/a-mural-painting-project-for-the-students-of-la-petite-ecole-hcmc-1-270x310.jpg\" width=\"\" height=\"\" alt=\"a mural painting project for the students of la petite ecole hcmc\">\n\t\t\t\t<\/div>\n<\/p><\/div>\n<\/p><\/div>\n<\/p><\/div>\n<\/div>\n<div class=\"blocsphotos blocsphotos--nocolor\" id=\"bloc_14_16\">\n<div class=\"container\">\n<div class=\"row\"><\/div>\n<\/p><\/div>\n<\/div>\n<div class=\"blocsphotos blocsphotos--nocolor\" id=\"bloc_14_17\">\n<div class=\"container\">\n<div class=\"row\"><\/div>\n<\/p><\/div>\n<\/div>\n<div class=\"blocsphotos blocsphotos--nocolor\" id=\"bloc_14_18\">\n<div class=\"container\">\n<div class=\"row\"><\/div>\n<\/p><\/div>\n<\/div>\n<div class=\"blocsphotos blocsphotos--nocolor\" id=\"bloc_14_19\">\n<div class=\"container\">\n<div class=\"row\"><\/div>\n<\/p><\/div>\n<\/div>\n<div class=\"blocsphotos blocsphotos--nocolor\" id=\"bloc_14_20\">\n<div class=\"container\">\n<div class=\"row\"><\/div>\n<\/p><\/div>\n<\/div>\n<div class=\"blocsphotos blocsphotos--nocolor\" id=\"bloc_14_21\">\n<div class=\"container\">\n<div class=\"row\"><\/div>\n<\/p><\/div>\n<\/div>\n<div class=\"blocinfo blocinfo--color4\" id=\"bloc_10_22\">\n<div class=\"container\">\n<div class=\"row\">\n<div class=\"col-12 col-md-6\">\n<h2><span>C\u1eadp nh\u1eadt tin t\u1ee9c v\u1ec1 ch\u00fang t\u00f4i!<\/span><\/h2>\n<p>Gh\u00e9 th\u0103m trang facebook c\u1ee7a ch\u00fang t\u00f4i @lapetiteecolehcm.<\/p>\n<p>\t\t\t\t<!-- Changer la classe de couleur du bouton en fonction de la couleur g\u00e9n\u00e9rale du bloc --><\/p>\n<div class=\"bloc_cta\" >\n\t<a href=\"https:\/\/www.facebook.com\/lapetiteecolehcm\/\" title=\"Kh\u00e1m ph\u00e1\" target=\"\" class=\"mr-3 btn btn--color4\">Kh\u00e1m ph\u00e1<\/a> \t\t\t\t<\/div>\n<\/p><\/div>\n<\/p><\/div>\n<\/p><\/div>\n<\/div>\n","protected":false},"excerpt":{"rendered":"<p>TH\u01af VI\u1ec6N \u1ea2NH V\u00c0 VIDEO C\u1eadp nh\u1eadt tin t\u1ee9c v\u1ec1 ch\u00fang t\u00f4i! Gh\u00e9 th\u0103m trang facebook c\u1ee7a ch\u00fang t\u00f4i @lapetiteecolehcm. [&hellip;]<\/p>\n","protected":false},"author":4,"featured_media":0,"parent":6188,"menu_order":80,"comment_status":"closed","ping_status":"closed","template":"","meta":{"_acf_changed":false,"kdcopypost-origin-url":"","kdcopypost-origin-id":"","footnotes":""},"class_list":["post-6195","page","type-page","status-publish","hentry"],"acf":[],"yoast_head":"<!-- This site is optimized with the Yoast SEO plugin v26.8 - https:\/\/yoast.com\/product\/yoast-seo-wordpress\/ -->\n<title>Th\u01b0 vi\u1ec7n \u1ea2nh\/Video | La Petite \u00c9cole H\u1ed3 Ch\u00ed Minh<\/title>\n<meta name=\"description\" content=\"C\u00f9ng kh\u00e1m ph\u00e1 Th\u01b0 vi\u1ec7n Video\/\u1ea2nh v\u1edbi c\u00e1c ho\u1ea1t \u0111\u1ed9ng h\u1ecdc t\u1eadp, vui ch\u01a1i gi\u1ea3i tr\u00ed \u0111a d\u1ea1ng t\u1ea1i nh\u00e0 tr\u1ebb, m\u1eabu gi\u00e1o v\u00e0 ti\u1ec3u h\u1ecdc.\" \/>\n<meta name=\"robots\" content=\"index, follow, max-snippet:-1, max-image-preview:large, max-video-preview:-1\" \/>\n<link rel=\"canonical\" href=\"https:\/\/www.lpehochiminh.com\/vi\/ve-chung-toi\/thu-vien-anh-va-video\/\" \/>\n<meta property=\"og:locale\" content=\"vi_VN\" \/>\n<meta property=\"og:type\" content=\"article\" \/>\n<meta property=\"og:title\" content=\"Th\u01b0 vi\u1ec7n \u1ea2nh\/Video | La Petite \u00c9cole H\u1ed3 Ch\u00ed Minh\" \/>\n<meta property=\"og:description\" content=\"C\u00f9ng kh\u00e1m ph\u00e1 Th\u01b0 vi\u1ec7n Video\/\u1ea2nh v\u1edbi c\u00e1c ho\u1ea1t \u0111\u1ed9ng h\u1ecdc t\u1eadp, vui ch\u01a1i gi\u1ea3i tr\u00ed \u0111a d\u1ea1ng t\u1ea1i nh\u00e0 tr\u1ebb, m\u1eabu gi\u00e1o v\u00e0 ti\u1ec3u h\u1ecdc.\" \/>\n<meta property=\"og:url\" content=\"https:\/\/www.lpehochiminh.com\/vi\/ve-chung-toi\/thu-vien-anh-va-video\/\" \/>\n<meta property=\"og:site_name\" content=\"LPE Ho Chi Minh\" \/>\n<meta property=\"article:modified_time\" content=\"2026-01-26T06:07:28+00:00\" \/>\n<meta property=\"og:image\" content=\"https:\/\/www.lpehochiminh.com\/wp-content\/uploads\/2023\/08\/M34-1-270x310.jpg\" \/>\n<meta name=\"twitter:card\" content=\"summary_large_image\" \/>\n<meta name=\"twitter:label1\" content=\"Est. reading time\" \/>\n\t<meta name=\"twitter:data1\" content=\"9 minutes\" \/>\n<!-- \/ Yoast SEO plugin. -->","yoast_head_json":{"title":"Th\u01b0 vi\u1ec7n \u1ea2nh\/Video | La Petite \u00c9cole H\u1ed3 Ch\u00ed Minh","description":"C\u00f9ng kh\u00e1m ph\u00e1 Th\u01b0 vi\u1ec7n Video\/\u1ea2nh v\u1edbi c\u00e1c ho\u1ea1t \u0111\u1ed9ng h\u1ecdc t\u1eadp, vui ch\u01a1i gi\u1ea3i tr\u00ed \u0111a d\u1ea1ng t\u1ea1i nh\u00e0 tr\u1ebb, m\u1eabu gi\u00e1o v\u00e0 ti\u1ec3u h\u1ecdc.","robots":{"index":"index","follow":"follow","max-snippet":"max-snippet:-1","max-image-preview":"max-image-preview:large","max-video-preview":"max-video-preview:-1"},"canonical":"https:\/\/www.lpehochiminh.com\/vi\/ve-chung-toi\/thu-vien-anh-va-video\/","og_locale":"vi_VN","og_type":"article","og_title":"Th\u01b0 vi\u1ec7n \u1ea2nh\/Video | La Petite \u00c9cole H\u1ed3 Ch\u00ed Minh","og_description":"C\u00f9ng kh\u00e1m ph\u00e1 Th\u01b0 vi\u1ec7n Video\/\u1ea2nh v\u1edbi c\u00e1c ho\u1ea1t \u0111\u1ed9ng h\u1ecdc t\u1eadp, vui ch\u01a1i gi\u1ea3i tr\u00ed \u0111a d\u1ea1ng t\u1ea1i nh\u00e0 tr\u1ebb, m\u1eabu gi\u00e1o v\u00e0 ti\u1ec3u h\u1ecdc.","og_url":"https:\/\/www.lpehochiminh.com\/vi\/ve-chung-toi\/thu-vien-anh-va-video\/","og_site_name":"LPE Ho Chi Minh","article_modified_time":"2026-01-26T06:07:28+00:00","og_image":[{"url":"https:\/\/www.lpehochiminh.com\/wp-content\/uploads\/2023\/08\/M34-1-270x310.jpg","type":"","width":"","height":""}],"twitter_card":"summary_large_image","twitter_misc":{"Est. reading time":"9 minutes"},"schema":{"@context":"https:\/\/schema.org","@graph":[{"@type":"WebPage","@id":"https:\/\/www.lpehochiminh.com\/vi\/ve-chung-toi\/thu-vien-anh-va-video\/","url":"https:\/\/www.lpehochiminh.com\/vi\/ve-chung-toi\/thu-vien-anh-va-video\/","name":"Th\u01b0 vi\u1ec7n \u1ea2nh\/Video | La Petite \u00c9cole H\u1ed3 Ch\u00ed Minh","isPartOf":{"@id":"https:\/\/www.lpehochiminh.com\/vi\/#website"},"primaryImageOfPage":{"@id":"https:\/\/www.lpehochiminh.com\/vi\/ve-chung-toi\/thu-vien-anh-va-video\/#primaryimage"},"image":{"@id":"https:\/\/www.lpehochiminh.com\/vi\/ve-chung-toi\/thu-vien-anh-va-video\/#primaryimage"},"thumbnailUrl":"https:\/\/www.lpehochiminh.com\/wp-content\/uploads\/2023\/08\/M34-1-270x310.jpg","datePublished":"2022-02-11T10:07:11+00:00","dateModified":"2026-01-26T06:07:28+00:00","description":"C\u00f9ng kh\u00e1m ph\u00e1 Th\u01b0 vi\u1ec7n Video\/\u1ea2nh v\u1edbi c\u00e1c ho\u1ea1t \u0111\u1ed9ng h\u1ecdc t\u1eadp, vui ch\u01a1i gi\u1ea3i tr\u00ed \u0111a d\u1ea1ng t\u1ea1i nh\u00e0 tr\u1ebb, m\u1eabu gi\u00e1o v\u00e0 ti\u1ec3u h\u1ecdc.","breadcrumb":{"@id":"https:\/\/www.lpehochiminh.com\/vi\/ve-chung-toi\/thu-vien-anh-va-video\/#breadcrumb"},"inLanguage":"vi-VN","potentialAction":[{"@type":"ReadAction","target":["https:\/\/www.lpehochiminh.com\/vi\/ve-chung-toi\/thu-vien-anh-va-video\/"]}]},{"@type":"ImageObject","inLanguage":"vi-VN","@id":"https:\/\/www.lpehochiminh.com\/vi\/ve-chung-toi\/thu-vien-anh-va-video\/#primaryimage","url":"https:\/\/www.lpehochiminh.com\/wp-content\/uploads\/2023\/08\/M34-1-270x310.jpg","contentUrl":"https:\/\/www.lpehochiminh.com\/wp-content\/uploads\/2023\/08\/M34-1-270x310.jpg"},{"@type":"BreadcrumbList","@id":"https:\/\/www.lpehochiminh.com\/vi\/ve-chung-toi\/thu-vien-anh-va-video\/#breadcrumb","itemListElement":[{"@type":"ListItem","position":1,"name":"Accueil","item":"https:\/\/www.lpehochiminh.com\/vi\/"},{"@type":"ListItem","position":2,"name":"V\u1ec1 ch\u00fang t\u00f4i","item":"https:\/\/www.lpehochiminh.com\/vi\/ve-chung-toi\/"},{"@type":"ListItem","position":3,"name":"Th\u01b0 vi\u1ec7n \u1ea3nh v\u00e0 video"}]},{"@type":"WebSite","@id":"https:\/\/www.lpehochiminh.com\/vi\/#website","url":"https:\/\/www.lpehochiminh.com\/vi\/","name":"LPE Ho Chi Minh - \u00e9cole internationale plurilingue de la cr\u00e8che au CM2","description":"LPE Ho Chi Minh","publisher":{"@id":"https:\/\/www.lpehochiminh.com\/vi\/#organization"},"alternateName":"LPE Ho Chi Minh","potentialAction":[{"@type":"SearchAction","target":{"@type":"EntryPoint","urlTemplate":"https:\/\/www.lpehochiminh.com\/vi\/?s={search_term_string}"},"query-input":{"@type":"PropertyValueSpecification","valueRequired":true,"valueName":"search_term_string"}}],"inLanguage":"vi-VN"},{"@type":"Organization","@id":"https:\/\/www.lpehochiminh.com\/vi\/#organization","name":"LPE Ho Chi Minh","url":"https:\/\/www.lpehochiminh.com\/vi\/","logo":{"@type":"ImageObject","inLanguage":"vi-VN","@id":"https:\/\/www.lpehochiminh.com\/vi\/#\/schema\/logo\/image\/","url":"https:\/\/www.lpehochiminh.com\/wp-content\/uploads\/2023\/05\/logo-rond-blanc.png","contentUrl":"https:\/\/www.lpehochiminh.com\/wp-content\/uploads\/2023\/05\/logo-rond-blanc.png","width":1993,"height":1990,"caption":"LPE Ho Chi Minh"},"image":{"@id":"https:\/\/www.lpehochiminh.com\/vi\/#\/schema\/logo\/image\/"}}]}},"_links":{"self":[{"href":"https:\/\/www.lpehochiminh.com\/vi\/wp-json\/wp\/v2\/pages\/6195","targetHints":{"allow":["GET"]}}],"collection":[{"href":"https:\/\/www.lpehochiminh.com\/vi\/wp-json\/wp\/v2\/pages"}],"about":[{"href":"https:\/\/www.lpehochiminh.com\/vi\/wp-json\/wp\/v2\/types\/page"}],"author":[{"embeddable":true,"href":"https:\/\/www.lpehochiminh.com\/vi\/wp-json\/wp\/v2\/users\/4"}],"replies":[{"embeddable":true,"href":"https:\/\/www.lpehochiminh.com\/vi\/wp-json\/wp\/v2\/comments?post=6195"}],"version-history":[{"count":13,"href":"https:\/\/www.lpehochiminh.com\/vi\/wp-json\/wp\/v2\/pages\/6195\/revisions"}],"predecessor-version":[{"id":18994,"href":"https:\/\/www.lpehochiminh.com\/vi\/wp-json\/wp\/v2\/pages\/6195\/revisions\/18994"}],"up":[{"embeddable":true,"href":"https:\/\/www.lpehochiminh.com\/vi\/wp-json\/wp\/v2\/pages\/6188"}],"wp:attachment":[{"href":"https:\/\/www.lpehochiminh.com\/vi\/wp-json\/wp\/v2\/media?parent=6195"}],"curies":[{"name":"wp","href":"https:\/\/api.w.org\/{rel}","templated":true}]}}