{"id":6199,"date":"2022-02-11T11:12:09","date_gmt":"2022-02-11T10:12:09","guid":{"rendered":"https:\/\/lpevn.agencebisart.com\/modele-pedagogique\/developpement-personnel\/"},"modified":"2024-01-19T11:07:27","modified_gmt":"2024-01-19T10:07:27","slug":"phat-trien-ca-nhan","status":"publish","type":"page","link":"https:\/\/www.lpehochiminh.com\/vi\/mo-hinh-dao-tao\/phat-trien-ca-nhan\/","title":{"rendered":"Ph\u00e1t tri\u1ec3n c\u00e1 nh\u00e2n"},"content":{"rendered":"<p>\t\t\t\t<!-- avec ou sans CTA : m\u00eame code, \u00e7a centre verticalement le texte --><\/p>\n<div class=\"smallheader\" id=\"bloc_small_header_8\">\n<style type=\"text\/css\">\n\t\t\t\t\t\t\t#bloc_small_header_8 {background-image: url(https:\/\/www.lpehochiminh.com\/wp-content\/uploads\/2022\/03\/SMALL_HEADER-610x268.png);}\n\t\t\t\t\t\t\t@media (min-width: 480px) {\t#bloc_small_header_8 {background-image: url(https:\/\/www.lpehochiminh.com\/wp-content\/uploads\/2022\/03\/SMALL_HEADER-610x268.png);}}\n\t\t\t\t\t\t\t@media (min-width: 768px) {\t#bloc_small_header_8 {background-image: url(https:\/\/www.lpehochiminh.com\/wp-content\/uploads\/2022\/03\/SMALL_HEADER-1024x214.png);}}\n\t\t\t\t\t\t\t@media (min-width: 992px) { #bloc_small_header_8 {background-image: url(https:\/\/www.lpehochiminh.com\/wp-content\/uploads\/2022\/03\/SMALL_HEADER-1024x214.png);}}\n\t\t\t\t\t\t\t@media (min-width: 1200px) { #bloc_small_header_8 {background-image: url(https:\/\/www.lpehochiminh.com\/wp-content\/uploads\/2022\/03\/SMALL_HEADER.png);}}\n\t\t\t\t\t\t<\/style>\n<div class=\"container d-flex flex-column justify-content-center align-items-start\">\n<h2><span>PH\u00c1T TRI\u1ec2N C\u00c1 NH\u00c2N<\/span><\/h2>\n<\/p><\/div>\n<\/p><\/div>\n<div class=\"bloctext bloctext--nocolor bloctext--haspattern\" id=\"bloc_6_9\">\n<div class=\"container\">\n<div class=\"row\">\n<div class=\"col-12 col-lg-4 col-xl-3 mb-1\">\n<h2><span>THO\u1ea2I M\u00c1I<\/span><\/h2>\n<\/p><\/div>\n<div class=\"col-12 col-lg-8 col-xl-9\">\n<div class=\"text pl-lg-4\">\n<p><strong>M\u1ed9t m\u00f4i tr\u01b0\u1eddng c\u00f3 l\u1ee3i cho s\u1ef1 ph\u00e1t tri\u1ec3n c\u1ee7a tr\u1ebb.<\/strong><\/p>\n<p>Ch\u00ednh trong m\u00f4i tr\u01b0\u1eddng g\u1ea7n g\u0169i v\u00e0 bao dung n\u00e0y, tr\u1ebb \u0111\u01b0\u1ee3c vui ch\u01a1i, x\u00e2y d\u1ef1ng, h\u1ecdc t\u1eadp v\u00e0 ph\u00e1t tri\u1ec3n kh\u1ea3 n\u0103ng t\u1ef1 nh\u1eadn th\u1ee9c. M\u00f4i tr\u01b0\u1eddng \u0111\u1eb7c bi\u1ec7t c\u1ee7a nh\u00e0 tr\u01b0\u1eddng, v\u1edbi khung c\u1ea3nh t\u1ef1 nhi\u00ean \u0111\u01b0\u1ee3c bao quanh b\u1edfi c\u00e2y c\u1ed1i, kh\u00f4ng gian y\u00ean t\u0129nh v\u00e0 c\u00e1c c\u01a1 s\u1edf th\u1ec3 thao g\u1ea7n \u0111\u00f3, r\u1ea5t thu\u1eadn l\u1ee3i cho vi\u1ec7c h\u1ecdc t\u1eadp c\u1ee7a tr\u1ebb. Nh\u00e0 tr\u01b0\u1eddng kh\u00f4ng ch\u1ec9 l\u00e0 n\u01a1i h\u1ecdc t\u1eadp \u0111\u1ea7u ti\u00ean m\u00e0 c\u00f2n tham gia t\u00edch c\u1ef1c v\u00e0o qu\u00e1 tr\u00ecnh ph\u00e1t tri\u1ec3n t\u1ed1t c\u1ee7a tr\u1ebb.<\/p>\n<p>Theo nghi\u00ean c\u1ee9u v\u1ec1 khoa h\u1ecdc th\u1ea7n kinh, gi\u1edd \u0111\u00e2y ch\u00fang ta \u0111\u00e3 bi\u1ebft \u0111\u01b0\u1ee3c r\u1eb1ng khi m\u1ed9t \u0111\u1ee9a tr\u1ebb ho\u00e0n to\u00e0n tho\u1ea3i m\u00e1i, ch\u00fang s\u1ebd h\u1ecdc t\u1eadp t\u1ed1t h\u01a1n! La Petite \u00c9cole lu\u00f4n n\u1ed7 l\u1ef1c h\u1ebft s\u1ee9c \u0111\u1ec3 \u0111\u1ea3m b\u1ea3o tr\u1ebb lu\u00f4n c\u1ea3m th\u1ea5y tho\u1ea3i m\u00e1i b\u1eb1ng c\u00e1ch h\u1ed7 tr\u1ee3 ph\u00f9 h\u1ee3p v\u1edbi nhu c\u1ea7u c\u1ee7a tr\u1ebb.<\/p>\n<\/p><\/div>\n<\/p><\/div>\n<\/p><\/div>\n<\/p><\/div>\n<\/div>\n<div class=\"blocmedia blocmedia--textright blocmedia--color4\" id=\"bloc_2_10\">\n<div class=\"container\">\n<div class=\"row\">\n<div class=\"col-12 col-md-6\">\n<div class=\"slider\">\n<div id=\"slider-bloc_2_10\" class=\"flexslider flexslider--blocmedia loading\">\n<ul class=\"slides list-unstyled\">\n<li class=\"slider-li\">\n\t\t\t\t\t\t\t\t\t\t     \t<a data-fancybox=\"rel-slider-bloc_2_10\" data-caption=\"\" href=\"https:\/\/www.lpehochiminh.com\/wp-content\/uploads\/2024\/01\/MG_3203-1-scaled.jpg\"><br \/>\n\t\t\t\t\t\t\t\t\t\t\t\t\t<img decoding=\"async\" class=\"img-fluid\" src=\"https:\/\/www.lpehochiminh.com\/wp-content\/uploads\/2024\/01\/MG_3203-1-scaled.jpg\" width=\"\" height=\"\" alt=\"\"><br \/>\n\t\t\t\t\t\t\t\t\t\t\t\t<\/a>\n\t\t\t\t\t\t\t\t\t\t     <\/li>\n<\/ul><\/div>\n<\/p><\/div>\n<\/p><\/div>\n<div class=\"col-12 col-md-5 d-flex flex-column justify-content-center align-items-start mb-2 mb-md-0\">\n<div class=\"text\">\n<h2><span>NH\u1eeeNG C\u1ea2M X\u00daC T\u1ea0I TR\u01af\u1edcNG LA PETITE \u00c9COLE<\/span><\/h2>\n<p>Tr\u1ebb em c\u1ea7n \u0111\u01b0\u1ee3c h\u1ed7 tr\u1ee3 trong vi\u1ec7c kh\u00e1m ph\u00e1 c\u1ea3m x\u00fac c\u1ee7a m\u00ecnh. T\u1ea1i La Petite \u00c9cole, ch\u00fang t\u00f4i kh\u00f4ng t\u00ecm c\u00e1ch che gi\u1ea5u hay k\u00ecm n\u00e9n c\u1ea3m x\u00fac c\u1ee7a tr\u1ebb, m\u00e0 ch\u00fang t\u00f4i \u0111\u01b0a cho tr\u1ebb nh\u1eefng c\u00f4ng c\u1ee5 c\u1ea7n thi\u1ebft \u0111\u1ec3 h\u1ecdc c\u00e1ch nh\u1eadn bi\u1ebft, ch\u1ea5p nh\u1eadn, th\u1ec3 hi\u1ec7n v\u00e0 qu\u1ea3n l\u00fd ch\u00fang.<\/p>\n<p>\t\t\t\t\t\t<!-- Changer la classe de couleur du bouton en fonction de la couleur g\u00e9n\u00e9rale du bloc --><\/p>\n<div class=\"bloc_cta\" ><\/div>\n<\/p><\/div>\n<\/p><\/div>\n<\/p><\/div>\n<\/p><\/div>\n<\/div>\n<div class=\"bloc_ctas bloc_cta container pt-2 pb-2 text-left\" id=\"bloc_ctas_11\"><\/div>\n<div class=\"blocmedia blocmedia--textleft blocmedia--color2\" id=\"bloc_2_12\">\n<div class=\"container\">\n<div class=\"row\">\n<div class=\"col-12 col-md-6\">\n<div class=\"slider\">\n<div id=\"slider-bloc_2_12\" class=\"flexslider flexslider--blocmedia loading\">\n<ul class=\"slides list-unstyled\">\n<li class=\"slider-li\">\n\t\t\t\t\t\t\t\t\t\t     \t<a data-fancybox=\"rel-slider-bloc_2_12\" data-caption=\"\" href=\"https:\/\/www.lpehochiminh.com\/wp-content\/uploads\/2024\/01\/numeracy-skills-lpehochiminh-3-722x564.jpg\"><br \/>\n\t\t\t\t\t\t\t\t\t\t\t\t\t<img decoding=\"async\" class=\"img-fluid\" src=\"https:\/\/www.lpehochiminh.com\/wp-content\/uploads\/2024\/01\/numeracy-skills-lpehochiminh-3-722x564.jpg\" width=\"\" height=\"\" alt=\"\"><br \/>\n\t\t\t\t\t\t\t\t\t\t\t\t<\/a>\n\t\t\t\t\t\t\t\t\t\t     <\/li>\n<\/ul><\/div>\n<\/p><\/div>\n<\/p><\/div>\n<div class=\"col-12 col-md-5 d-flex flex-column justify-content-center align-items-start mb-2 mb-md-0\">\n<div class=\"text\">\n<h2><span>S\u1ef0 T\u1ef0 TIN V\u00c0 L\u00d2NG T\u1ef0 TR\u1eccNG<\/span><\/h2>\n<p>Ngay t\u1eeb khi c\u00f2n nh\u1ecf, tr\u1ebb em c\u1ea7n \u0111\u01b0\u1ee3c h\u1ed7 tr\u1ee3 \u0111\u1ec3 ph\u00e1t tri\u1ec3n, v\u01b0\u1ee3t qua c\u00e1c tr\u1edf ng\u1ea1i v\u00e0 ki\u00ean tr\u00ec. Ch\u00fang ph\u1ee5 thu\u1ed9c r\u1ea5t nhi\u1ec1u v\u00e0o nh\u1eefng ng\u01b0\u1eddi xung quanh, nh\u1eefng ng\u01b0\u1eddi cho ho\u1eb7c kh\u00f4ng cho ch\u00fang s\u1ef1 t\u1ef1 tin v\u00e0 d\u1ea1y ch\u00fang c\u00e1ch y\u00eau ch\u00ednh b\u1ea3n th\u00e2n m\u00ecnh \u0111\u1ec3 ph\u00e1t tri\u1ec3n. T\u1ea1i La Petite \u00c9cole, ch\u00fang t\u00f4i tin r\u1eb1ng vi\u1ec7c d\u1ea1y cho tr\u1ebb c\u00e1ch y\u00eau ch\u00ednh b\u1ea3n th\u00e2n m\u00ecnh l\u00e0 m\u00f3n qu\u00e0 tuy\u1ec7t v\u1eddi nh\u1ea5t m\u00e0 ng\u01b0\u1eddi l\u1edbn c\u00f3 th\u1ec3 d\u00e0nh cho ch\u00fang. V\u00ec v\u1eady, c\u00e1c ph\u1ee5 huynh v\u00e0 gi\u00e1o vi\u00ean ph\u1ea3i lu\u00f4n truy\u1ec1n cho tr\u1ebb ni\u1ec1m tin v\u00e0o kh\u1ea3 n\u0103ng c\u1ee7a m\u00ecnh \u0111\u1ec3 t\u1ef1 c\u1ea3i thi\u1ec7n v\u00e0 v\u01b0\u1ee3t qua kh\u00f3 kh\u0103n.<\/p>\n<p>\t\t\t\t\t\t<!-- Changer la classe de couleur du bouton en fonction de la couleur g\u00e9n\u00e9rale du bloc --><\/p>\n<div class=\"bloc_cta\" ><\/div>\n<\/p><\/div>\n<\/p><\/div>\n<\/p><\/div>\n<\/p><\/div>\n<\/div>\n<div class=\"bloctext bloctext--nocolor bloctext--haspattern\" id=\"bloc_6_13\">\n<div class=\"container\">\n<div class=\"row\">\n<div class=\"col-12 col-lg-4 col-xl-3 mb-1\">\n<h2><span>TRI\u1ebeT L\u00dd C\u1ee6A CH\u00daNG T\u00d4I<\/span><\/h2>\n<\/p><\/div>\n<div class=\"col-12 col-lg-8 col-xl-9\">\n<div class=\"text pl-lg-4\">\n<p>\u0110\u1ec3 l\u00e0m \u0111\u01b0\u1ee3c \u0111i\u1ec1u n\u00e0y, tri\u1ebft l\u00fd c\u1ee7a ch\u00fang t\u00f4i l\u00e0 cho ph\u00e9p tr\u1ebb \u0111\u01b0\u1ee3c quy\u1ec1n ph\u1ea1m l\u1ed7i trong h\u1ecdc t\u1eadp: \u0111\u1ed9i ng\u0169 gi\u1ea3ng d\u1ea1y \u0111\u01b0\u1ee3c \u0111\u00e0o t\u1ea1o \u0111\u1ec3 n\u00e2ng cao gi\u00e1 tr\u1ecb c\u1ee7a qu\u00e1 tr\u00ecnh h\u1ecdc v\u00e0 khuy\u1ebfn kh\u00edch s\u1ef1 n\u1ed7 l\u1ef1c c\u1ee7a tr\u1ebb, thay v\u00ec ch\u1ec9 ch\u00fa tr\u1ecdng v\u00e0o k\u1ebft qu\u1ea3. Tr\u1ebb \u0111\u01b0\u1ee3c khuy\u1ebfn kh\u00edch t\u1ef1 l\u1eadp, t\u1ef1 m\u00e0y m\u00f2 v\u00e0 th\u1eed l\u00e0m m\u1ecdi vi\u1ec7c.<\/p>\n<p><strong>La Petite \u00c9cole, m\u1ed9t ng\u00f4i tr\u01b0\u1eddng nh\u00e2n v\u0103n, bao dung v\u00e0 vui v\u1ebb!<\/strong><\/p>\n<\/p><\/div>\n<\/p><\/div>\n<\/p><\/div>\n<\/p><\/div>\n<\/div>\n<div class=\"blocinfo blocinfo--color4\" id=\"bloc_10_14\">\n<div class=\"container\">\n<div class=\"row\">\n<div class=\"col-12 col-md-6\">\n<h2><span>\u0110\u1ec3 bi\u1ebft th\u00eam th\u00f4ng tin<\/span><\/h2>\n<p>\u0110\u1ed9i ng\u0169 v\u0103n ph\u00f2ng tuy\u1ec3n sinh s\u1eb5n s\u00e0ng gi\u1ea3i \u0111\u00e1p m\u1ecdi th\u1eafc m\u1eafc c\u1ee7a b\u1ea1n.<\/p>\n<p>\t\t\t\t<!-- Changer la classe de couleur du bouton en fonction de la couleur g\u00e9n\u00e9rale du bloc --><\/p>\n<div class=\"bloc_cta\" >\n\t<a href=\"https:\/\/www.lpehochiminh.com\/vi\/contactez-nous\/\" title=\"Li\u00ean h\u1ec7 v\u1edbi ch\u00fang t\u00f4i\" target=\"\" class=\"mr-3 btn btn--color4\" rel=\"noopener\">Li\u00ean h\u1ec7 v\u1edbi ch\u00fang t\u00f4i<\/a> \t\t\t\t<\/div>\n<\/p><\/div>\n<\/p><\/div>\n<\/p><\/div>\n<\/div>\n","protected":false},"excerpt":{"rendered":"<p>PH\u00c1T TRI\u1ec2N C\u00c1 NH\u00c2N THO\u1ea2I M\u00c1I M\u1ed9t m\u00f4i tr\u01b0\u1eddng c\u00f3 l\u1ee3i cho s\u1ef1 ph\u00e1t tri\u1ec3n c\u1ee7a tr\u1ebb. Ch\u00ednh trong m\u00f4i [&hellip;]<\/p>\n","protected":false},"author":4,"featured_media":0,"parent":6196,"menu_order":120,"comment_status":"closed","ping_status":"closed","template":"","meta":{"_acf_changed":false,"kdcopypost-origin-url":"","kdcopypost-origin-id":"","footnotes":""},"class_list":["post-6199","page","type-page","status-publish","hentry"],"acf":[],"yoast_head":"<!-- This site is optimized with the Yoast SEO plugin v26.8 - https:\/\/yoast.com\/product\/yoast-seo-wordpress\/ -->\n<title>Ph\u00e1t tri\u1ec3n c\u00e1 nh\u00e2n cho tr\u1ebb | La Petite \u00c9cole H\u1ed3 Ch\u00ed Minh<\/title>\n<meta name=\"description\" content=\"La Petite \u00c9cole gi\u00fap ph\u00e1t tri\u1ec3n c\u00e1 nh\u00e2n trong m\u00f4i tr\u01b0\u1eddng t\u1ef1 nhi\u00ean. Ch\u00fang t\u00f4i \u01b0u ti\u00ean s\u1ee9c kh\u1ecfe, th\u1ec3 ch\u1ea5t, tr\u00ed tu\u1ec7 c\u1ea3m x\u00fac v\u00e0 x\u00e2y d\u1ef1ng s\u1ef1 t\u1ef1 tin cho tr\u1ebb.\" \/>\n<meta name=\"robots\" content=\"index, follow, max-snippet:-1, max-image-preview:large, max-video-preview:-1\" \/>\n<link rel=\"canonical\" href=\"https:\/\/www.lpehochiminh.com\/vi\/mo-hinh-dao-tao\/phat-trien-ca-nhan\/\" \/>\n<meta property=\"og:locale\" content=\"vi_VN\" \/>\n<meta property=\"og:type\" content=\"article\" \/>\n<meta property=\"og:title\" content=\"Ph\u00e1t tri\u1ec3n c\u00e1 nh\u00e2n cho tr\u1ebb | La Petite \u00c9cole H\u1ed3 Ch\u00ed Minh\" \/>\n<meta property=\"og:description\" content=\"La Petite \u00c9cole gi\u00fap ph\u00e1t tri\u1ec3n c\u00e1 nh\u00e2n trong m\u00f4i tr\u01b0\u1eddng t\u1ef1 nhi\u00ean. Ch\u00fang t\u00f4i \u01b0u ti\u00ean s\u1ee9c kh\u1ecfe, th\u1ec3 ch\u1ea5t, tr\u00ed tu\u1ec7 c\u1ea3m x\u00fac v\u00e0 x\u00e2y d\u1ef1ng s\u1ef1 t\u1ef1 tin cho tr\u1ebb.\" \/>\n<meta property=\"og:url\" content=\"https:\/\/www.lpehochiminh.com\/vi\/mo-hinh-dao-tao\/phat-trien-ca-nhan\/\" \/>\n<meta property=\"og:site_name\" content=\"LPE Ho Chi Minh\" \/>\n<meta property=\"article:modified_time\" content=\"2024-01-19T10:07:27+00:00\" \/>\n<meta property=\"og:image\" content=\"https:\/\/www.lpehochiminh.com\/wp-content\/uploads\/2024\/01\/MG_3203-1-scaled.jpg\" \/>\n<meta name=\"twitter:card\" content=\"summary_large_image\" \/>\n<meta name=\"twitter:label1\" content=\"Est. reading time\" \/>\n\t<meta name=\"twitter:data1\" content=\"6 minutes\" \/>\n<!-- \/ Yoast SEO plugin. -->","yoast_head_json":{"title":"Ph\u00e1t tri\u1ec3n c\u00e1 nh\u00e2n cho tr\u1ebb | La Petite \u00c9cole H\u1ed3 Ch\u00ed Minh","description":"La Petite \u00c9cole gi\u00fap ph\u00e1t tri\u1ec3n c\u00e1 nh\u00e2n trong m\u00f4i tr\u01b0\u1eddng t\u1ef1 nhi\u00ean. Ch\u00fang t\u00f4i \u01b0u ti\u00ean s\u1ee9c kh\u1ecfe, th\u1ec3 ch\u1ea5t, tr\u00ed tu\u1ec7 c\u1ea3m x\u00fac v\u00e0 x\u00e2y d\u1ef1ng s\u1ef1 t\u1ef1 tin cho tr\u1ebb.","robots":{"index":"index","follow":"follow","max-snippet":"max-snippet:-1","max-image-preview":"max-image-preview:large","max-video-preview":"max-video-preview:-1"},"canonical":"https:\/\/www.lpehochiminh.com\/vi\/mo-hinh-dao-tao\/phat-trien-ca-nhan\/","og_locale":"vi_VN","og_type":"article","og_title":"Ph\u00e1t tri\u1ec3n c\u00e1 nh\u00e2n cho tr\u1ebb | La Petite \u00c9cole H\u1ed3 Ch\u00ed Minh","og_description":"La Petite \u00c9cole gi\u00fap ph\u00e1t tri\u1ec3n c\u00e1 nh\u00e2n trong m\u00f4i tr\u01b0\u1eddng t\u1ef1 nhi\u00ean. Ch\u00fang t\u00f4i \u01b0u ti\u00ean s\u1ee9c kh\u1ecfe, th\u1ec3 ch\u1ea5t, tr\u00ed tu\u1ec7 c\u1ea3m x\u00fac v\u00e0 x\u00e2y d\u1ef1ng s\u1ef1 t\u1ef1 tin cho tr\u1ebb.","og_url":"https:\/\/www.lpehochiminh.com\/vi\/mo-hinh-dao-tao\/phat-trien-ca-nhan\/","og_site_name":"LPE Ho Chi Minh","article_modified_time":"2024-01-19T10:07:27+00:00","og_image":[{"url":"https:\/\/www.lpehochiminh.com\/wp-content\/uploads\/2024\/01\/MG_3203-1-scaled.jpg","type":"","width":"","height":""}],"twitter_card":"summary_large_image","twitter_misc":{"Est. reading time":"6 minutes"},"schema":{"@context":"https:\/\/schema.org","@graph":[{"@type":"WebPage","@id":"https:\/\/www.lpehochiminh.com\/vi\/mo-hinh-dao-tao\/phat-trien-ca-nhan\/","url":"https:\/\/www.lpehochiminh.com\/vi\/mo-hinh-dao-tao\/phat-trien-ca-nhan\/","name":"Ph\u00e1t tri\u1ec3n c\u00e1 nh\u00e2n cho tr\u1ebb | La Petite \u00c9cole H\u1ed3 Ch\u00ed Minh","isPartOf":{"@id":"https:\/\/www.lpehochiminh.com\/vi\/#website"},"primaryImageOfPage":{"@id":"https:\/\/www.lpehochiminh.com\/vi\/mo-hinh-dao-tao\/phat-trien-ca-nhan\/#primaryimage"},"image":{"@id":"https:\/\/www.lpehochiminh.com\/vi\/mo-hinh-dao-tao\/phat-trien-ca-nhan\/#primaryimage"},"thumbnailUrl":"https:\/\/www.lpehochiminh.com\/wp-content\/uploads\/2024\/01\/MG_3203-1-scaled.jpg","datePublished":"2022-02-11T10:12:09+00:00","dateModified":"2024-01-19T10:07:27+00:00","description":"La Petite \u00c9cole gi\u00fap ph\u00e1t tri\u1ec3n c\u00e1 nh\u00e2n trong m\u00f4i tr\u01b0\u1eddng t\u1ef1 nhi\u00ean. Ch\u00fang t\u00f4i \u01b0u ti\u00ean s\u1ee9c kh\u1ecfe, th\u1ec3 ch\u1ea5t, tr\u00ed tu\u1ec7 c\u1ea3m x\u00fac v\u00e0 x\u00e2y d\u1ef1ng s\u1ef1 t\u1ef1 tin cho tr\u1ebb.","breadcrumb":{"@id":"https:\/\/www.lpehochiminh.com\/vi\/mo-hinh-dao-tao\/phat-trien-ca-nhan\/#breadcrumb"},"inLanguage":"vi-VN","potentialAction":[{"@type":"ReadAction","target":["https:\/\/www.lpehochiminh.com\/vi\/mo-hinh-dao-tao\/phat-trien-ca-nhan\/"]}]},{"@type":"ImageObject","inLanguage":"vi-VN","@id":"https:\/\/www.lpehochiminh.com\/vi\/mo-hinh-dao-tao\/phat-trien-ca-nhan\/#primaryimage","url":"https:\/\/www.lpehochiminh.com\/wp-content\/uploads\/2024\/01\/MG_3203-1-scaled.jpg","contentUrl":"https:\/\/www.lpehochiminh.com\/wp-content\/uploads\/2024\/01\/MG_3203-1-scaled.jpg"},{"@type":"BreadcrumbList","@id":"https:\/\/www.lpehochiminh.com\/vi\/mo-hinh-dao-tao\/phat-trien-ca-nhan\/#breadcrumb","itemListElement":[{"@type":"ListItem","position":1,"name":"Accueil","item":"https:\/\/www.lpehochiminh.com\/vi\/"},{"@type":"ListItem","position":2,"name":"M\u00f4 h\u00ecnh \u0111\u00e0o t\u1ea1o","item":"https:\/\/www.lpehochiminh.com\/vi\/mo-hinh-dao-tao\/"},{"@type":"ListItem","position":3,"name":"Ph\u00e1t tri\u1ec3n c\u00e1 nh\u00e2n"}]},{"@type":"WebSite","@id":"https:\/\/www.lpehochiminh.com\/vi\/#website","url":"https:\/\/www.lpehochiminh.com\/vi\/","name":"LPE Ho Chi Minh - \u00e9cole internationale plurilingue de la cr\u00e8che au CM2","description":"LPE Ho Chi Minh","publisher":{"@id":"https:\/\/www.lpehochiminh.com\/vi\/#organization"},"alternateName":"LPE Ho Chi Minh","potentialAction":[{"@type":"SearchAction","target":{"@type":"EntryPoint","urlTemplate":"https:\/\/www.lpehochiminh.com\/vi\/?s={search_term_string}"},"query-input":{"@type":"PropertyValueSpecification","valueRequired":true,"valueName":"search_term_string"}}],"inLanguage":"vi-VN"},{"@type":"Organization","@id":"https:\/\/www.lpehochiminh.com\/vi\/#organization","name":"LPE Ho Chi Minh","url":"https:\/\/www.lpehochiminh.com\/vi\/","logo":{"@type":"ImageObject","inLanguage":"vi-VN","@id":"https:\/\/www.lpehochiminh.com\/vi\/#\/schema\/logo\/image\/","url":"https:\/\/www.lpehochiminh.com\/wp-content\/uploads\/2023\/05\/logo-rond-blanc.png","contentUrl":"https:\/\/www.lpehochiminh.com\/wp-content\/uploads\/2023\/05\/logo-rond-blanc.png","width":1993,"height":1990,"caption":"LPE Ho Chi Minh"},"image":{"@id":"https:\/\/www.lpehochiminh.com\/vi\/#\/schema\/logo\/image\/"}}]}},"_links":{"self":[{"href":"https:\/\/www.lpehochiminh.com\/vi\/wp-json\/wp\/v2\/pages\/6199","targetHints":{"allow":["GET"]}}],"collection":[{"href":"https:\/\/www.lpehochiminh.com\/vi\/wp-json\/wp\/v2\/pages"}],"about":[{"href":"https:\/\/www.lpehochiminh.com\/vi\/wp-json\/wp\/v2\/types\/page"}],"author":[{"embeddable":true,"href":"https:\/\/www.lpehochiminh.com\/vi\/wp-json\/wp\/v2\/users\/4"}],"replies":[{"embeddable":true,"href":"https:\/\/www.lpehochiminh.com\/vi\/wp-json\/wp\/v2\/comments?post=6199"}],"version-history":[{"count":8,"href":"https:\/\/www.lpehochiminh.com\/vi\/wp-json\/wp\/v2\/pages\/6199\/revisions"}],"predecessor-version":[{"id":10967,"href":"https:\/\/www.lpehochiminh.com\/vi\/wp-json\/wp\/v2\/pages\/6199\/revisions\/10967"}],"up":[{"embeddable":true,"href":"https:\/\/www.lpehochiminh.com\/vi\/wp-json\/wp\/v2\/pages\/6196"}],"wp:attachment":[{"href":"https:\/\/www.lpehochiminh.com\/vi\/wp-json\/wp\/v2\/media?parent=6199"}],"curies":[{"name":"wp","href":"https:\/\/api.w.org\/{rel}","templated":true}]}}