{"id":6201,"date":"2022-02-11T11:13:15","date_gmt":"2022-02-11T10:13:15","guid":{"rendered":"https:\/\/lpevn.agencebisart.com\/modele-pedagogique\/lenseignement-francais-a-letranger\/"},"modified":"2023-11-01T11:23:22","modified_gmt":"2023-11-01T10:23:22","slug":"giang-day-tieng-phap-o-nuoc-ngoai","status":"publish","type":"page","link":"https:\/\/www.lpehochiminh.com\/vi\/mo-hinh-dao-tao\/giang-day-tieng-phap-o-nuoc-ngoai\/","title":{"rendered":"Gi\u1ea3ng d\u1ea1y ti\u1ebfng ph\u00e1p \u1edf n\u01b0\u1edbc ngo\u00e0i"},"content":{"rendered":"<p>\t\t\t\t<!-- avec ou sans CTA : m\u00eame code, \u00e7a centre verticalement le texte --><\/p>\n<div class=\"smallheader\" id=\"bloc_small_header_5\">\n<style type=\"text\/css\">\n\t\t\t\t\t\t\t#bloc_small_header_5 {background-image: url(https:\/\/www.lpehochiminh.com\/wp-content\/uploads\/2022\/03\/SMALL_HEADER7-610x268.png);}\n\t\t\t\t\t\t\t@media (min-width: 480px) {\t#bloc_small_header_5 {background-image: url(https:\/\/www.lpehochiminh.com\/wp-content\/uploads\/2022\/03\/SMALL_HEADER7-610x268.png);}}\n\t\t\t\t\t\t\t@media (min-width: 768px) {\t#bloc_small_header_5 {background-image: url(https:\/\/www.lpehochiminh.com\/wp-content\/uploads\/2022\/03\/SMALL_HEADER7-1024x214.png);}}\n\t\t\t\t\t\t\t@media (min-width: 992px) { #bloc_small_header_5 {background-image: url(https:\/\/www.lpehochiminh.com\/wp-content\/uploads\/2022\/03\/SMALL_HEADER7-1024x214.png);}}\n\t\t\t\t\t\t\t@media (min-width: 1200px) { #bloc_small_header_5 {background-image: url(https:\/\/www.lpehochiminh.com\/wp-content\/uploads\/2022\/03\/SMALL_HEADER7.png);}}\n\t\t\t\t\t\t<\/style>\n<div class=\"container d-flex flex-column justify-content-center align-items-start\">\n<h2><span>GI\u1ea2NG D\u1ea0Y TI\u1ebeNG PH\u00c1P \u1ede N\u01af\u1edaC NGO\u00c0I<\/span><\/h2>\n<\/p><\/div>\n<\/p><\/div>\n<div class=\"bloctext bloctext--nocolor bloctext--haspattern\" id=\"bloc_6_6\">\n<div class=\"container\">\n<div class=\"row\">\n<div class=\"col-12 col-lg-4 col-xl-3 mb-1\">\n<h2><span>AEFE<\/span><\/h2>\n<\/p><\/div>\n<div class=\"col-12 col-lg-8 col-xl-9\">\n<div class=\"text pl-lg-4\">\n<p>C\u01a1 quan gi\u00e1o d\u1ee5c Ph\u00e1p t\u1ea1i n\u01b0\u1edbc ngo\u00e0i, l\u00e0 c\u01a1 quan \u0111i\u1ec1u h\u00e0nh thu\u1ed9c B\u1ed9 Ngo\u1ea1i giao v\u00e0 Ch\u00e2u \u00c2u c\u1ee7a Ph\u00e1p, qu\u1ea3n l\u00fd v\u00e0 h\u1ed7 tr\u1ee3 m\u1ea1ng l\u01b0\u1edbi g\u1ed3m 540 tr\u01b0\u1eddng h\u1ecdc t\u1ea1i 138 qu\u1ed1c gia. M\u1ea1ng l\u01b0\u1edbi n\u00e0y \u0111\u00e3 \u0111\u00f3n ti\u1ebfp h\u01a1n 365 000 h\u1ecdc sinh, trong \u0111\u00f3 c\u00f3 60% l\u00e0 h\u1ecdc sinh n\u01b0\u1edbc ngo\u00e0i, nh\u1eefng ng\u01b0\u1eddi \u0111\u01b0\u1ee3c \u0111\u1ea3m b\u1ea3o v\u1ec1 kh\u1ea3 n\u0103ng ti\u1ebfp c\u1eadn v\u1edbi n\u1ec1n gi\u00e1o d\u1ee5c v\u00e0 s\u01b0 ph\u1ea1m xu\u1ea5t s\u1eafc tr\u00ean to\u00e0n th\u1ebf gi\u1edbi. L\u00e0 c\u01a1 quan duy nh\u1ea5t c\u00f3 ph\u1ea1m vi ph\u00e1t tri\u1ec3n r\u1ed9ng v\u1edbi nhi\u1ec1u c\u01a1 s\u1edf v\u00e0 th\u1ed1ng nh\u1ea5t trong ho\u1ea1t \u0111\u1ed9ng, \u0111\u01b0\u1ee3c \u0111\u1ea3m b\u1ea3o th\u00f4ng qua ph\u00ea duy\u1ec7t c\u1ee7a B\u1ed9 gi\u00e1o d\u1ee5c qu\u1ed1c gia, Thanh ni\u00ean v\u00e0 Th\u1ec3 thao, m\u1ea1ng l\u01b0\u1edbi c\u00e1c tr\u01b0\u1eddng Ph\u00e1p \u1edf n\u01b0\u1edbc ngo\u00e0i l\u00e0 m\u1ed9t trong nh\u1eefng nh\u00e2n t\u1ed1 quan tr\u1ecdng trong ho\u1ea1t \u0111\u1ed9ng \u0111\u1ed1i ngo\u1ea1i c\u1ee7a Ph\u00e1p.<\/p>\n<p>AEFE k\u1ebft h\u1ee3p h\u00e0i h\u00f2a gi\u1eefa s\u1ee9 m\u1ec7nh cung c\u1ea5p d\u1ecbch v\u1ee5 c\u00f4ng cho c\u00e1c gia \u0111\u00ecnh ng\u01b0\u1eddi Ph\u00e1p \u1edf n\u01b0\u1edbc ngo\u00e0i v\u1edbi s\u1ee9 m\u1ec7nh qu\u1ea3ng b\u00e1 ng\u00f4n ng\u1eef, v\u0103n h\u00f3a c\u1ee7a Ph\u00e1p v\u00e0 c\u00e1c gi\u00e1 tr\u1ecb m\u00e0 n\u1ec1n gi\u00e1o d\u1ee5c Ph\u00e1p mang l\u1ea1i b\u1eb1ng c\u00e1ch m\u1edf c\u1eeda cho c\u00e1c h\u1ecdc sinh n\u01b0\u1edbc ngo\u00e0i. \u0110\u1ec3 \u0111\u1ea1t \u0111\u01b0\u1ee3c m\u1ee5c ti\u00eau n\u00e0y, C\u01a1 quan th\u1ef1c hi\u1ec7n m\u1ed9t ch\u00ednh s\u00e1ch gi\u00e1o d\u1ee5c \u0111\u1ed5i m\u1edbi, ph\u00f9 h\u1ee3p v\u1edbi c\u00e1c ch\u01b0\u01a1ng tr\u00ecnh c\u1ee7a B\u1ed9 gi\u00e1o d\u1ee5c Qu\u1ed1c gia, Thanh ni\u00ean v\u00e0 Th\u1ec3 thao c\u1ee7a Ph\u00e1p, \u0111\u1ed3ng th\u1eddi c\u1edfi m\u1edf v\u1edbi ng\u00f4n ng\u1eef v\u00e0 v\u0103n h\u00f3a c\u1ee7a n\u01b0\u1edbc s\u1edf t\u1ea1i.<\/p>\n<p>Cho tr\u1ebb \u0111i h\u1ecdc t\u1ea1i m\u1ed9t c\u01a1 s\u1edf gi\u00e1o d\u1ee5c \u0111\u01b0\u1ee3c c\u00f4ng nh\u1eadn c\u1ee7a Ph\u00e1p, l\u00e0 m\u1ed9t l\u1ef1a ch\u1ecdn tuy\u1ec7t v\u1eddi v\u1ec1 gi\u00e1o d\u1ee5c \u0111\u1ed1i v\u1edbi t\u1ea5t c\u1ea3 m\u1ecdi ng\u01b0\u1eddi. L\u00e0 mu\u1ed1n \u0111\u01b0\u1ee3c \u0111\u00e0o t\u1ea1o \u0111a ng\u00f4n ng\u1eef v\u00e0 c\u1edfi m\u1edf v\u1ec1 v\u0103n h\u00f3a. L\u00e0 l\u1ef1a ch\u1ecdn m\u1ed9t n\u1ec1n v\u0103n h\u00f3a t\u1ef1 ch\u1ee7, ph\u1ea3n \u00e1nh v\u00e0 cam k\u1ebft x\u00e3 h\u1ed9i, h\u1ecdc c\u00e1ch s\u1ed1ng chung v\u00e0 r\u00e8n luy\u1ec7n t\u01b0 c\u00e1ch c\u00f4ng d\u00e2n. M\u00f4 h\u00ecnh n\u00e0y ph\u00f9 h\u1ee3p v\u1edbi m\u1ecdi ng\u01b0\u1eddi v\u00e0 b\u1ed1i c\u1ea3nh \u0111\u1ecba ph\u01b0\u01a1ng, trong khu\u00f4n kh\u1ed5 tu\u00e2n th\u1ee7 c\u00e1c quy \u0111\u1ecbnh c\u1ee7a qu\u1ed1c gia, li\u00ean k\u1ebft v\u1edbi c\u00e1c c\u01a1 quan ngo\u1ea1i giao c\u1ee7a Ph\u00e1p.<\/p>\n<p>Nh\u1eefng c\u1ea3i c\u00e1ch l\u1edbn c\u1ee7a B\u1ed9 gi\u00e1o d\u1ee5c Qu\u1ed1c gia, Thanh ni\u00ean v\u00e0 Th\u1ec3 thao &#8211; \u0111\u1eb7c bi\u1ec7t l\u00e0 c\u1ea3i c\u00e1ch tr\u01b0\u1eddng THPT \u0111\u01b0\u1ee3c \u0111\u01b0a ra v\u1edbi tri\u1ec3n v\u1ecdng v\u1ec1 b\u1eb1ng t\u00fa t\u00e0i m\u1edbi v\u00e0o n\u0103m 2021 &#8211; \u0111\u01b0\u1ee3c th\u1ef1c hi\u1ec7n \u0111\u1ea7y \u0111\u1ee7 \u0111\u1ec3 \u0111\u1ea3m b\u1ea3o cung c\u1ea5p cho c\u00e1c gia \u0111\u00ecnh v\u00e0 h\u1ecdc sinh ch\u1ea5t l\u01b0\u1ee3ng gi\u00e1o d\u1ee5c ho\u00e0n to\u00e0n \u0111\u00fang theo c\u00e1c ch\u1ec9 th\u1ecb c\u1ee7a Ph\u00e1p. Nh\u1eefng ng\u01b0\u1eddi trong ban qu\u1ea3n l\u00fd, ng\u01b0\u1eddi \u0111\u01b0\u1ee3c bi\u1ec7t ph\u00e1i t\u1eeb B\u1ed9 gi\u00e1o d\u1ee5c qu\u1ed1c gia v\u00e0 ng\u01b0\u1eddi \u0111\u01b0\u1ee3c tuy\u1ec3n d\u1ee5ng theo h\u1ee3p \u0111\u1ed3ng \u0111\u1ecba ph\u01b0\u01a1ng \u0111\u1ec1u \u0111\u01b0\u1ee3c huy \u0111\u1ed9ng tham gia c\u00e1c d\u1ef1 \u00e1n n\u00e0y. K\u1ebft qu\u1ea3 xu\u1ea5t s\u1eafc trong c\u00e1c k\u1ef3 thi &#8211; b\u1eb1ng s\u00e1ng ch\u1ebf qu\u1ed1c gia (DNB) v\u00e0 b\u1eb1ng t\u00fa t\u00e0i &#8211; l\u00e0 nh\u1eefng d\u1ea5u hi\u1ec7u r\u1ea5t t\u1ed1t v\u1ec1 ch\u1ea5t l\u01b0\u1ee3ng \u0111\u00e0o t\u1ea1o. Vi\u1ec7c c\u00e1c c\u1ef1u h\u1ecdc sinh c\u1ee7a ch\u00fang t\u00f4i theo h\u1ecdc t\u1ea1i c\u00e1c tr\u01b0\u1eddng h\u1ecdc v\u00e0 \u0111\u1ea1i h\u1ecdc l\u1edbn t\u1ed1t nh\u1ea5t \u1edf Ph\u00e1p v\u00e0 n\u01b0\u1edbc ngo\u00e0i l\u00e0 m\u1ed9t minh ch\u1ee9ng kh\u00e1c cho \u0111i\u1ec1u n\u00e0y.<\/p>\n<p>M\u1ea1ng l\u01b0\u1edbi gi\u00e1o d\u1ee5c c\u1ee7a Ph\u00e1p \u1edf n\u01b0\u1edbc ngo\u00e0i \u0111\u01b0\u1ee3c ho\u00e0n thi\u1ec7n b\u1edfi hai h\u1ec7 th\u1ed1ng, LabelFranc\u00c9ducation v\u00e0 FLAM. H\u1ecd \u0111\u00e1p \u1ee9ng nhu c\u1ea7u gi\u00e1o d\u1ee5c b\u1eb1ng ti\u1ebfng Ph\u00e1p \u0111a d\u1ea1ng tr\u00ean kh\u1eafp th\u1ebf gi\u1edbi. Do \u0111\u00f3, vi\u1ec7c ph\u00e1t tri\u1ec3n c\u1ee7a c\u00e1c b\u1ed9 ph\u1eadn gi\u1ea3ng d\u1ea1y song ng\u1eef xu\u1ea5t s\u1eafc trong c\u00e1c h\u1ec7 th\u1ed1ng gi\u00e1o d\u1ee5c n\u01b0\u1edbc ngo\u00e0i \u0111\u01b0\u1ee3c khuy\u1ebfn kh\u00edch b\u1eb1ng vi\u1ec7c trao gi\u1ea3i th\u01b0\u1edfng c\u1ee7a LabelFranc\u00c9ducation. Ngo\u00e0i ra, vi\u1ec7c h\u1ecdc ti\u1ebfng Ph\u00e1p c\u1ee7a tr\u1ebb em ng\u01b0\u1eddi Ph\u00e1p kh\u00f4ng theo h\u1ecdc t\u1ea1i m\u1ed9t c\u01a1 s\u1edf gi\u00e1o d\u1ee5c c\u1ee7a Ph\u00e1p \u1edf n\u01b0\u1edbc ngo\u00e0i s\u1ebd \u0111\u01b0\u1ee3c h\u1ed7 tr\u1ee3 b\u1edfi h\u1ec7 th\u1ed1ng FLAM (ti\u1ebfng Ph\u00e1p &#8211; ti\u1ebfng m\u1eb9 \u0111\u1ebb).<\/p>\n<\/p><\/div>\n<\/p><\/div>\n<\/p><\/div>\n<\/p><\/div>\n<\/div>\n<div class=\"citation citation--color1\" id=\"bloc_12_7\">\n<div class=\"container\">\n<div class=\"row justify-content-center\">\n<div class=\"col-12 col-lg-10\">\n<blockquote><p>Trong qu\u00e1 tr\u00ecnh v\u1eadn h\u00e0nh, C\u01a1 quan \u0111\u00e3 c\u00f9ng v\u1edbi nhi\u1ec1u \u0111\u1ed1i t\u00e1c t\u1ea1o n\u00ean m\u1ed9t c\u1ed9ng \u0111\u1ed3ng gi\u00e1o d\u1ee5c: ph\u1ee5 huynh h\u1ecdc sinh, c\u1ef1u h\u1ecdc sinh, ng\u01b0\u1eddi Ph\u00e1p \u0111\u01b0\u1ee3c b\u1ea7u \u1edf n\u01b0\u1edbc ngo\u00e0i, ng\u01b0\u1eddi \u0111\u1ea1i di\u1ec7n cho \u0111\u1ed9i ng\u0169 nh\u00e2n vi\u00ean, c\u00e1c \u0111\u1ed1i t\u00e1c th\u1ec3 thao, gi\u00e1o d\u1ee5c, truy\u1ec1n th\u00f4ng c\u1ee7a Ph\u00e1p v\u00e0 c\u1ee7a n\u01b0\u1edbc ngo\u00e0i. T\u1ea5t c\u1ea3 m\u1ecdi ng\u01b0\u1eddi c\u00f9ng l\u00e0m vi\u1ec7c v\u00ec s\u1ef1 th\u00e0nh c\u00f4ng c\u1ee7a h\u1ecdc sinh.<\/p><\/blockquote>\n<p>\t\t\t\t<cite class=\"author\"><br \/>\n\t\t\t\t\t<img loading=\"lazy\" decoding=\"async\" src=\"https:\/\/www.lpehochiminh.com\/wp-content\/uploads\/2022\/02\/olivier-brochet-284x284.jpeg\" width=\"58\" height=\"58\" alt=\"\"><\/p>\n<div>\n\t\t\t\t\t\t<strong>Olivier Brochet<\/strong><br \/>\n\t\t\t\t\t\t<span>Gi\u00e1m \u0111\u1ed1c AEFE<\/span>\n\t\t\t\t\t<\/div>\n<p>\t\t\t\t<\/cite>\n\t\t\t<\/div>\n<\/p><\/div>\n<\/p><\/div>\n<\/div>\n<div class=\"blocinfo blocinfo--color4\" id=\"bloc_10_8\">\n<div class=\"container\">\n<div class=\"row\">\n<div class=\"col-12 col-md-6\">\n<h2><span>\u0110\u1ec3 t\u00ecm hi\u1ec3u th\u00eam v\u1ec1 vi\u1ec7c gi\u1ea3ng d\u1ea1y ti\u1ebfng Ph\u00e1p \u1edf n\u01b0\u1edbc ngo\u00e0i:<\/span><\/h2>\n<p>Tham kh\u1ea3o T\u00e0i li\u1ec7u gi\u1ea3ng d\u1ea1y ti\u1ebfng Ph\u00e1p \u1edf n\u01b0\u1edbc ngo\u00e0i c\u1ee7a AEFE<\/p>\n<p>\t\t\t\t<!-- Changer la classe de couleur du bouton en fonction de la couleur g\u00e9n\u00e9rale du bloc --><\/p>\n<div class=\"bloc_cta\" >\n\t<a href=\"https:\/\/www.lpehochiminh.com\/wp-content\/uploads\/2023\/11\/Brochure-AEFE-2023.pdf\" title=\"T\u1ea3i t\u00e0i li\u1ec7u\" target=\"_blank\" class=\"mr-3 btn btn--color4\" rel=\"noopener\">T\u1ea3i t\u00e0i li\u1ec7u<\/a> \t\t\t\t<\/div>\n<\/p><\/div>\n<\/p><\/div>\n<\/p><\/div>\n<\/div>\n","protected":false},"excerpt":{"rendered":"<p>GI\u1ea2NG D\u1ea0Y TI\u1ebeNG PH\u00c1P \u1ede N\u01af\u1edaC NGO\u00c0I AEFE C\u01a1 quan gi\u00e1o d\u1ee5c Ph\u00e1p t\u1ea1i n\u01b0\u1edbc ngo\u00e0i, l\u00e0 c\u01a1 quan \u0111i\u1ec1u [&hellip;]<\/p>\n","protected":false},"author":4,"featured_media":0,"parent":6196,"menu_order":140,"comment_status":"closed","ping_status":"closed","template":"","meta":{"_acf_changed":false,"kdcopypost-origin-url":"","kdcopypost-origin-id":"","footnotes":""},"class_list":["post-6201","page","type-page","status-publish","hentry"],"acf":[],"yoast_head":"<!-- This site is optimized with the Yoast SEO plugin v26.8 - https:\/\/yoast.com\/product\/yoast-seo-wordpress\/ -->\n<title>Gi\u1ea3ng d\u1ea1y ti\u1ebfng Ph\u00e1p \u1edf n\u01b0\u1edbc ngo\u00e0i | LPE H\u1ed3 Ch\u00ed Minh<\/title>\n<meta name=\"description\" content=\"AEFE l\u00e0 C\u01a1 quan Gi\u00e1o d\u1ee5c Ph\u00e1p \u1edf n\u01b0\u1edbc ngo\u00e0i. La Petite \u00c9cole \u0111\u01b0\u1ee3c vinh d\u1ef1 l\u00e0 \u0111\u1ed1i t\u00e1c thu\u1ed9c M\u1ea1ng l\u01b0\u1edbi gi\u00e1o d\u1ee5c n\u00e0y v\u1edbi c\u00e1c Ch\u01b0\u01a1ng tr\u00ecnh \u0111\u00e0o t\u1ea1o \u0110a ng\u00f4n ng\u1eef.\" \/>\n<meta name=\"robots\" content=\"index, follow, max-snippet:-1, max-image-preview:large, max-video-preview:-1\" \/>\n<link rel=\"canonical\" href=\"https:\/\/www.lpehochiminh.com\/vi\/mo-hinh-dao-tao\/giang-day-tieng-phap-o-nuoc-ngoai\/\" \/>\n<meta property=\"og:locale\" content=\"vi_VN\" \/>\n<meta property=\"og:type\" content=\"article\" \/>\n<meta property=\"og:title\" content=\"Gi\u1ea3ng d\u1ea1y ti\u1ebfng Ph\u00e1p \u1edf n\u01b0\u1edbc ngo\u00e0i | LPE H\u1ed3 Ch\u00ed Minh\" \/>\n<meta property=\"og:description\" content=\"AEFE l\u00e0 C\u01a1 quan Gi\u00e1o d\u1ee5c Ph\u00e1p \u1edf n\u01b0\u1edbc ngo\u00e0i. La Petite \u00c9cole \u0111\u01b0\u1ee3c vinh d\u1ef1 l\u00e0 \u0111\u1ed1i t\u00e1c thu\u1ed9c M\u1ea1ng l\u01b0\u1edbi gi\u00e1o d\u1ee5c n\u00e0y v\u1edbi c\u00e1c Ch\u01b0\u01a1ng tr\u00ecnh \u0111\u00e0o t\u1ea1o \u0110a ng\u00f4n ng\u1eef.\" \/>\n<meta property=\"og:url\" content=\"https:\/\/www.lpehochiminh.com\/vi\/mo-hinh-dao-tao\/giang-day-tieng-phap-o-nuoc-ngoai\/\" \/>\n<meta property=\"og:site_name\" content=\"LPE Ho Chi Minh\" \/>\n<meta property=\"article:modified_time\" content=\"2023-11-01T10:23:22+00:00\" \/>\n<meta property=\"og:image\" content=\"https:\/\/www.lpehochiminh.com\/wp-content\/uploads\/2022\/02\/olivier-brochet-284x284.jpeg\" \/>\n<meta name=\"twitter:card\" content=\"summary_large_image\" \/>\n<meta name=\"twitter:label1\" content=\"Est. reading time\" \/>\n\t<meta name=\"twitter:data1\" content=\"4 minutes\" \/>\n<!-- \/ Yoast SEO plugin. -->","yoast_head_json":{"title":"Gi\u1ea3ng d\u1ea1y ti\u1ebfng Ph\u00e1p \u1edf n\u01b0\u1edbc ngo\u00e0i | LPE H\u1ed3 Ch\u00ed Minh","description":"AEFE l\u00e0 C\u01a1 quan Gi\u00e1o d\u1ee5c Ph\u00e1p \u1edf n\u01b0\u1edbc ngo\u00e0i. La Petite \u00c9cole \u0111\u01b0\u1ee3c vinh d\u1ef1 l\u00e0 \u0111\u1ed1i t\u00e1c thu\u1ed9c M\u1ea1ng l\u01b0\u1edbi gi\u00e1o d\u1ee5c n\u00e0y v\u1edbi c\u00e1c Ch\u01b0\u01a1ng tr\u00ecnh \u0111\u00e0o t\u1ea1o \u0110a ng\u00f4n ng\u1eef.","robots":{"index":"index","follow":"follow","max-snippet":"max-snippet:-1","max-image-preview":"max-image-preview:large","max-video-preview":"max-video-preview:-1"},"canonical":"https:\/\/www.lpehochiminh.com\/vi\/mo-hinh-dao-tao\/giang-day-tieng-phap-o-nuoc-ngoai\/","og_locale":"vi_VN","og_type":"article","og_title":"Gi\u1ea3ng d\u1ea1y ti\u1ebfng Ph\u00e1p \u1edf n\u01b0\u1edbc ngo\u00e0i | LPE H\u1ed3 Ch\u00ed Minh","og_description":"AEFE l\u00e0 C\u01a1 quan Gi\u00e1o d\u1ee5c Ph\u00e1p \u1edf n\u01b0\u1edbc ngo\u00e0i. La Petite \u00c9cole \u0111\u01b0\u1ee3c vinh d\u1ef1 l\u00e0 \u0111\u1ed1i t\u00e1c thu\u1ed9c M\u1ea1ng l\u01b0\u1edbi gi\u00e1o d\u1ee5c n\u00e0y v\u1edbi c\u00e1c Ch\u01b0\u01a1ng tr\u00ecnh \u0111\u00e0o t\u1ea1o \u0110a ng\u00f4n ng\u1eef.","og_url":"https:\/\/www.lpehochiminh.com\/vi\/mo-hinh-dao-tao\/giang-day-tieng-phap-o-nuoc-ngoai\/","og_site_name":"LPE Ho Chi Minh","article_modified_time":"2023-11-01T10:23:22+00:00","og_image":[{"url":"https:\/\/www.lpehochiminh.com\/wp-content\/uploads\/2022\/02\/olivier-brochet-284x284.jpeg","type":"","width":"","height":""}],"twitter_card":"summary_large_image","twitter_misc":{"Est. reading time":"4 minutes"},"schema":{"@context":"https:\/\/schema.org","@graph":[{"@type":"WebPage","@id":"https:\/\/www.lpehochiminh.com\/vi\/mo-hinh-dao-tao\/giang-day-tieng-phap-o-nuoc-ngoai\/","url":"https:\/\/www.lpehochiminh.com\/vi\/mo-hinh-dao-tao\/giang-day-tieng-phap-o-nuoc-ngoai\/","name":"Gi\u1ea3ng d\u1ea1y ti\u1ebfng Ph\u00e1p \u1edf n\u01b0\u1edbc ngo\u00e0i | LPE H\u1ed3 Ch\u00ed Minh","isPartOf":{"@id":"https:\/\/www.lpehochiminh.com\/vi\/#website"},"primaryImageOfPage":{"@id":"https:\/\/www.lpehochiminh.com\/vi\/mo-hinh-dao-tao\/giang-day-tieng-phap-o-nuoc-ngoai\/#primaryimage"},"image":{"@id":"https:\/\/www.lpehochiminh.com\/vi\/mo-hinh-dao-tao\/giang-day-tieng-phap-o-nuoc-ngoai\/#primaryimage"},"thumbnailUrl":"https:\/\/www.lpehochiminh.com\/wp-content\/uploads\/2022\/02\/olivier-brochet-284x284.jpeg","datePublished":"2022-02-11T10:13:15+00:00","dateModified":"2023-11-01T10:23:22+00:00","description":"AEFE l\u00e0 C\u01a1 quan Gi\u00e1o d\u1ee5c Ph\u00e1p \u1edf n\u01b0\u1edbc ngo\u00e0i. La Petite \u00c9cole \u0111\u01b0\u1ee3c vinh d\u1ef1 l\u00e0 \u0111\u1ed1i t\u00e1c thu\u1ed9c M\u1ea1ng l\u01b0\u1edbi gi\u00e1o d\u1ee5c n\u00e0y v\u1edbi c\u00e1c Ch\u01b0\u01a1ng tr\u00ecnh \u0111\u00e0o t\u1ea1o \u0110a ng\u00f4n ng\u1eef.","breadcrumb":{"@id":"https:\/\/www.lpehochiminh.com\/vi\/mo-hinh-dao-tao\/giang-day-tieng-phap-o-nuoc-ngoai\/#breadcrumb"},"inLanguage":"vi-VN","potentialAction":[{"@type":"ReadAction","target":["https:\/\/www.lpehochiminh.com\/vi\/mo-hinh-dao-tao\/giang-day-tieng-phap-o-nuoc-ngoai\/"]}]},{"@type":"ImageObject","inLanguage":"vi-VN","@id":"https:\/\/www.lpehochiminh.com\/vi\/mo-hinh-dao-tao\/giang-day-tieng-phap-o-nuoc-ngoai\/#primaryimage","url":"https:\/\/www.lpehochiminh.com\/wp-content\/uploads\/2022\/02\/olivier-brochet-284x284.jpeg","contentUrl":"https:\/\/www.lpehochiminh.com\/wp-content\/uploads\/2022\/02\/olivier-brochet-284x284.jpeg"},{"@type":"BreadcrumbList","@id":"https:\/\/www.lpehochiminh.com\/vi\/mo-hinh-dao-tao\/giang-day-tieng-phap-o-nuoc-ngoai\/#breadcrumb","itemListElement":[{"@type":"ListItem","position":1,"name":"Accueil","item":"https:\/\/www.lpehochiminh.com\/vi\/"},{"@type":"ListItem","position":2,"name":"M\u00f4 h\u00ecnh \u0111\u00e0o t\u1ea1o","item":"https:\/\/www.lpehochiminh.com\/vi\/mo-hinh-dao-tao\/"},{"@type":"ListItem","position":3,"name":"Gi\u1ea3ng d\u1ea1y ti\u1ebfng ph\u00e1p \u1edf n\u01b0\u1edbc ngo\u00e0i"}]},{"@type":"WebSite","@id":"https:\/\/www.lpehochiminh.com\/vi\/#website","url":"https:\/\/www.lpehochiminh.com\/vi\/","name":"LPE Ho Chi Minh - \u00e9cole internationale plurilingue de la cr\u00e8che au CM2","description":"LPE Ho Chi Minh","publisher":{"@id":"https:\/\/www.lpehochiminh.com\/vi\/#organization"},"alternateName":"LPE Ho Chi Minh","potentialAction":[{"@type":"SearchAction","target":{"@type":"EntryPoint","urlTemplate":"https:\/\/www.lpehochiminh.com\/vi\/?s={search_term_string}"},"query-input":{"@type":"PropertyValueSpecification","valueRequired":true,"valueName":"search_term_string"}}],"inLanguage":"vi-VN"},{"@type":"Organization","@id":"https:\/\/www.lpehochiminh.com\/vi\/#organization","name":"LPE Ho Chi Minh","url":"https:\/\/www.lpehochiminh.com\/vi\/","logo":{"@type":"ImageObject","inLanguage":"vi-VN","@id":"https:\/\/www.lpehochiminh.com\/vi\/#\/schema\/logo\/image\/","url":"https:\/\/www.lpehochiminh.com\/wp-content\/uploads\/2023\/05\/logo-rond-blanc.png","contentUrl":"https:\/\/www.lpehochiminh.com\/wp-content\/uploads\/2023\/05\/logo-rond-blanc.png","width":1993,"height":1990,"caption":"LPE Ho Chi Minh"},"image":{"@id":"https:\/\/www.lpehochiminh.com\/vi\/#\/schema\/logo\/image\/"}}]}},"_links":{"self":[{"href":"https:\/\/www.lpehochiminh.com\/vi\/wp-json\/wp\/v2\/pages\/6201","targetHints":{"allow":["GET"]}}],"collection":[{"href":"https:\/\/www.lpehochiminh.com\/vi\/wp-json\/wp\/v2\/pages"}],"about":[{"href":"https:\/\/www.lpehochiminh.com\/vi\/wp-json\/wp\/v2\/types\/page"}],"author":[{"embeddable":true,"href":"https:\/\/www.lpehochiminh.com\/vi\/wp-json\/wp\/v2\/users\/4"}],"replies":[{"embeddable":true,"href":"https:\/\/www.lpehochiminh.com\/vi\/wp-json\/wp\/v2\/comments?post=6201"}],"version-history":[{"count":9,"href":"https:\/\/www.lpehochiminh.com\/vi\/wp-json\/wp\/v2\/pages\/6201\/revisions"}],"predecessor-version":[{"id":10097,"href":"https:\/\/www.lpehochiminh.com\/vi\/wp-json\/wp\/v2\/pages\/6201\/revisions\/10097"}],"up":[{"embeddable":true,"href":"https:\/\/www.lpehochiminh.com\/vi\/wp-json\/wp\/v2\/pages\/6196"}],"wp:attachment":[{"href":"https:\/\/www.lpehochiminh.com\/vi\/wp-json\/wp\/v2\/media?parent=6201"}],"curies":[{"name":"wp","href":"https:\/\/api.w.org\/{rel}","templated":true}]}}