{"id":6202,"date":"2022-02-11T11:13:41","date_gmt":"2022-02-11T10:13:41","guid":{"rendered":"https:\/\/lpevn.agencebisart.com\/cursus-scolaire\/"},"modified":"2026-02-04T09:45:45","modified_gmt":"2026-02-04T08:45:45","slug":"chunong-trinh-hoc","status":"publish","type":"page","link":"https:\/\/www.lpehochiminh.com\/vi\/chunong-trinh-hoc\/","title":{"rendered":"Ch\u01b0\u01a1ng tr\u00ecnh gi\u00e1o d\u1ee5c qu\u1ed1c t\u1ebf Ph\u00e1p"},"content":{"rendered":"<p>\t\t\t\t<!-- avec ou sans CTA : m\u00eame code, \u00e7a centre verticalement le texte --><\/p>\n<div class=\"smallheader\" id=\"bloc_small_header_6\">\n<style type=\"text\/css\">\n\t\t\t\t\t\t\t#bloc_small_header_6 {background-image: url(https:\/\/www.lpehochiminh.com\/wp-content\/uploads\/2022\/03\/SMALL_HEADER7-610x268.png);}\n\t\t\t\t\t\t\t@media (min-width: 480px) {\t#bloc_small_header_6 {background-image: url(https:\/\/www.lpehochiminh.com\/wp-content\/uploads\/2022\/03\/SMALL_HEADER7-610x268.png);}}\n\t\t\t\t\t\t\t@media (min-width: 768px) {\t#bloc_small_header_6 {background-image: url(https:\/\/www.lpehochiminh.com\/wp-content\/uploads\/2022\/03\/SMALL_HEADER7-1024x214.png);}}\n\t\t\t\t\t\t\t@media (min-width: 992px) { #bloc_small_header_6 {background-image: url(https:\/\/www.lpehochiminh.com\/wp-content\/uploads\/2022\/03\/SMALL_HEADER7-1024x214.png);}}\n\t\t\t\t\t\t\t@media (min-width: 1200px) { #bloc_small_header_6 {background-image: url(https:\/\/www.lpehochiminh.com\/wp-content\/uploads\/2022\/03\/SMALL_HEADER7.png);}}\n\t\t\t\t\t\t<\/style>\n<div class=\"container d-flex flex-column justify-content-center align-items-start\">\n<h1><span>Ch\u01b0\u01a1ng tr\u00ecnh gi\u00e1o d\u1ee5c qu\u1ed1c t\u1ebf Ph\u00e1p<\/span><\/h1>\n<\/p><\/div>\n<\/p><\/div>\n<div class=\"cardscolors cardscolors--nocolor\" id=\"bloc_1_7\">\n<div class=\"container\">\n<h2><span>Ch\u01b0\u01a1ng tr\u00ecnh gi\u00e1o d\u1ee5c t\u1ea1i La Petite Ecole H\u1ed3 Ch\u00ed Minh<\/span><\/h2>\n<div class=\"row justify-content-center\">\n<div class=\"col-12 col-sm-6 col-lg-3 mb-2\">\n<div class=\"cardcolor d-flex flex-column\">\n\t\t\t\t\t\t\t<img decoding=\"async\" class=\"img-fluid\" src=\"https:\/\/www.lpehochiminh.com\/wp-content\/uploads\/2024\/01\/MG_3039-372x300.jpg\" width=\"\" height=\"\" alt=\"INTERNATIONAL NURSERY\"><\/p>\n<div class=\"text d-flex flex-column justify-content-center align-self-stretch\">\n<div class=\"title d-flex flex-column justify-content-center\">\n<h4>Ch\u01b0\u01a1ng tr\u00ecnh gi\u00e1o d\u1ee5c nh\u00e0 tr\u1ebb song ng\u1eef<\/h4>\n<\/p><\/div>\n<p>T\u1eeb 12 th\u00e1ng tu\u1ed5i<\/p>\n<p>\t\t\t\t<a href=\"https:\/\/www.lpehochiminh.com\/vi\/chunong-trinh-hoc\/nha-tre\/\" target=\"\" class=\"link\">Kh\u00e1m ph\u00e1<\/a>\n\t\t\t\t\t<\/div>\n<\/p><\/div>\n<\/p><\/div>\n<div class=\"col-12 col-sm-6 col-lg-3 mb-2\">\n<div class=\"cardcolor d-flex flex-column\">\n\t\t\t\t\t\t\t<img decoding=\"async\" class=\"img-fluid\" src=\"https:\/\/www.lpehochiminh.com\/wp-content\/uploads\/2024\/01\/MG_3288-372x300.jpg\" width=\"\" height=\"\" alt=\"La Petite Ecole Ho Chi Minh - French International school\"><\/p>\n<div class=\"text d-flex flex-column justify-content-center align-self-stretch\">\n<div class=\"title d-flex flex-column justify-content-center\">\n<h4>Ch\u01b0\u01a1ng tr\u00ecnh gi\u00e1o d\u1ee5c m\u1ea7m non song ng\u1eef &#8211; Chu k\u1ef3 1<\/h4>\n<\/p><\/div>\n<p>T\u1eeb 3 \u0111\u1ebfn 6 tu\u1ed5i (PS\/MS\/GS)\n<\/p>\n<p>\t\t\t\t<a href=\"https:\/\/www.lpehochiminh.com\/vi\/chunong-trinh-hoc\/truong-mau-giao\/\" target=\"\" class=\"link\">Kh\u00e1m ph\u00e1<\/a>\n\t\t\t\t\t<\/div>\n<\/p><\/div>\n<\/p><\/div>\n<div class=\"col-12 col-sm-6 col-lg-3 mb-2\">\n<div class=\"cardcolor d-flex flex-column\">\n\t\t\t\t\t\t\t<img decoding=\"async\" class=\"img-fluid\" src=\"https:\/\/www.lpehochiminh.com\/wp-content\/uploads\/2024\/09\/20240905_083833-2-372x300.jpg\" width=\"\" height=\"\" alt=\"a classroom at La Petite Ecole Ho Chi Minh\"><\/p>\n<div class=\"text d-flex flex-column justify-content-center align-self-stretch\">\n<div class=\"title d-flex flex-column justify-content-center\">\n<h4>Ch\u01b0\u01a1ng tr\u00ecnh gi\u00e1o d\u1ee5c ti\u1ec3u h\u1ecdc song ng\u1eef &#8211; Chu k\u1ef3 2<\/h4>\n<\/p><\/div>\n<p>T\u1eeb 7 \u0111\u1ebfn 9 tu\u1ed5i (CP\/CE1\/CE2)\n<\/p>\n<p>\t\t\t\t<a href=\"https:\/\/www.lpehochiminh.com\/vi\/chunong-trinh-hoc\/tieu-hoc\/\" target=\"\" class=\"link\">Kh\u00e1m ph\u00e1<\/a>\n\t\t\t\t\t<\/div>\n<\/p><\/div>\n<\/p><\/div>\n<div class=\"col-12 col-sm-6 col-lg-3 mb-2\">\n<div class=\"cardcolor d-flex flex-column\">\n\t\t\t\t\t\t\t<img decoding=\"async\" class=\"img-fluid\" src=\"https:\/\/www.lpehochiminh.com\/wp-content\/uploads\/2024\/01\/MG_4121-372x300.jpg\" width=\"\" height=\"\" alt=\"La Petite Ecole Ho Chi Minh - French International school\"><\/p>\n<div class=\"text d-flex flex-column justify-content-center align-self-stretch\">\n<div class=\"title d-flex flex-column justify-content-center\">\n<h4>Ch\u01b0\u01a1ng tr\u00ecnh gi\u00e1o d\u1ee5c ti\u1ec3u h\u1ecdc song ng\u1eef &#8211; Chu k\u1ef3 3<\/h4>\n<\/p><\/div>\n<p>T\u1eeb 10 \u0111\u1ebfn 11 tu\u1ed5i (CM1\/CM2)\n<\/p>\n<p>\t\t\t\t<a href=\"https:\/\/www.lpehochiminh.com\/vi\/chunong-trinh-hoc\/tieu-hoc\/\" target=\"\" class=\"link\">Kh\u00e1m ph\u00e1<\/a>\n\t\t\t\t\t<\/div>\n<\/p><\/div>\n<\/p><\/div>\n<\/p><\/div>\n<\/p><\/div>\n<\/div>\n<div class=\"bloctext bloctext--color4 bloctext--haspattern\" id=\"bloc_6_8\">\n<div class=\"container\">\n<div class=\"row\">\n<div class=\"col-12 col-lg-4 col-xl-3 mb-1\">\n<h2><span>M\u1ea0NG L\u01af\u1edaI TR\u01af\u1edcNG H\u1eccC ODYSSEY<\/span><\/h2>\n<\/p><\/div>\n<div class=\"col-12 col-lg-8 col-xl-9\">\n<div class=\"text pl-lg-4\">\n<p>Ch\u00fang t\u00f4i tin r\u1eb1ng vi\u1ec7c x\u00e2y d\u1ef1ng n\u1ec1n t\u1ea3ng v\u1eefng ch\u1eafc ngay t\u1eeb khi c\u00f2n nh\u1ecf l\u00e0 \u0111i\u1ec1u c\u1ea7n thi\u1ebft \u0111\u1ec3 tr\u1ebb t\u1ef1 tin b\u01b0\u1edbc v\u00e0o ti\u1ec3u h\u1ecdc. Tr\u01b0\u1eddng Qu\u1ed1c T\u1ebf La Petite Ecole H\u1ed3 Ch\u00ed Minh thu\u1ed9c M\u1ea1ng l\u01b0\u1edbi Tr\u01b0\u1eddng h\u1ecdc Odyssey \u00e1p d\u1ee5ng ch\u01b0\u01a1ng tr\u00ecnh nh\u00e0 tr\u1ebb qu\u1ed1c t\u1ebf v\u00e0 m\u1ea7m non song ng\u1eef h\u01b0\u1edbng \u0111\u1ebfn m\u1ed9t m\u00f4i tr\u01b0\u1eddng ch\u0103m s\u00f3c chu \u0111\u00e1o, ph\u00f9 h\u1ee3p v\u1edbi l\u1ee9a tu\u1ed5i, gi\u00fap tr\u1ebb ph\u00e1t tri\u1ec3n t\u1ef1 tin d\u01b0\u1edbi s\u1ef1 h\u01b0\u1edbng d\u1eabn c\u1ee7a c\u00e1c gi\u00e1o vi\u00ean t\u1eadn t\u00e2m v\u00e0 c\u00f3 chuy\u00ean m\u00f4n.<\/p>\n<p>Khi cho con h\u1ecdc t\u1ea1i c\u00e1c tr\u01b0\u1eddng thu\u1ed9c m\u1ea1ng l\u01b0\u1edbi Odyssey, b\u1ea1n s\u1ebd m\u1edf ra cho tr\u1ebb m\u1ed9t h\u00e0nh tr\u00ecnh h\u1ecdc t\u1eadp song ng\u1eef \u0111\u1ea7y th\u00fa v\u1ecb, k\u1ebft h\u1ee3p gi\u1eefa ti\u1ebfng Ph\u00e1p, ti\u1ebfng Anh v\u00e0 ng\u00f4n ng\u1eef b\u1ea3n \u0111\u1ecba. Ph\u01b0\u01a1ng ph\u00e1p h\u1ecdc n\u00e0y kh\u00f4ng ch\u1ec9 gi\u00fap tr\u1ebb ph\u00e1t tri\u1ec3n k\u1ef9 n\u0103ng giao ti\u1ebfp m\u00e0 c\u00f2n k\u00edch th\u00edch t\u01b0 duy v\u00e0 s\u1ef1 m\u1edf r\u1ed9ng t\u1ea7m nh\u00ecn v\u1ec1 c\u00e1c n\u1ec1n v\u0103n h\u00f3a kh\u00e1c nhau ngay t\u1eeb khi c\u00f2n nh\u1ecf.<\/p>\n<p>Ch\u01b0\u01a1ng tr\u00ecnh h\u1ecdc t\u1ea1i La Petite Ecole H\u1ed3 Ch\u00ed Minh t\u1eadp trung v\u00e0o m\u1ed9t trong nh\u1eefng \u0111i\u1ec3m m\u1ea1nh c\u1ee7a h\u1ec7 th\u1ed1ng gi\u00e1o d\u1ee5c Ph\u00e1p: vi\u1ec7c h\u1ecdc t\u1eadp c\u00f3 h\u1ec7 th\u1ed1ng ngay t\u1eeb khi tr\u1ebb b\u1eaft \u0111\u1ea7u. Tr\u1ebb s\u1ebd \u0111\u01b0\u1ee3c khuy\u1ebfn kh\u00edch \u0111\u1eb7t ra m\u1ee5c ti\u00eau c\u00e1 nh\u00e2n, ph\u00e1t tri\u1ec3n s\u1ef1 \u0111\u1ed9c l\u1eadp v\u00e0 t\u1ef1 h\u00e0o v\u1ec1 nh\u1eefng g\u00ec m\u00ecnh \u0111\u00e3 \u0111\u1ea1t \u0111\u01b0\u1ee3c. C\u00e1c con kh\u00f4ng ch\u1ec9 h\u1ecdc ki\u1ebfn th\u1ee9c m\u00e0 c\u00f2n hi\u1ec3u \u0111\u01b0\u1ee3c gi\u00e1 tr\u1ecb c\u1ee7a s\u1ef1 n\u1ed7 l\u1ef1c, ki\u00ean tr\u00ec v\u00e0 t\u00ednh t\u00f2 m\u00f2.<\/p>\n<p>\u00c1p d\u1ee5ng ch\u01b0\u01a1ng tr\u00ecnh gi\u1ea3ng d\u1ea1y ch\u00ednh th\u1ee9c c\u1ee7a Ph\u00e1p, ph\u01b0\u01a1ng ph\u00e1p gi\u1ea3ng d\u1ea1y c\u1ee7a La Petite Ecole H\u1ed3 Ch\u00ed Minh lu\u00f4n ch\u00fa tr\u1ecdng \u0111\u1ebfn vi\u1ec7c h\u1ecdc th\u00f4ng qua c\u00e1c ho\u1ea1t \u0111\u1ed9ng v\u00e0 s\u1ef1 ph\u00e1t tri\u1ec3n t\u1eebng b\u01b0\u1edbc m\u1ed9t. M\u1ed7i ho\u1ea1t \u0111\u1ed9ng h\u1ecdc t\u1eadp \u0111\u1ec1u \u0111\u01b0\u1ee3c thi\u1ebft k\u1ebf \u0111\u1ec3 gi\u00fap tr\u1ebb tr\u1edf th\u00e0nh nh\u1eefng h\u1ecdc sinh t\u1ef1 tin, \u0111\u1ed9c l\u1eadp v\u00e0 lu\u00f4n h\u00e0o h\u1ee9ng kh\u00e1m ph\u00e1 th\u1ebf gi\u1edbi xung quanh.<\/p>\n<\/p><\/div>\n<\/p><\/div>\n<\/p><\/div>\n<\/p><\/div>\n<\/div>\n<div class=\"cardsnumbers cardscolors--nocolor\" id=\"bloc_1_9\">\n<div class=\"container\">\n<h2><span>\u0110I\u1ec2M M\u1ea0NH C\u1ee6A C\u00c1C TR\u01af\u1edcNG THU\u1ed8C ODYSSEY<\/span><\/h2>\n<div class=\"row justify-content-center\">\n<div class=\"col-12 col-sm-6 col-lg-3 mb-2\">\n<div class=\"cardnumber d-flex flex-column align-self-stretch\">\n<div class=\"text text_bis\" >\n\t\t\t\t\t\t\t\t<strong>01<\/strong><\/p>\n<p>Gi\u00e1o d\u1ee5c \u0111a ng\u00f4n ng\u1eef<\/p>\n<\/p><\/div>\n<div class=\"more_bis\" >\n<div class=\"more d-flex align-items-center justify-content-center\" >\n<div>\n<p><p>b\u1edfi c\u00e1c gi\u00e1o vi\u00ean b\u1ea3n ng\u1eef.<\/p>\n<\/p>\n<\/div><\/div>\n<\/p><\/div>\n<\/p><\/div>\n<\/p><\/div>\n<div class=\"col-12 col-sm-6 col-lg-3 mb-2\">\n<div class=\"cardnumber d-flex flex-column align-self-stretch\">\n<div class=\"text text_bis\" >\n\t\t\t\t\t\t\t\t<strong>02<\/strong><\/p>\n<p>Ch\u01b0\u01a1ng tr\u00ecnh h\u1ecdc m\u1edf r\u1ed9ng cho h\u1ecdc sinh t\u1eeb m\u1ecdi qu\u1ed1c t\u1ecbch<\/p>\n<\/p><\/div>\n<div class=\"more_bis\" >\n<div class=\"more d-flex align-items-center justify-content-center\" >\n<div>\n<p><p>kh\u00f4ng ph\u00e2n bi\u1ec7t tr\u00ecnh \u0111\u1ed9 ti\u1ebfng Ph\u00e1p.<\/p>\n<\/p>\n<\/div><\/div>\n<\/p><\/div>\n<\/p><\/div>\n<\/p><\/div>\n<div class=\"col-12 col-sm-6 col-lg-3 mb-2\">\n<div class=\"cardnumber d-flex flex-column align-self-stretch\">\n<div class=\"text text_bis\" >\n\t\t\t\t\t\t\t\t<strong>03<\/strong><\/p>\n<p>M\u00f4i tr\u01b0\u1eddng an to\u00e0n ho\u00e0n h\u1ea3o<\/p>\n<\/p><\/div>\n<div class=\"more_bis\" >\n<div class=\"more d-flex align-items-center justify-content-center\" >\n<div>\n<p><p>n\u01a1i tr\u1ebb c\u1ea3m th\u1ea5y y\u00ean t\u00e2m v\u00e0 \u0111\u01b0\u1ee3c h\u1ed7 tr\u1ee3 trong su\u1ed1t h\u00e0nh tr\u00ecnh h\u1ecdc t\u1eadp.<\/p>\n<\/p>\n<\/div><\/div>\n<\/p><\/div>\n<\/p><\/div>\n<\/p><\/div>\n<div class=\"col-12 col-sm-6 col-lg-3 mb-2\">\n<div class=\"cardnumber d-flex flex-column align-self-stretch\">\n<div class=\"text text_bis\" >\n\t\t\t\t\t\t\t\t<strong>04<\/strong><\/p>\n<p>Ph\u01b0\u01a1ng ph\u00e1p gi\u1ea3ng d\u1ea1y ch\u1ee7 \u0111\u1ed9ng v\u00e0 g\u1ea7n g\u0169i<\/p>\n<\/p><\/div>\n<div class=\"more_bis\" >\n<div class=\"more d-flex align-items-center justify-content-center\" >\n<div>\n<p><p>\u0111\u00f3n ti\u1ebfp h\u1ecdc sinh v\u00e0 t\u1ea1o \u0111\u1ed9ng l\u1ef1c trong h\u1ecdc t\u1eadp.<\/p>\n<\/p>\n<\/div><\/div>\n<\/p><\/div>\n<\/p><\/div>\n<\/p><\/div>\n<\/p><\/div>\n<\/p><\/div>\n<\/div>\n<div class=\"blocinfo blocinfo--color4\" id=\"bloc_10_10\">\n<div class=\"container\">\n<div class=\"row\">\n<div class=\"col-12 col-md-6\">\n<h2><span>H\u00e3y b\u1eaft \u0111\u1ea7u t\u01b0\u01a1ng lai c\u1ee7a tr\u1ebb ngay h\u00f4m nay!<\/span><\/h2>\n<p>Tuy\u1ec3n sinh cho n\u0103m h\u1ecdc 2026-2027 \u0111\u00e3 \u0111\u01b0\u1ee3c m\u1edf.<\/p>\n<p>\t\t\t\t<!-- Changer la classe de couleur du bouton en fonction de la couleur g\u00e9n\u00e9rale du bloc --><\/p>\n<div class=\"bloc_cta\" >\n\t<a href=\"https:\/\/lpehcm.eduka.school\/register\/create\" title=\"\u0110\u0103ng k\u00fd\" target=\"_blank\" class=\"mr-3 btn btn--color4\">\u0110\u0103ng k\u00fd<\/a> \t\t\t\t<\/div>\n<\/p><\/div>\n<\/p><\/div>\n<\/p><\/div>\n<\/div>\n","protected":false},"excerpt":{"rendered":"<p>Ch\u01b0\u01a1ng tr\u00ecnh gi\u00e1o d\u1ee5c qu\u1ed1c t\u1ebf Ph\u00e1p Ch\u01b0\u01a1ng tr\u00ecnh gi\u00e1o d\u1ee5c t\u1ea1i La Petite Ecole H\u1ed3 Ch\u00ed Minh Ch\u01b0\u01a1ng tr\u00ecnh [&hellip;]<\/p>\n","protected":false},"author":4,"featured_media":0,"parent":0,"menu_order":150,"comment_status":"closed","ping_status":"closed","template":"","meta":{"_acf_changed":false,"kdcopypost-origin-url":"","kdcopypost-origin-id":"","footnotes":""},"class_list":["post-6202","page","type-page","status-publish","hentry"],"acf":[],"yoast_head":"<!-- This site is optimized with the Yoast SEO plugin v26.8 - https:\/\/yoast.com\/product\/yoast-seo-wordpress\/ -->\n<title>Ch\u01b0\u01a1ng tr\u00ecnh \u0111\u00e0o t\u1ea1o | La Petite \u00c9cole H\u1ed3 Ch\u00ed Minh<\/title>\n<meta name=\"description\" content=\"Kh\u00e1m ph\u00e1 ch\u01b0\u01a1ng tr\u00ecnh song ng\u1eef Ph\u00e1p Anh t\u1ea1i La Petite Ecole HCM t\u1eeb m\u1ea7m non \u0111\u1ebfn ti\u1ec3u h\u1ecdc, ch\u01b0\u01a1ng tr\u00ecnh \u0111a ng\u00f4n ng\u1eef v\u00e0 m\u00f4i tr\u01b0\u1eddng gi\u00e1o d\u1ee5c t\u1eadn t\u00e2m.\" \/>\n<meta name=\"robots\" content=\"index, follow, max-snippet:-1, max-image-preview:large, max-video-preview:-1\" \/>\n<link rel=\"canonical\" href=\"https:\/\/www.lpehochiminh.com\/vi\/chunong-trinh-hoc\/\" \/>\n<meta property=\"og:locale\" content=\"vi_VN\" \/>\n<meta property=\"og:type\" content=\"article\" \/>\n<meta property=\"og:title\" content=\"Ch\u01b0\u01a1ng tr\u00ecnh \u0111\u00e0o t\u1ea1o | La Petite \u00c9cole H\u1ed3 Ch\u00ed Minh\" \/>\n<meta property=\"og:description\" content=\"Kh\u00e1m ph\u00e1 ch\u01b0\u01a1ng tr\u00ecnh song ng\u1eef Ph\u00e1p Anh t\u1ea1i La Petite Ecole HCM t\u1eeb m\u1ea7m non \u0111\u1ebfn ti\u1ec3u h\u1ecdc, ch\u01b0\u01a1ng tr\u00ecnh \u0111a ng\u00f4n ng\u1eef v\u00e0 m\u00f4i tr\u01b0\u1eddng gi\u00e1o d\u1ee5c t\u1eadn t\u00e2m.\" \/>\n<meta property=\"og:url\" content=\"https:\/\/www.lpehochiminh.com\/vi\/chunong-trinh-hoc\/\" \/>\n<meta property=\"og:site_name\" content=\"LPE Ho Chi Minh\" \/>\n<meta property=\"article:modified_time\" content=\"2026-02-04T08:45:45+00:00\" \/>\n<meta property=\"og:image\" content=\"https:\/\/www.lpehochiminh.com\/wp-content\/uploads\/2024\/01\/MG_3039-372x300.jpg\" \/>\n<meta name=\"twitter:card\" content=\"summary_large_image\" \/>\n<meta name=\"twitter:label1\" content=\"Est. reading time\" \/>\n\t<meta name=\"twitter:data1\" content=\"7 minutes\" \/>\n<!-- \/ Yoast SEO plugin. -->","yoast_head_json":{"title":"Ch\u01b0\u01a1ng tr\u00ecnh \u0111\u00e0o t\u1ea1o | La Petite \u00c9cole H\u1ed3 Ch\u00ed Minh","description":"Kh\u00e1m ph\u00e1 ch\u01b0\u01a1ng tr\u00ecnh song ng\u1eef Ph\u00e1p Anh t\u1ea1i La Petite Ecole HCM t\u1eeb m\u1ea7m non \u0111\u1ebfn ti\u1ec3u h\u1ecdc, ch\u01b0\u01a1ng tr\u00ecnh \u0111a ng\u00f4n ng\u1eef v\u00e0 m\u00f4i tr\u01b0\u1eddng gi\u00e1o d\u1ee5c t\u1eadn t\u00e2m.","robots":{"index":"index","follow":"follow","max-snippet":"max-snippet:-1","max-image-preview":"max-image-preview:large","max-video-preview":"max-video-preview:-1"},"canonical":"https:\/\/www.lpehochiminh.com\/vi\/chunong-trinh-hoc\/","og_locale":"vi_VN","og_type":"article","og_title":"Ch\u01b0\u01a1ng tr\u00ecnh \u0111\u00e0o t\u1ea1o | La Petite \u00c9cole H\u1ed3 Ch\u00ed Minh","og_description":"Kh\u00e1m ph\u00e1 ch\u01b0\u01a1ng tr\u00ecnh song ng\u1eef Ph\u00e1p Anh t\u1ea1i La Petite Ecole HCM t\u1eeb m\u1ea7m non \u0111\u1ebfn ti\u1ec3u h\u1ecdc, ch\u01b0\u01a1ng tr\u00ecnh \u0111a ng\u00f4n ng\u1eef v\u00e0 m\u00f4i tr\u01b0\u1eddng gi\u00e1o d\u1ee5c t\u1eadn t\u00e2m.","og_url":"https:\/\/www.lpehochiminh.com\/vi\/chunong-trinh-hoc\/","og_site_name":"LPE Ho Chi Minh","article_modified_time":"2026-02-04T08:45:45+00:00","og_image":[{"url":"https:\/\/www.lpehochiminh.com\/wp-content\/uploads\/2024\/01\/MG_3039-372x300.jpg","type":"","width":"","height":""}],"twitter_card":"summary_large_image","twitter_misc":{"Est. reading time":"7 minutes"},"schema":{"@context":"https:\/\/schema.org","@graph":[{"@type":"WebPage","@id":"https:\/\/www.lpehochiminh.com\/vi\/chunong-trinh-hoc\/","url":"https:\/\/www.lpehochiminh.com\/vi\/chunong-trinh-hoc\/","name":"Ch\u01b0\u01a1ng tr\u00ecnh \u0111\u00e0o t\u1ea1o | La Petite \u00c9cole H\u1ed3 Ch\u00ed Minh","isPartOf":{"@id":"https:\/\/www.lpehochiminh.com\/vi\/#website"},"primaryImageOfPage":{"@id":"https:\/\/www.lpehochiminh.com\/vi\/chunong-trinh-hoc\/#primaryimage"},"image":{"@id":"https:\/\/www.lpehochiminh.com\/vi\/chunong-trinh-hoc\/#primaryimage"},"thumbnailUrl":"https:\/\/www.lpehochiminh.com\/wp-content\/uploads\/2024\/01\/MG_3039-372x300.jpg","datePublished":"2022-02-11T10:13:41+00:00","dateModified":"2026-02-04T08:45:45+00:00","description":"Kh\u00e1m ph\u00e1 ch\u01b0\u01a1ng tr\u00ecnh song ng\u1eef Ph\u00e1p Anh t\u1ea1i La Petite Ecole HCM t\u1eeb m\u1ea7m non \u0111\u1ebfn ti\u1ec3u h\u1ecdc, ch\u01b0\u01a1ng tr\u00ecnh \u0111a ng\u00f4n ng\u1eef v\u00e0 m\u00f4i tr\u01b0\u1eddng gi\u00e1o d\u1ee5c t\u1eadn t\u00e2m.","breadcrumb":{"@id":"https:\/\/www.lpehochiminh.com\/vi\/chunong-trinh-hoc\/#breadcrumb"},"inLanguage":"vi-VN","potentialAction":[{"@type":"ReadAction","target":["https:\/\/www.lpehochiminh.com\/vi\/chunong-trinh-hoc\/"]}]},{"@type":"ImageObject","inLanguage":"vi-VN","@id":"https:\/\/www.lpehochiminh.com\/vi\/chunong-trinh-hoc\/#primaryimage","url":"https:\/\/www.lpehochiminh.com\/wp-content\/uploads\/2024\/01\/MG_3039-372x300.jpg","contentUrl":"https:\/\/www.lpehochiminh.com\/wp-content\/uploads\/2024\/01\/MG_3039-372x300.jpg"},{"@type":"BreadcrumbList","@id":"https:\/\/www.lpehochiminh.com\/vi\/chunong-trinh-hoc\/#breadcrumb","itemListElement":[{"@type":"ListItem","position":1,"name":"Accueil","item":"https:\/\/www.lpehochiminh.com\/vi\/"},{"@type":"ListItem","position":2,"name":"Ch\u01b0\u01a1ng tr\u00ecnh gi\u00e1o d\u1ee5c qu\u1ed1c t\u1ebf Ph\u00e1p"}]},{"@type":"WebSite","@id":"https:\/\/www.lpehochiminh.com\/vi\/#website","url":"https:\/\/www.lpehochiminh.com\/vi\/","name":"LPE Ho Chi Minh - \u00e9cole internationale plurilingue de la cr\u00e8che au CM2","description":"LPE Ho Chi Minh","publisher":{"@id":"https:\/\/www.lpehochiminh.com\/vi\/#organization"},"alternateName":"LPE Ho Chi Minh","potentialAction":[{"@type":"SearchAction","target":{"@type":"EntryPoint","urlTemplate":"https:\/\/www.lpehochiminh.com\/vi\/?s={search_term_string}"},"query-input":{"@type":"PropertyValueSpecification","valueRequired":true,"valueName":"search_term_string"}}],"inLanguage":"vi-VN"},{"@type":"Organization","@id":"https:\/\/www.lpehochiminh.com\/vi\/#organization","name":"LPE Ho Chi Minh","url":"https:\/\/www.lpehochiminh.com\/vi\/","logo":{"@type":"ImageObject","inLanguage":"vi-VN","@id":"https:\/\/www.lpehochiminh.com\/vi\/#\/schema\/logo\/image\/","url":"https:\/\/www.lpehochiminh.com\/wp-content\/uploads\/2023\/05\/logo-rond-blanc.png","contentUrl":"https:\/\/www.lpehochiminh.com\/wp-content\/uploads\/2023\/05\/logo-rond-blanc.png","width":1993,"height":1990,"caption":"LPE Ho Chi Minh"},"image":{"@id":"https:\/\/www.lpehochiminh.com\/vi\/#\/schema\/logo\/image\/"}}]}},"_links":{"self":[{"href":"https:\/\/www.lpehochiminh.com\/vi\/wp-json\/wp\/v2\/pages\/6202","targetHints":{"allow":["GET"]}}],"collection":[{"href":"https:\/\/www.lpehochiminh.com\/vi\/wp-json\/wp\/v2\/pages"}],"about":[{"href":"https:\/\/www.lpehochiminh.com\/vi\/wp-json\/wp\/v2\/types\/page"}],"author":[{"embeddable":true,"href":"https:\/\/www.lpehochiminh.com\/vi\/wp-json\/wp\/v2\/users\/4"}],"replies":[{"embeddable":true,"href":"https:\/\/www.lpehochiminh.com\/vi\/wp-json\/wp\/v2\/comments?post=6202"}],"version-history":[{"count":33,"href":"https:\/\/www.lpehochiminh.com\/vi\/wp-json\/wp\/v2\/pages\/6202\/revisions"}],"predecessor-version":[{"id":19419,"href":"https:\/\/www.lpehochiminh.com\/vi\/wp-json\/wp\/v2\/pages\/6202\/revisions\/19419"}],"wp:attachment":[{"href":"https:\/\/www.lpehochiminh.com\/vi\/wp-json\/wp\/v2\/media?parent=6202"}],"curies":[{"name":"wp","href":"https:\/\/api.w.org\/{rel}","templated":true}]}}