{"id":6204,"date":"2022-02-11T11:14:44","date_gmt":"2022-02-11T10:14:44","guid":{"rendered":"https:\/\/lpevn.agencebisart.com\/cursus-scolaire\/maternelle\/"},"modified":"2026-02-04T09:47:50","modified_gmt":"2026-02-04T08:47:50","slug":"truong-mau-giao","status":"publish","type":"page","link":"https:\/\/www.lpehochiminh.com\/vi\/chunong-trinh-hoc\/truong-mau-giao\/","title":{"rendered":"Tr\u01b0\u1eddng m\u1eabu gi\u00e1o"},"content":{"rendered":"<p>\t\t\t\t<!-- avec ou sans CTA : m\u00eame code, \u00e7a centre verticalement le texte --><\/p>\n<div class=\"smallheader\" id=\"bloc_small_header_11\">\n<style type=\"text\/css\">\n\t\t\t\t\t\t\t#bloc_small_header_11 {background-image: url(https:\/\/www.lpehochiminh.com\/wp-content\/uploads\/2022\/03\/SMALL_HEADER7-610x268.png);}\n\t\t\t\t\t\t\t@media (min-width: 480px) {\t#bloc_small_header_11 {background-image: url(https:\/\/www.lpehochiminh.com\/wp-content\/uploads\/2022\/03\/SMALL_HEADER7-610x268.png);}}\n\t\t\t\t\t\t\t@media (min-width: 768px) {\t#bloc_small_header_11 {background-image: url(https:\/\/www.lpehochiminh.com\/wp-content\/uploads\/2022\/03\/SMALL_HEADER7-1024x214.png);}}\n\t\t\t\t\t\t\t@media (min-width: 992px) { #bloc_small_header_11 {background-image: url(https:\/\/www.lpehochiminh.com\/wp-content\/uploads\/2022\/03\/SMALL_HEADER7-1024x214.png);}}\n\t\t\t\t\t\t\t@media (min-width: 1200px) { #bloc_small_header_11 {background-image: url(https:\/\/www.lpehochiminh.com\/wp-content\/uploads\/2022\/03\/SMALL_HEADER7.png);}}\n\t\t\t\t\t\t<\/style>\n<div class=\"container d-flex flex-column justify-content-center align-items-start\">\n<h1><span>Ch\u01b0\u01a1ng tr\u00ecnh m\u1ea7m non song ng\u1eef (B\u00e9 3-6 tu\u1ed5i)<\/span><\/h1>\n<p>Vui ch\u01a1i, h\u1ecdc h\u1ecfi, l\u1edbn kh\u00f4n trong m\u00f4i tr\u01b0\u1eddng Ph\u00e1p-Anh<\/p>\n<\/p><\/div>\n<\/p><\/div>\n<div class=\"bloc_ctas bloc_cta container pt-2 pb-2 text-right\" id=\"bloc_ctas_12\">\n<div class=\"btns\">\t<a href=\"https:\/\/lpehcm.eduka.school\/register\/create\" title=\"\u0110\u0103ng k\u00fd\" target=\"_blank\" class=\" ml-1   mr-1  btn btn--color4\">\u0110\u0103ng k\u00fd<\/a> <\/div>\n<\/p><\/div>\n<div class=\"bloctext bloctext--nocolor bloctext--haspattern\" id=\"bloc_6_13\">\n<div class=\"container\">\n<div class=\"row\">\n<div class=\"col-12 col-lg-4 col-xl-3 mb-1\">\n<h2><span>CHU K\u1ef2 \u0110\u1ea6U TI\u00caN<\/span><\/h2>\n<\/p><\/div>\n<div class=\"col-12 col-lg-8 col-xl-9\">\n<div class=\"text pl-lg-4\">\n<p>T\u1ea1i La Petite Ecole H\u1ed3 Ch\u00ed Minh, ch\u00fang t\u00f4i t\u1ef1 h\u00e0o tri\u1ec3n khai ch\u01b0\u01a1ng tr\u00ecnh gi\u00e1o d\u1ee5c m\u1ea7m non song ng\u1eef theo khung ch\u01b0\u01a1ng tr\u00ecnh c\u1ee7a B\u1ed9 Gi\u00e1o d\u1ee5c Qu\u1ed1c gia Ph\u00e1p. Ph\u00f9 h\u1ee3p cho tr\u1ebb t\u1eeb 3 \u0111\u1ebfn 4 tu\u1ed5i, Chu k\u1ef3 1 (Cycle 1) \u0111\u00f3ng vai tr\u00f2 l\u00e0 n\u1ec1n t\u1ea3ng quan tr\u1ecdng cho h\u00e0nh tr\u00ecnh h\u1ecdc t\u1eadp v\u00e0 ph\u00e1t tri\u1ec3n l\u00e2u d\u00e0i.<\/p>\n<p>Trong m\u00f4i tr\u01b0\u1eddng m\u1ea7m non song ng\u1eef \u1ea5m \u00e1p v\u00e0 k\u00edch th\u00edch s\u1ef1 t\u00f2 m\u00f2, tr\u1ebb \u0111\u01b0\u1ee3c khuy\u1ebfn kh\u00edch kh\u00e1m ph\u00e1, h\u00ecnh th\u00e0nh t\u00ednh t\u1ef1 l\u1eadp v\u00e0 ph\u00e1t tri\u1ec3n to\u00e0n di\u1ec7n. Gi\u00e1o vi\u00ean b\u1ea3n ng\u1eef c\u00f9ng kh\u00f4ng gian h\u1ecdc th\u00e2n thi\u1ec7n gi\u00fap tr\u1ebb ti\u1ebfp c\u1eadn ng\u00f4n ng\u1eef v\u00e0 ki\u1ebfn th\u1ee9c m\u1ed9t c\u00e1ch t\u1ef1 nhi\u00ean.<\/p>\n<p>V\u00e0o cu\u1ed1i Chu k\u1ef3 1, c\u00e1c em s\u1ebd t\u00edch l\u0169y \u0111\u01b0\u1ee3c ki\u1ebfn th\u1ee9c trong nhi\u1ec1u l\u0129nh v\u1ef1c. C\u00e1c l\u0129nh v\u1ef1c ch\u00ednh bao g\u1ed3m:<\/p>\n<\/p><\/div>\n<\/p><\/div>\n<\/p><\/div>\n<\/p><\/div>\n<\/div>\n<div class=\"cardsnumbers cardscolors--nocolor\" id=\"bloc_1_14\">\n<div class=\"container\">\n<h2><span><\/span><\/h2>\n<div class=\"row justify-content-center\">\n<div class=\"col-12 col-sm-6 col-lg-3 mb-2\">\n<div class=\"cardnumber d-flex flex-column align-self-stretch\">\n<div class=\"text text_bis\" >\n\t\t\t\t\t\t\t\t<strong>01<\/strong><\/p>\n<p>Ph\u00e1t tri\u1ec3n song ng\u1eef<\/p>\n<\/p><\/div>\n<div class=\"more_bis\" >\n<div class=\"more d-flex align-items-center justify-content-center\" >\n<div>\n<p><p>Tr\u1ebb ph\u00e1t tri\u1ec3n kh\u1ea3 n\u0103ng giao ti\u1ebfp t\u1ef1 nhi\u00ean b\u1eb1ng ti\u1ebfng Ph\u00e1p v\u00e0 ti\u1ebfng Anh qua k\u1ec3 chuy\u1ec7n, tr\u00f2 ch\u01a1i v\u00e0 giao ti\u1ebfp h\u00e0ng ng\u00e0y.<\/p>\n<\/p>\n<\/div><\/div>\n<\/p><\/div>\n<\/p><\/div>\n<\/p><\/div>\n<div class=\"col-12 col-sm-6 col-lg-3 mb-2\">\n<div class=\"cardnumber d-flex flex-column align-self-stretch\">\n<div class=\"text text_bis\" >\n\t\t\t\t\t\t\t\t<strong>02<\/strong><\/p>\n<p>Th\u1ec3 ch\u1ea5t &#038; Ngh\u1ec7 thu\u1eadt<\/p>\n<\/p><\/div>\n<div class=\"more_bis\" >\n<div class=\"more d-flex align-items-center justify-content-center\" >\n<div>\n<p><p>V\u1eadn \u0111\u1ed9ng, \u00e2m nh\u1ea1c v\u00e0 s\u00e1ng t\u1ea1o gi\u00fap tr\u1ebb r\u00e8n luy\u1ec7n th\u1ec3 ch\u1ea5t v\u00e0 th\u1ec3 hi\u1ec7n c\u1ea3m x\u00fac.<\/p>\n<\/p>\n<\/div><\/div>\n<\/p><\/div>\n<\/p><\/div>\n<\/p><\/div>\n<div class=\"col-12 col-sm-6 col-lg-3 mb-2\">\n<div class=\"cardnumber d-flex flex-column align-self-stretch\">\n<div class=\"text text_bis\" >\n\t\t\t\t\t\t\t\t<strong>03<\/strong><\/p>\n<p>L\u00e0m quen To\u00e1n h\u1ecdc<\/p>\n<\/p><\/div>\n<div class=\"more_bis\" >\n<div class=\"more d-flex align-items-center justify-content-center\" >\n<div>\n<p><p>Tr\u1ebb ti\u1ebfp c\u1eadn c\u00e1c kh\u00e1i ni\u1ec7m c\u01a1 b\u1ea3n nh\u01b0 \u0111\u1ebfm, so s\u00e1nh, h\u00ecnh d\u1ea1ng th\u00f4ng qua tr\u00f2 ch\u01a1i.<\/p>\n<\/p>\n<\/div><\/div>\n<\/p><\/div>\n<\/p><\/div>\n<\/p><\/div>\n<div class=\"col-12 col-sm-6 col-lg-3 mb-2\">\n<div class=\"cardnumber d-flex flex-column align-self-stretch\">\n<div class=\"text text_bis\" >\n\t\t\t\t\t\t\t\t<strong>04<\/strong><\/p>\n<p>Kh\u00e1m ph\u00e1 th\u1ebf gi\u1edbi<\/p>\n<\/p><\/div>\n<div class=\"more_bis\" >\n<div class=\"more d-flex align-items-center justify-content-center\" >\n<div>\n<p><p>Tr\u1ebb h\u1ecdc v\u1ec1 thi\u00ean nhi\u00ean, m\u00f4i tr\u01b0\u1eddng v\u00e0 v\u0103n h\u00f3a th\u00f4ng qua ho\u1ea1t \u0111\u1ed9ng tr\u1ea3i nghi\u1ec7m.<\/p>\n<\/p>\n<\/div><\/div>\n<\/p><\/div>\n<\/p><\/div>\n<\/p><\/div>\n<\/p><\/div>\n<\/p><\/div>\n<\/div>\n<div class=\"bloctext bloctext--color2 bloctext--haspattern\" id=\"bloc_6_15\">\n<div class=\"container\">\n<div class=\"row\">\n<div class=\"col-12 col-lg-4 col-xl-3 mb-1\">\n<h2><span><\/span><\/h2>\n<\/p><\/div>\n<div class=\"col-12 col-lg-8 col-xl-9\">\n<div class=\"text pl-lg-4\">\n<h3 style=\"text-align: center;\"><span class=\"Y2IQFc\" lang=\"vi\">&#8220;Ph\u01b0\u01a1ng ph\u00e1p song ng\u1eef c\u1ee7a tr\u01b0\u1eddng La Petite Ecole, v\u1edbi 50% ti\u1ebfng Ph\u00e1p v\u00e0 50% ti\u1ebfng Anh, c\u00f9ng v\u1edbi m\u00f4i tr\u01b0\u1eddng qu\u1ed1c t\u1ebf \u0111\u00e3 truy\u1ec1n c\u1ea3m h\u1ee9ng v\u00e0 thuy\u1ebft ph\u1ee5c ch\u00fang t\u00f4i ch\u1ecdn La Petite Ecole cho con trai m\u00ecnh.&#8221;<\/span><\/h3>\n<p style=\"text-align: center;\">Kim TON &#8211; M\u1eb9 c\u1ee7a m\u1ed9t h\u1ecdc sinh ti\u1ec3u h\u1ecdc.<\/p>\n<\/p><\/div>\n<\/p><\/div>\n<\/p><\/div>\n<\/p><\/div>\n<\/div>\n<div class=\"blocmedia blocmedia--textright blocmedia--color4\" id=\"bloc_2_16\">\n<div class=\"container\">\n<div class=\"row\">\n<div class=\"col-12 col-md-6\">\n<div class=\"slider\">\n<div id=\"slider-bloc_2_16\" class=\"flexslider flexslider--blocmedia loading\">\n<ul class=\"slides list-unstyled\">\n<li class=\"slider-li\">\n\t\t\t\t\t\t\t\t\t\t     \t<a data-fancybox=\"rel-slider-bloc_2_16\" data-caption=\"\" href=\"https:\/\/www.lpehochiminh.com\/wp-content\/uploads\/2024\/01\/MG_3872-722x564.jpg\"><br \/>\n\t\t\t\t\t\t\t\t\t\t\t\t\t<img decoding=\"async\" class=\"img-fluid\" src=\"https:\/\/www.lpehochiminh.com\/wp-content\/uploads\/2024\/01\/MG_3872-722x564.jpg\" width=\"\" height=\"\" alt=\"La Petite Ecole Ho Chi Minh - French International school\"><br \/>\n\t\t\t\t\t\t\t\t\t\t\t\t<\/a>\n\t\t\t\t\t\t\t\t\t\t     <\/li>\n<\/ul><\/div>\n<\/p><\/div>\n<\/p><\/div>\n<div class=\"col-12 col-md-5 d-flex flex-column justify-content-center align-items-start mb-2 mb-md-0\">\n<div class=\"text\">\n<h2><span>KH\u1edeI \u0110\u1ea6U T\u00cdCH C\u1ef0C<\/span><\/h2>\n<p>T\u1ea1i La Petite Ecole H\u1ed3 Ch\u00ed Minh, ch\u00fang t\u00f4i tin r\u1eb1ng nh\u1eefng tr\u1ea3i nghi\u1ec7m \u0111\u1ea7u ti\u00ean trong m\u00f4i tr\u01b0\u1eddng h\u1ecdc \u0111\u01b0\u1eddng l\u00e0 n\u1ec1n t\u1ea3ng cho s\u1ef1 ph\u00e1t tri\u1ec3n l\u00e2u d\u00e0i c\u1ee7a tr\u1ebb. V\u00ec v\u1eady, m\u1ecdi kh\u00f4ng gian v\u00e0 ho\u1ea1t \u0111\u1ed9ng t\u1ea1i tr\u01b0\u1eddng m\u1eabu gi\u00e1o song ng\u1eef \u0111\u1ec1u \u0111\u01b0\u1ee3c thi\u1ebft k\u1ebf c\u1ea9n th\u1eadn \u0111\u1ec3 t\u1ea1o n\u00ean m\u1ed9t kh\u1edfi \u0111\u1ea7u h\u1ecdc t\u1eadp t\u00edch c\u1ef1c, nh\u1eb9 nh\u00e0ng v\u00e0 ph\u00f9 h\u1ee3p v\u1edbi t\u1eebng b\u00e9.<\/p>\n<p>Ch\u00fang t\u00f4i s\u1eafp x\u1ebfp l\u1ecbch tr\u00ecnh h\u00e0ng ng\u00e0y linh ho\u1ea1t, \u0111\u00e1p \u1ee9ng c\u00e1c nhu c\u1ea7u th\u1ec3 ch\u1ea5t, c\u1ea3m x\u00fac v\u00e0 nh\u1eadn th\u1ee9c c\u1ee7a tr\u1ebb nh\u1ecf. Giai \u0111o\u1ea1n th\u00edch nghi \u0111\u01b0\u1ee3c c\u00e1 nh\u00e2n ho\u00e1 \u0111\u1ec3 h\u1ed7 tr\u1ee3 b\u00e9 l\u00e0m quen v\u1edbi m\u00f4i tr\u01b0\u1eddng m\u1edbi trong s\u1ef1 an to\u00e0n v\u00e0 y\u00eau th\u01b0\u01a1ng.<\/p>\n<p>\t\t\t\t\t\t<!-- Changer la classe de couleur du bouton en fonction de la couleur g\u00e9n\u00e9rale du bloc --><\/p>\n<div class=\"bloc_cta\" ><\/div>\n<\/p><\/div>\n<\/p><\/div>\n<\/p><\/div>\n<\/p><\/div>\n<\/div>\n<div class=\"bloc_ctas bloc_cta container pt-2 pb-2 text-left\" id=\"bloc_ctas_17\"><\/div>\n<div class=\"blocmedia blocmedia--textleft blocmedia--color2\" id=\"bloc_2_18\">\n<div class=\"container\">\n<div class=\"row\">\n<div class=\"col-12 col-md-6\">\n<div class=\"slider\">\n<div id=\"slider-bloc_2_18\" class=\"flexslider flexslider--blocmedia loading\">\n<ul class=\"slides list-unstyled\">\n<li class=\"slider-li\">\n\t\t\t\t\t\t\t\t\t\t     \t<a data-fancybox=\"rel-slider-bloc_2_18\" data-caption=\"\" href=\"https:\/\/www.lpehochiminh.com\/wp-content\/uploads\/2024\/01\/MG_3240-722x564.jpg\"><br \/>\n\t\t\t\t\t\t\t\t\t\t\t\t\t<img decoding=\"async\" class=\"img-fluid\" src=\"https:\/\/www.lpehochiminh.com\/wp-content\/uploads\/2024\/01\/MG_3240-722x564.jpg\" width=\"\" height=\"\" alt=\"La Petite Ecole Ho Chi Minh - French International school\"><br \/>\n\t\t\t\t\t\t\t\t\t\t\t\t<\/a>\n\t\t\t\t\t\t\t\t\t\t     <\/li>\n<\/ul><\/div>\n<\/p><\/div>\n<\/p><\/div>\n<div class=\"col-12 col-md-5 d-flex flex-column justify-content-center align-items-start mb-2 mb-md-0\">\n<div class=\"text\">\n<h2><span>PH\u00c1T TRI\u1ec2N T\u01af DUY PH\u1ea2N BI\u1ec6N T\u1eea S\u1edaM<\/span><\/h2>\n<p>C\u00e1c h\u1ecdc sinh l\u1edbp L\u00e1 c\u1ee7a La Petite Ecole H\u1ed3 Ch\u00ed Minh s\u1ebd \u0111\u01b0\u1ee3c tham gia c\u00e1c h\u1ed9i th\u1ea3o tri\u1ebft h\u1ecdc h\u00e0ng tu\u1ea7n, n\u01a1i c\u00e1c em t\u1ef1 do chia s\u1ebb suy ngh\u0129 v\u00e0 kh\u00e1m ph\u00e1 nhi\u1ec1u g\u00f3c nh\u00ecn kh\u00e1c nhau. Kh\u00f4ng gian th\u1ea3o lu\u1eadn m\u1edf v\u00e0 th\u00e2n thi\u1ec7n gi\u00fap c\u00e1c em ph\u00e1t tri\u1ec3n t\u01b0 duy ph\u1ea3n bi\u1ec7n, h\u1ecdc c\u00e1ch l\u1eafng nghe, \u0111\u1eb7t c\u00e2u h\u1ecfi v\u00e0 th\u1ec3 hi\u1ec7n quan \u0111i\u1ec3m c\u00e1 nh\u00e2n.<\/p>\n<p>C\u00e1c ch\u1ee7 \u0111\u1ec1 \u0111\u01b0\u1ee3c ch\u1ecdn xoay quanh nh\u1eefng v\u1ea5n \u0111\u1ec1 g\u1ea7n g\u0169i trong cu\u1ed9c s\u1ed1ng h\u00e0ng ng\u00e0y, t\u1eeb \u0111\u00f3 khuy\u1ebfn kh\u00edch tr\u1ebb suy ngh\u0129 \u0111\u1ed9c l\u1eadp, giao ti\u1ebfp r\u00f5 r\u00e0ng v\u00e0 h\u1ee3p t\u00e1c trong nh\u00f3m nh\u1ecf. \u0110\u00e2y \u0111\u1ec1u l\u00e0 nh\u1eefng k\u1ef9 n\u0103ng thi\u1ebft y\u1ebfu cho h\u00e0nh tr\u00ecnh h\u1ecdc t\u1eadp sau n\u00e0y.<\/p>\n<p>\t\t\t\t\t\t<!-- Changer la classe de couleur du bouton en fonction de la couleur g\u00e9n\u00e9rale du bloc --><\/p>\n<div class=\"bloc_cta\" >\n<p><a class=\"btn btn--color2\" href=\"https:\/\/lpehcm.eduka.school\/register\/create\" target=\"_blank\">\u0110\u0103ng k\u00fd<\/a>\t\t\t\t\t<\/div>\n<\/p><\/div>\n<\/p><\/div>\n<\/p><\/div>\n<\/p><\/div>\n<\/div>\n<div class=\"blocsphotos blocsphotos--nocolor\" id=\"bloc_14_19\">\n<div class=\"container\">\n<div class=\"row\">\n<div class=\"col-6 col-md-3 mb-1 mb-md-0\">\n<div class=\"blocphoto\">\n\t\t\t\t\t<img decoding=\"async\" class=\"img-fluid img-rounded\" src=\"https:\/\/www.lpehochiminh.com\/wp-content\/uploads\/2024\/01\/MG_3437-270x310.jpg\" width=\"\" height=\"\" alt=\"La Petite Ecole Ho Chi Minh - French International school\">\n\t\t\t\t<\/div>\n<\/p><\/div>\n<div class=\"col-6 col-md-3 mb-1 mb-md-0\">\n<div class=\"blocphoto\">\n\t\t\t\t\t<img decoding=\"async\" class=\"img-fluid img-rounded\" src=\"https:\/\/www.lpehochiminh.com\/wp-content\/uploads\/2024\/01\/MG_4959-270x310.jpg\" width=\"\" height=\"\" alt=\"La Petite Ecole Ho Chi Minh - French International school\">\n\t\t\t\t<\/div>\n<\/p><\/div>\n<div class=\"col-6 col-md-3 mb-1 mb-md-0\">\n<div class=\"blocphoto\">\n\t\t\t\t\t<img decoding=\"async\" class=\"img-fluid img-rounded\" src=\"https:\/\/www.lpehochiminh.com\/wp-content\/uploads\/2024\/01\/MG_3529-270x310.jpg\" width=\"\" height=\"\" alt=\"La Petite Ecole Ho Chi Minh - French International school\">\n\t\t\t\t<\/div>\n<\/p><\/div>\n<div class=\"col-6 col-md-3 mb-1 mb-md-0\">\n<div class=\"blocphoto\">\n\t\t\t\t\t<img decoding=\"async\" class=\"img-fluid img-rounded\" src=\"https:\/\/www.lpehochiminh.com\/wp-content\/uploads\/2024\/01\/MG_3356-270x310.jpg\" width=\"\" height=\"\" alt=\"La Petite Ecole Ho Chi Minh - French International school\">\n\t\t\t\t<\/div>\n<\/p><\/div>\n<\/p><\/div>\n<\/p><\/div>\n<\/div>\n<div class=\"blocinfo blocinfo--color4\" id=\"bloc_10_20\">\n<div class=\"container\">\n<div class=\"row\">\n<div class=\"col-12 col-md-6\">\n<h2><span>H\u00e3y b\u1eaft \u0111\u1ea7u t\u01b0\u01a1ng lai c\u1ee7a tr\u1ebb ngay h\u00f4m nay!<\/span><\/h2>\n<p>\u0110\u0103ng k\u00fd cho con b\u1ea1n v\u00e0o n\u0103m h\u1ecdc 2026-2027<\/p>\n<p>\t\t\t\t<!-- Changer la classe de couleur du bouton en fonction de la couleur g\u00e9n\u00e9rale du bloc --><\/p>\n<div class=\"bloc_cta\" >\n\t<a href=\"https:\/\/lpehcm.eduka.school\/register\/create\" title=\"\u0110\u0103ng k\u00fd\" target=\"\" class=\"mr-3 btn btn--color4\">\u0110\u0103ng k\u00fd<\/a> \t\t\t\t<\/div>\n<\/p><\/div>\n<\/p><\/div>\n<\/p><\/div>\n<\/div>\n","protected":false},"excerpt":{"rendered":"<p>Ch\u01b0\u01a1ng tr\u00ecnh m\u1ea7m non song ng\u1eef (B\u00e9 3-6 tu\u1ed5i) Vui ch\u01a1i, h\u1ecdc h\u1ecfi, l\u1edbn kh\u00f4n trong m\u00f4i tr\u01b0\u1eddng Ph\u00e1p-Anh \u0110\u0103ng [&hellip;]<\/p>\n","protected":false},"author":4,"featured_media":0,"parent":6202,"menu_order":170,"comment_status":"closed","ping_status":"closed","template":"","meta":{"_acf_changed":false,"kdcopypost-origin-url":"","kdcopypost-origin-id":"","footnotes":""},"class_list":["post-6204","page","type-page","status-publish","hentry"],"acf":[],"yoast_head":"<!-- This site is optimized with the Yoast SEO plugin v26.8 - https:\/\/yoast.com\/product\/yoast-seo-wordpress\/ -->\n<title>Ch\u01b0\u01a1ng Tr\u00ecnh M\u1eabu gi\u00e1o | La Petite Ecole H\u1ed3 Ch\u00ed Minh<\/title>\n<meta name=\"description\" content=\"Ch\u01b0\u01a1ng tr\u00ecnh m\u1ea7m non song ng\u1eef chu\u1ea9n Ph\u00e1p t\u1ea1i La Petite Ecole HCM: ph\u00e1t tri\u1ec3n ng\u00f4n ng\u1eef, th\u1ec3 ch\u1ea5t, ngh\u1ec7 thu\u1eadt, t\u01b0 duy to\u00e1n h\u1ecdc v\u00e0 kh\u00e1m ph\u00e1 th\u1ebf gi\u1edbi.\" \/>\n<meta name=\"robots\" content=\"index, follow, max-snippet:-1, max-image-preview:large, max-video-preview:-1\" \/>\n<link rel=\"canonical\" href=\"https:\/\/www.lpehochiminh.com\/vi\/chunong-trinh-hoc\/truong-mau-giao\/\" \/>\n<meta property=\"og:locale\" content=\"vi_VN\" \/>\n<meta property=\"og:type\" content=\"article\" \/>\n<meta property=\"og:title\" content=\"Ch\u01b0\u01a1ng Tr\u00ecnh M\u1eabu gi\u00e1o | La Petite Ecole H\u1ed3 Ch\u00ed Minh\" \/>\n<meta property=\"og:description\" content=\"Ch\u01b0\u01a1ng tr\u00ecnh m\u1ea7m non song ng\u1eef chu\u1ea9n Ph\u00e1p t\u1ea1i La Petite Ecole HCM: ph\u00e1t tri\u1ec3n ng\u00f4n ng\u1eef, th\u1ec3 ch\u1ea5t, ngh\u1ec7 thu\u1eadt, t\u01b0 duy to\u00e1n h\u1ecdc v\u00e0 kh\u00e1m ph\u00e1 th\u1ebf gi\u1edbi.\" \/>\n<meta property=\"og:url\" content=\"https:\/\/www.lpehochiminh.com\/vi\/chunong-trinh-hoc\/truong-mau-giao\/\" \/>\n<meta property=\"og:site_name\" content=\"LPE Ho Chi Minh\" \/>\n<meta property=\"article:modified_time\" content=\"2026-02-04T08:47:50+00:00\" \/>\n<meta property=\"og:image\" content=\"https:\/\/www.lpehochiminh.com\/wp-content\/uploads\/2024\/01\/MG_3872-722x564.jpg\" \/>\n<meta name=\"twitter:card\" content=\"summary_large_image\" \/>\n<meta name=\"twitter:label1\" content=\"Est. reading time\" \/>\n\t<meta name=\"twitter:data1\" content=\"9 minutes\" \/>\n<!-- \/ Yoast SEO plugin. -->","yoast_head_json":{"title":"Ch\u01b0\u01a1ng Tr\u00ecnh M\u1eabu gi\u00e1o | La Petite Ecole H\u1ed3 Ch\u00ed Minh","description":"Ch\u01b0\u01a1ng tr\u00ecnh m\u1ea7m non song ng\u1eef chu\u1ea9n Ph\u00e1p t\u1ea1i La Petite Ecole HCM: ph\u00e1t tri\u1ec3n ng\u00f4n ng\u1eef, th\u1ec3 ch\u1ea5t, ngh\u1ec7 thu\u1eadt, t\u01b0 duy to\u00e1n h\u1ecdc v\u00e0 kh\u00e1m ph\u00e1 th\u1ebf gi\u1edbi.","robots":{"index":"index","follow":"follow","max-snippet":"max-snippet:-1","max-image-preview":"max-image-preview:large","max-video-preview":"max-video-preview:-1"},"canonical":"https:\/\/www.lpehochiminh.com\/vi\/chunong-trinh-hoc\/truong-mau-giao\/","og_locale":"vi_VN","og_type":"article","og_title":"Ch\u01b0\u01a1ng Tr\u00ecnh M\u1eabu gi\u00e1o | La Petite Ecole H\u1ed3 Ch\u00ed Minh","og_description":"Ch\u01b0\u01a1ng tr\u00ecnh m\u1ea7m non song ng\u1eef chu\u1ea9n Ph\u00e1p t\u1ea1i La Petite Ecole HCM: ph\u00e1t tri\u1ec3n ng\u00f4n ng\u1eef, th\u1ec3 ch\u1ea5t, ngh\u1ec7 thu\u1eadt, t\u01b0 duy to\u00e1n h\u1ecdc v\u00e0 kh\u00e1m ph\u00e1 th\u1ebf gi\u1edbi.","og_url":"https:\/\/www.lpehochiminh.com\/vi\/chunong-trinh-hoc\/truong-mau-giao\/","og_site_name":"LPE Ho Chi Minh","article_modified_time":"2026-02-04T08:47:50+00:00","og_image":[{"url":"https:\/\/www.lpehochiminh.com\/wp-content\/uploads\/2024\/01\/MG_3872-722x564.jpg","type":"","width":"","height":""}],"twitter_card":"summary_large_image","twitter_misc":{"Est. reading time":"9 minutes"},"schema":{"@context":"https:\/\/schema.org","@graph":[{"@type":"WebPage","@id":"https:\/\/www.lpehochiminh.com\/vi\/chunong-trinh-hoc\/truong-mau-giao\/","url":"https:\/\/www.lpehochiminh.com\/vi\/chunong-trinh-hoc\/truong-mau-giao\/","name":"Ch\u01b0\u01a1ng Tr\u00ecnh M\u1eabu gi\u00e1o | La Petite Ecole H\u1ed3 Ch\u00ed Minh","isPartOf":{"@id":"https:\/\/www.lpehochiminh.com\/vi\/#website"},"primaryImageOfPage":{"@id":"https:\/\/www.lpehochiminh.com\/vi\/chunong-trinh-hoc\/truong-mau-giao\/#primaryimage"},"image":{"@id":"https:\/\/www.lpehochiminh.com\/vi\/chunong-trinh-hoc\/truong-mau-giao\/#primaryimage"},"thumbnailUrl":"https:\/\/www.lpehochiminh.com\/wp-content\/uploads\/2024\/01\/MG_3872-722x564.jpg","datePublished":"2022-02-11T10:14:44+00:00","dateModified":"2026-02-04T08:47:50+00:00","description":"Ch\u01b0\u01a1ng tr\u00ecnh m\u1ea7m non song ng\u1eef chu\u1ea9n Ph\u00e1p t\u1ea1i La Petite Ecole HCM: ph\u00e1t tri\u1ec3n ng\u00f4n ng\u1eef, th\u1ec3 ch\u1ea5t, ngh\u1ec7 thu\u1eadt, t\u01b0 duy to\u00e1n h\u1ecdc v\u00e0 kh\u00e1m ph\u00e1 th\u1ebf gi\u1edbi.","breadcrumb":{"@id":"https:\/\/www.lpehochiminh.com\/vi\/chunong-trinh-hoc\/truong-mau-giao\/#breadcrumb"},"inLanguage":"vi-VN","potentialAction":[{"@type":"ReadAction","target":["https:\/\/www.lpehochiminh.com\/vi\/chunong-trinh-hoc\/truong-mau-giao\/"]}]},{"@type":"ImageObject","inLanguage":"vi-VN","@id":"https:\/\/www.lpehochiminh.com\/vi\/chunong-trinh-hoc\/truong-mau-giao\/#primaryimage","url":"https:\/\/www.lpehochiminh.com\/wp-content\/uploads\/2024\/01\/MG_3872-722x564.jpg","contentUrl":"https:\/\/www.lpehochiminh.com\/wp-content\/uploads\/2024\/01\/MG_3872-722x564.jpg"},{"@type":"BreadcrumbList","@id":"https:\/\/www.lpehochiminh.com\/vi\/chunong-trinh-hoc\/truong-mau-giao\/#breadcrumb","itemListElement":[{"@type":"ListItem","position":1,"name":"Accueil","item":"https:\/\/www.lpehochiminh.com\/vi\/"},{"@type":"ListItem","position":2,"name":"Ch\u01b0\u01a1ng tr\u00ecnh gi\u00e1o d\u1ee5c qu\u1ed1c t\u1ebf Ph\u00e1p","item":"https:\/\/www.lpehochiminh.com\/vi\/chunong-trinh-hoc\/"},{"@type":"ListItem","position":3,"name":"Tr\u01b0\u1eddng m\u1eabu gi\u00e1o"}]},{"@type":"WebSite","@id":"https:\/\/www.lpehochiminh.com\/vi\/#website","url":"https:\/\/www.lpehochiminh.com\/vi\/","name":"LPE Ho Chi Minh - \u00e9cole internationale plurilingue de la cr\u00e8che au CM2","description":"LPE Ho Chi Minh","publisher":{"@id":"https:\/\/www.lpehochiminh.com\/vi\/#organization"},"alternateName":"LPE Ho Chi Minh","potentialAction":[{"@type":"SearchAction","target":{"@type":"EntryPoint","urlTemplate":"https:\/\/www.lpehochiminh.com\/vi\/?s={search_term_string}"},"query-input":{"@type":"PropertyValueSpecification","valueRequired":true,"valueName":"search_term_string"}}],"inLanguage":"vi-VN"},{"@type":"Organization","@id":"https:\/\/www.lpehochiminh.com\/vi\/#organization","name":"LPE Ho Chi Minh","url":"https:\/\/www.lpehochiminh.com\/vi\/","logo":{"@type":"ImageObject","inLanguage":"vi-VN","@id":"https:\/\/www.lpehochiminh.com\/vi\/#\/schema\/logo\/image\/","url":"https:\/\/www.lpehochiminh.com\/wp-content\/uploads\/2023\/05\/logo-rond-blanc.png","contentUrl":"https:\/\/www.lpehochiminh.com\/wp-content\/uploads\/2023\/05\/logo-rond-blanc.png","width":1993,"height":1990,"caption":"LPE Ho Chi Minh"},"image":{"@id":"https:\/\/www.lpehochiminh.com\/vi\/#\/schema\/logo\/image\/"}}]}},"_links":{"self":[{"href":"https:\/\/www.lpehochiminh.com\/vi\/wp-json\/wp\/v2\/pages\/6204","targetHints":{"allow":["GET"]}}],"collection":[{"href":"https:\/\/www.lpehochiminh.com\/vi\/wp-json\/wp\/v2\/pages"}],"about":[{"href":"https:\/\/www.lpehochiminh.com\/vi\/wp-json\/wp\/v2\/types\/page"}],"author":[{"embeddable":true,"href":"https:\/\/www.lpehochiminh.com\/vi\/wp-json\/wp\/v2\/users\/4"}],"replies":[{"embeddable":true,"href":"https:\/\/www.lpehochiminh.com\/vi\/wp-json\/wp\/v2\/comments?post=6204"}],"version-history":[{"count":47,"href":"https:\/\/www.lpehochiminh.com\/vi\/wp-json\/wp\/v2\/pages\/6204\/revisions"}],"predecessor-version":[{"id":19422,"href":"https:\/\/www.lpehochiminh.com\/vi\/wp-json\/wp\/v2\/pages\/6204\/revisions\/19422"}],"up":[{"embeddable":true,"href":"https:\/\/www.lpehochiminh.com\/vi\/wp-json\/wp\/v2\/pages\/6202"}],"wp:attachment":[{"href":"https:\/\/www.lpehochiminh.com\/vi\/wp-json\/wp\/v2\/media?parent=6204"}],"curies":[{"name":"wp","href":"https:\/\/api.w.org\/{rel}","templated":true}]}}