{"id":6205,"date":"2022-02-11T11:15:58","date_gmt":"2022-02-11T10:15:58","guid":{"rendered":"https:\/\/lpevn.agencebisart.com\/cursus-scolaire\/elementaire\/"},"modified":"2026-02-04T09:51:53","modified_gmt":"2026-02-04T08:51:53","slug":"tieu-hoc","status":"publish","type":"page","link":"https:\/\/www.lpehochiminh.com\/vi\/chunong-trinh-hoc\/tieu-hoc\/","title":{"rendered":"Ti\u1ec3u h\u1ecdc"},"content":{"rendered":"<p>\t\t\t\t<!-- avec ou sans CTA : m\u00eame code, \u00e7a centre verticalement le texte --><\/p>\n<div class=\"smallheader\" id=\"bloc_small_header_7\">\n<style type=\"text\/css\">\n\t\t\t\t\t\t\t#bloc_small_header_7 {background-image: url(https:\/\/www.lpehochiminh.com\/wp-content\/uploads\/2022\/03\/SMALL_HEADER5-610x268.png);}\n\t\t\t\t\t\t\t@media (min-width: 480px) {\t#bloc_small_header_7 {background-image: url(https:\/\/www.lpehochiminh.com\/wp-content\/uploads\/2022\/03\/SMALL_HEADER5-610x268.png);}}\n\t\t\t\t\t\t\t@media (min-width: 768px) {\t#bloc_small_header_7 {background-image: url(https:\/\/www.lpehochiminh.com\/wp-content\/uploads\/2022\/03\/SMALL_HEADER5-1024x214.png);}}\n\t\t\t\t\t\t\t@media (min-width: 992px) { #bloc_small_header_7 {background-image: url(https:\/\/www.lpehochiminh.com\/wp-content\/uploads\/2022\/03\/SMALL_HEADER5-1024x214.png);}}\n\t\t\t\t\t\t\t@media (min-width: 1200px) { #bloc_small_header_7 {background-image: url(https:\/\/www.lpehochiminh.com\/wp-content\/uploads\/2022\/03\/SMALL_HEADER5.png);}}\n\t\t\t\t\t\t<\/style>\n<div class=\"container d-flex flex-column justify-content-center align-items-start\">\n<h1><span>Ch\u01b0\u01a1ng tr\u00ecnh ti\u1ec3u h\u1ecdc song ng\u1eef (Tr\u1ebb 6-11 tu\u1ed5i)<\/span><\/h1>\n<p>B\u01b0\u1edbc ti\u1ebfn v\u1eefng ch\u1eafc trong h\u00e0nh tr\u00ecnh tri th\u1ee9c<\/p>\n<\/p><\/div>\n<\/p><\/div>\n<div class=\"bloc_ctas bloc_cta container pt-2 pb-2 text-right\" id=\"bloc_ctas_8\">\n<div class=\"btns\">\t<a href=\"https:\/\/lpehcm.eduka.school\/register\/create\" title=\"\u0110\u0103ng k\u00fd\" target=\"_blank\" class=\" ml-1   mr-1  btn btn--color4\">\u0110\u0103ng k\u00fd<\/a> <\/div>\n<\/p><\/div>\n<div class=\"bloctext bloctext--nocolor bloctext--haspattern\" id=\"bloc_6_9\">\n<div class=\"container\">\n<div class=\"row\">\n<div class=\"col-12 col-lg-4 col-xl-3 mb-1\">\n<h2><span>TH\u00c0NH C\u00d4NG TRONG H\u1eccC T\u1eacP<\/span><\/h2>\n<\/p><\/div>\n<div class=\"col-12 col-lg-8 col-xl-9\">\n<div class=\"text pl-lg-4\">\n<p>T\u1ea1i Tr\u01b0\u1eddng qu\u1ed1c t\u1ebf La Petite Ecole H\u1ed3 Ch\u00ed Minh, ch\u00fang t\u00f4i m\u1edf r\u1ed9ng ch\u01b0\u01a1ng tr\u00ecnh gi\u1ea3ng d\u1ea1y t\u1eeb m\u1ea7m non \u0111\u1ebfn h\u1ebft ti\u1ec3u h\u1ecdc (CM2) nh\u1eb1m t\u1ea1o \u0111i\u1ec1u ki\u1ec7n cho tr\u1ebb ti\u1ebfp t\u1ee5c h\u1ecdc t\u1eadp trong m\u1ed9t m\u00f4i tr\u01b0\u1eddng song ng\u1eef \u1ed5n \u0111\u1ecbnh, th\u00e2n thu\u1ed9c v\u00e0 ch\u1ea5t l\u01b0\u1ee3ng. L\u00e0 m\u1ed9t th\u00e0nh vi\u00ean c\u1ee7a m\u1ea1ng l\u01b0\u1edbi gi\u00e1o d\u1ee5c qu\u1ed1c t\u1ebf Odyssey, La Petite Ecole H\u1ed3 Ch\u00ed Minh mang \u0111\u1ebfn ch\u01b0\u01a1ng tr\u00ecnh gi\u00e1o d\u1ee5c song ng\u1eef Ph\u00e1p &#8211; Anh to\u00e0n di\u1ec7n, k\u1ebft h\u1ee3p gi\u1eefa chu\u1ea9n m\u1ef1c h\u1ecdc thu\u1eadt v\u00e0 s\u1ef1 linh ho\u1ea1t trong ti\u1ebfp c\u1eadn t\u1eebng c\u00e1 nh\u00e2n.<\/p>\n<p>Ch\u00fang t\u00f4i t\u1eadp trung x\u00e2y d\u1ef1ng n\u1ec1n t\u1ea3ng v\u1eefng ch\u1eafc cho tr\u1ebb v\u1ec1 c\u00e1c k\u1ef9 n\u0103ng h\u1ecdc thu\u1eadt c\u1ed1t l\u00f5i nh\u01b0 \u0111\u1ecdc, vi\u1ebft, t\u00ednh to\u00e1n v\u00e0 t\u01b0 duy ph\u1ea3n bi\u1ec7n, th\u00f4ng qua c\u00e1c m\u00f4n h\u1ecdc \u0111a d\u1ea1ng: ti\u1ebfng Ph\u00e1p, ti\u1ebfng Anh, ti\u1ebfng Vi\u1ec7t, ngh\u1ec7 thu\u1eadt, th\u1ec3 thao, \u00e2m nh\u1ea1c, \u0111\u1ea1o \u0111\u1ee9c, c\u00f4ng d\u00e2n, khoa h\u1ecdc, l\u1ecbch s\u1eed v\u00e0 c\u00f4ng ngh\u1ec7.<\/p>\n<p>Ngo\u00e0i h\u1ecdc thu\u1eadt, ch\u01b0\u01a1ng tr\u00ecnh ti\u1ec3u h\u1ecdc t\u1ea1i La Petite Ecole H\u1ed3 Ch\u00ed Minh c\u00f2n gi\u00fap tr\u1ebb ph\u00e1t tri\u1ec3n k\u1ef9 n\u0103ng s\u1ed1ng, bi\u1ebft h\u00f2a nh\u1eadp, t\u00f4n tr\u1ecdng b\u1ea3n th\u00e2n v\u00e0 ng\u01b0\u1eddi kh\u00e1c, \u0111\u1ed3ng th\u1eddi s\u1eb5n s\u00e0ng \u0111\u1ed1i m\u1eb7t v\u1edbi th\u1eed th\u00e1ch trong h\u1ecdc t\u1eadp c\u0169ng nh\u01b0 cu\u1ed9c s\u1ed1ng.<\/p>\n<p>V\u00e0o cu\u1ed1i Chu k\u1ef3 3, c\u00e1c em ti\u1ec3u h\u1ecdc s\u1ebd t\u00edch l\u0169y \u0111\u01b0\u1ee3c ki\u1ebfn th\u1ee9c trong nhi\u1ec1u l\u0129nh v\u1ef1c. 4 n\u1ec1n t\u1ea3ng c\u1ed1t l\u00f5i ch\u00ednh l\u00e0:<\/p>\n<\/p><\/div>\n<\/p><\/div>\n<\/p><\/div>\n<\/p><\/div>\n<\/div>\n<div class=\"cardsnumbers cardscolors--color2\" id=\"bloc_1_10\">\n<div class=\"container\">\n<h2><span><\/span><\/h2>\n<div class=\"row justify-content-center\">\n<div class=\"col-12 col-sm-6 col-lg-3 mb-2\">\n<div class=\"cardnumber d-flex flex-column align-self-stretch\">\n<div class=\"text text_bis\" >\n\t\t\t\t\t\t\t\t<strong>01<\/strong><\/p>\n<p>Ng\u00f4n ng\u1eef \u0111\u1ec3 t\u01b0 duy v\u00e0 giao ti\u1ebfp<\/p>\n<\/p><\/div>\n<div class=\"more_bis\" >\n<div class=\"more d-flex align-items-center justify-content-center\" >\n<div>\n<p><p>Tr\u1ebb h\u1ecdc c\u00e1ch s\u1eed d\u1ee5ng ng\u00f4n ng\u1eef \u0111\u1ec3 di\u1ec5n \u0111\u1ea1t \u00fd t\u01b0\u1edfng, c\u1ea3m x\u00fac v\u00e0 ph\u1ea3n bi\u1ec7n.<\/p>\n<\/p>\n<\/div><\/div>\n<\/p><\/div>\n<\/p><\/div>\n<\/p><\/div>\n<div class=\"col-12 col-sm-6 col-lg-3 mb-2\">\n<div class=\"cardnumber d-flex flex-column align-self-stretch\">\n<div class=\"text text_bis\" >\n\t\t\t\t\t\t\t\t<strong>02<\/strong><\/p>\n<p>Gi\u00e1o d\u1ee5c con ng\u01b0\u1eddi &#038; c\u00f4ng d\u00e2n<\/p>\n<\/p><\/div>\n<div class=\"more_bis\" >\n<div class=\"more d-flex align-items-center justify-content-center\" >\n<div>\n<p><p>Gi\u00e1o d\u1ee5c tr\u1ebb bi\u1ebft t\u00f4n tr\u1ecdng, h\u1ee3p t\u00e1c v\u00e0 s\u1ed1ng c\u00f3 tr\u00e1ch nhi\u1ec7m trong c\u1ed9ng \u0111\u1ed3ng.<\/p>\n<\/p>\n<\/div><\/div>\n<\/p><\/div>\n<\/p><\/div>\n<\/p><\/div>\n<div class=\"col-12 col-sm-6 col-lg-3 mb-2\">\n<div class=\"cardnumber d-flex flex-column align-self-stretch\">\n<div class=\"text text_bis\" >\n\t\t\t\t\t\t\t\t<strong>03<\/strong><\/p>\n<p>Ph\u01b0\u01a1ng ph\u00e1p v\u00e0 c\u00f4ng c\u1ee5 h\u1ecdc t\u1eadp<\/p>\n<\/p><\/div>\n<div class=\"more_bis\" >\n<div class=\"more d-flex align-items-center justify-content-center\" >\n<div>\n<p><p>Gi\u00fap tr\u1ebb ph\u00e1t tri\u1ec3n k\u1ef9 n\u0103ng t\u1ef1 h\u1ecdc, t\u1ed5 ch\u1ee9c v\u00e0 s\u1eed d\u1ee5ng c\u00f4ng c\u1ee5 h\u1ed7 tr\u1ee3 h\u1ecdc t\u1eadp.<\/p>\n<\/p>\n<\/div><\/div>\n<\/p><\/div>\n<\/p><\/div>\n<\/p><\/div>\n<div class=\"col-12 col-sm-6 col-lg-3 mb-2\">\n<div class=\"cardnumber d-flex flex-column align-self-stretch\">\n<div class=\"text text_bis\" >\n\t\t\t\t\t\t\t\t<strong>04<\/strong><\/p>\n<p>Kh\u00e1m ph\u00e1 th\u1ebf gi\u1edbi v\u00e0 ho\u1ea1t \u0111\u1ed9ng con ng\u01b0\u1eddi<\/p>\n<\/p><\/div>\n<div class=\"more_bis\" >\n<div class=\"more d-flex align-items-center justify-content-center\" >\n<div>\n<p><p>Khuy\u1ebfn kh\u00edch tr\u1ebb t\u00ecm hi\u1ec3u v\u1ec1 m\u00f4i tr\u01b0\u1eddng, x\u00e3 h\u1ed9i v\u00e0 c\u00e1c m\u1ed1i quan h\u1ec7 trong cu\u1ed9c s\u1ed1ng.<\/p>\n<\/p>\n<\/div><\/div>\n<\/p><\/div>\n<\/p><\/div>\n<\/p><\/div>\n<\/p><\/div>\n<\/p><\/div>\n<\/div>\n<div class=\"blocsphotos blocsphotos--nocolor\" id=\"bloc_14_11\">\n<div class=\"container\">\n<div class=\"row\">\n<div class=\"col-6 col-md-3 mb-1 mb-md-0\">\n<div class=\"blocphoto\">\n\t\t\t\t\t<img decoding=\"async\" class=\"img-fluid img-rounded\" src=\"https:\/\/www.lpehochiminh.com\/wp-content\/uploads\/2024\/01\/MG_4110-270x310.jpg\" width=\"\" height=\"\" alt=\"A Bilingual Education\">\n\t\t\t\t<\/div>\n<\/p><\/div>\n<div class=\"col-6 col-md-3 mb-1 mb-md-0\">\n<div class=\"blocphoto\">\n\t\t\t\t\t<img decoding=\"async\" class=\"img-fluid img-rounded\" src=\"https:\/\/www.lpehochiminh.com\/wp-content\/uploads\/2024\/01\/MG_3571-270x310.jpg\" width=\"\" height=\"\" alt=\"La Petite Ecole Ho Chi Minh - French International school\">\n\t\t\t\t<\/div>\n<\/p><\/div>\n<div class=\"col-6 col-md-3 mb-1 mb-md-0\">\n<div class=\"blocphoto\">\n\t\t\t\t\t<img decoding=\"async\" class=\"img-fluid img-rounded\" src=\"https:\/\/www.lpehochiminh.com\/wp-content\/uploads\/2024\/01\/MG_4067-1-270x310.jpg\" width=\"\" height=\"\" alt=\"La Petite Ecole Ho Chi Minh - French International school\">\n\t\t\t\t<\/div>\n<\/p><\/div>\n<div class=\"col-6 col-md-3 mb-1 mb-md-0\">\n<div class=\"blocphoto\">\n\t\t\t\t\t<img decoding=\"async\" class=\"img-fluid img-rounded\" src=\"https:\/\/www.lpehochiminh.com\/wp-content\/uploads\/2024\/01\/IMG_20230918_160134-270x310.jpg\" width=\"\" height=\"\" alt=\"La Petite Ecole Ho Chi Minh - French International school\">\n\t\t\t\t<\/div>\n<\/p><\/div>\n<\/p><\/div>\n<\/p><\/div>\n<\/div>\n<div class=\"blocinfo blocinfo--color4\" id=\"bloc_10_12\">\n<div class=\"container\">\n<div class=\"row\">\n<div class=\"col-12 col-md-6\">\n<h2><span>H\u00e3y b\u1eaft \u0111\u1ea7u t\u01b0\u01a1ng lai c\u1ee7a tr\u1ebb ngay h\u00f4m nay!<\/span><\/h2>\n<p>\u0110\u0103ng k\u00fd cho con b\u1ea1n v\u00e0o n\u0103m h\u1ecdc 2026-2027<\/p>\n<p>\t\t\t\t<!-- Changer la classe de couleur du bouton en fonction de la couleur g\u00e9n\u00e9rale du bloc --><\/p>\n<div class=\"bloc_cta\" >\n\t<a href=\"https:\/\/lpehcm.eduka.school\/register\/create\" title=\"\u0110\u0103ng k\u00fd\" target=\"_blank\" class=\"mr-3 btn btn--color4\">\u0110\u0103ng k\u00fd<\/a> \t\t\t\t<\/div>\n<\/p><\/div>\n<\/p><\/div>\n<\/p><\/div>\n<\/div>\n","protected":false},"excerpt":{"rendered":"<p>Ch\u01b0\u01a1ng tr\u00ecnh ti\u1ec3u h\u1ecdc song ng\u1eef (Tr\u1ebb 6-11 tu\u1ed5i) B\u01b0\u1edbc ti\u1ebfn v\u1eefng ch\u1eafc trong h\u00e0nh tr\u00ecnh tri th\u1ee9c \u0110\u0103ng k\u00fd [&hellip;]<\/p>\n","protected":false},"author":4,"featured_media":0,"parent":6202,"menu_order":180,"comment_status":"closed","ping_status":"closed","template":"","meta":{"_acf_changed":false,"kdcopypost-origin-url":"","kdcopypost-origin-id":"","footnotes":""},"class_list":["post-6205","page","type-page","status-publish","hentry"],"acf":[],"yoast_head":"<!-- This site is optimized with the Yoast SEO plugin v26.8 - https:\/\/yoast.com\/product\/yoast-seo-wordpress\/ -->\n<title>Ch\u01b0\u01a1ng Tr\u00ecnh Ti\u1ec3u h\u1ecdc | La Petite Ecole H\u1ed3 Ch\u00ed Minh<\/title>\n<meta name=\"description\" content=\"Ch\u01b0\u01a1ng tr\u00ecnh ti\u1ec3u h\u1ecdc t\u1ea1i La Petite Ecole H\u1ed3 Ch\u00ed Minh \u0111\u01b0\u1ee3c c\u00e1 nh\u00e2n h\u00f3a gi\u00fap ph\u00f9 h\u1ee3p v\u1edbi nhu c\u1ea7u v\u00e0 kh\u1ea3 n\u0103ng ri\u00eang c\u1ee7a t\u1eebng tr\u1ebb, gi\u00fap b\u00e9 h\u1ecdc t\u1ed1t v\u00e0 t\u1ef1 tin kh\u00e1m ph\u00e1.\" \/>\n<meta name=\"robots\" content=\"index, follow, max-snippet:-1, max-image-preview:large, max-video-preview:-1\" \/>\n<link rel=\"canonical\" href=\"https:\/\/www.lpehochiminh.com\/vi\/chunong-trinh-hoc\/tieu-hoc\/\" \/>\n<meta property=\"og:locale\" content=\"vi_VN\" \/>\n<meta property=\"og:type\" content=\"article\" \/>\n<meta property=\"og:title\" content=\"Ch\u01b0\u01a1ng Tr\u00ecnh Ti\u1ec3u h\u1ecdc | La Petite Ecole H\u1ed3 Ch\u00ed Minh\" \/>\n<meta property=\"og:description\" content=\"Ch\u01b0\u01a1ng tr\u00ecnh ti\u1ec3u h\u1ecdc t\u1ea1i La Petite Ecole H\u1ed3 Ch\u00ed Minh \u0111\u01b0\u1ee3c c\u00e1 nh\u00e2n h\u00f3a gi\u00fap ph\u00f9 h\u1ee3p v\u1edbi nhu c\u1ea7u v\u00e0 kh\u1ea3 n\u0103ng ri\u00eang c\u1ee7a t\u1eebng tr\u1ebb, gi\u00fap b\u00e9 h\u1ecdc t\u1ed1t v\u00e0 t\u1ef1 tin kh\u00e1m ph\u00e1.\" \/>\n<meta property=\"og:url\" content=\"https:\/\/www.lpehochiminh.com\/vi\/chunong-trinh-hoc\/tieu-hoc\/\" \/>\n<meta property=\"og:site_name\" content=\"LPE Ho Chi Minh\" \/>\n<meta property=\"article:modified_time\" content=\"2026-02-04T08:51:53+00:00\" \/>\n<meta property=\"og:image\" content=\"https:\/\/www.lpehochiminh.com\/wp-content\/uploads\/2024\/01\/MG_4110-270x310.jpg\" \/>\n<meta name=\"twitter:card\" content=\"summary_large_image\" \/>\n<meta name=\"twitter:label1\" content=\"Est. reading time\" \/>\n\t<meta name=\"twitter:data1\" content=\"6 minutes\" \/>\n<!-- \/ Yoast SEO plugin. -->","yoast_head_json":{"title":"Ch\u01b0\u01a1ng Tr\u00ecnh Ti\u1ec3u h\u1ecdc | La Petite Ecole H\u1ed3 Ch\u00ed Minh","description":"Ch\u01b0\u01a1ng tr\u00ecnh ti\u1ec3u h\u1ecdc t\u1ea1i La Petite Ecole H\u1ed3 Ch\u00ed Minh \u0111\u01b0\u1ee3c c\u00e1 nh\u00e2n h\u00f3a gi\u00fap ph\u00f9 h\u1ee3p v\u1edbi nhu c\u1ea7u v\u00e0 kh\u1ea3 n\u0103ng ri\u00eang c\u1ee7a t\u1eebng tr\u1ebb, gi\u00fap b\u00e9 h\u1ecdc t\u1ed1t v\u00e0 t\u1ef1 tin kh\u00e1m ph\u00e1.","robots":{"index":"index","follow":"follow","max-snippet":"max-snippet:-1","max-image-preview":"max-image-preview:large","max-video-preview":"max-video-preview:-1"},"canonical":"https:\/\/www.lpehochiminh.com\/vi\/chunong-trinh-hoc\/tieu-hoc\/","og_locale":"vi_VN","og_type":"article","og_title":"Ch\u01b0\u01a1ng Tr\u00ecnh Ti\u1ec3u h\u1ecdc | La Petite Ecole H\u1ed3 Ch\u00ed Minh","og_description":"Ch\u01b0\u01a1ng tr\u00ecnh ti\u1ec3u h\u1ecdc t\u1ea1i La Petite Ecole H\u1ed3 Ch\u00ed Minh \u0111\u01b0\u1ee3c c\u00e1 nh\u00e2n h\u00f3a gi\u00fap ph\u00f9 h\u1ee3p v\u1edbi nhu c\u1ea7u v\u00e0 kh\u1ea3 n\u0103ng ri\u00eang c\u1ee7a t\u1eebng tr\u1ebb, gi\u00fap b\u00e9 h\u1ecdc t\u1ed1t v\u00e0 t\u1ef1 tin kh\u00e1m ph\u00e1.","og_url":"https:\/\/www.lpehochiminh.com\/vi\/chunong-trinh-hoc\/tieu-hoc\/","og_site_name":"LPE Ho Chi Minh","article_modified_time":"2026-02-04T08:51:53+00:00","og_image":[{"url":"https:\/\/www.lpehochiminh.com\/wp-content\/uploads\/2024\/01\/MG_4110-270x310.jpg","type":"","width":"","height":""}],"twitter_card":"summary_large_image","twitter_misc":{"Est. reading time":"6 minutes"},"schema":{"@context":"https:\/\/schema.org","@graph":[{"@type":"WebPage","@id":"https:\/\/www.lpehochiminh.com\/vi\/chunong-trinh-hoc\/tieu-hoc\/","url":"https:\/\/www.lpehochiminh.com\/vi\/chunong-trinh-hoc\/tieu-hoc\/","name":"Ch\u01b0\u01a1ng Tr\u00ecnh Ti\u1ec3u h\u1ecdc | La Petite Ecole H\u1ed3 Ch\u00ed Minh","isPartOf":{"@id":"https:\/\/www.lpehochiminh.com\/vi\/#website"},"primaryImageOfPage":{"@id":"https:\/\/www.lpehochiminh.com\/vi\/chunong-trinh-hoc\/tieu-hoc\/#primaryimage"},"image":{"@id":"https:\/\/www.lpehochiminh.com\/vi\/chunong-trinh-hoc\/tieu-hoc\/#primaryimage"},"thumbnailUrl":"https:\/\/www.lpehochiminh.com\/wp-content\/uploads\/2024\/01\/MG_4110-270x310.jpg","datePublished":"2022-02-11T10:15:58+00:00","dateModified":"2026-02-04T08:51:53+00:00","description":"Ch\u01b0\u01a1ng tr\u00ecnh ti\u1ec3u h\u1ecdc t\u1ea1i La Petite Ecole H\u1ed3 Ch\u00ed Minh \u0111\u01b0\u1ee3c c\u00e1 nh\u00e2n h\u00f3a gi\u00fap ph\u00f9 h\u1ee3p v\u1edbi nhu c\u1ea7u v\u00e0 kh\u1ea3 n\u0103ng ri\u00eang c\u1ee7a t\u1eebng tr\u1ebb, gi\u00fap b\u00e9 h\u1ecdc t\u1ed1t v\u00e0 t\u1ef1 tin kh\u00e1m ph\u00e1.","breadcrumb":{"@id":"https:\/\/www.lpehochiminh.com\/vi\/chunong-trinh-hoc\/tieu-hoc\/#breadcrumb"},"inLanguage":"vi-VN","potentialAction":[{"@type":"ReadAction","target":["https:\/\/www.lpehochiminh.com\/vi\/chunong-trinh-hoc\/tieu-hoc\/"]}]},{"@type":"ImageObject","inLanguage":"vi-VN","@id":"https:\/\/www.lpehochiminh.com\/vi\/chunong-trinh-hoc\/tieu-hoc\/#primaryimage","url":"https:\/\/www.lpehochiminh.com\/wp-content\/uploads\/2024\/01\/MG_4110-270x310.jpg","contentUrl":"https:\/\/www.lpehochiminh.com\/wp-content\/uploads\/2024\/01\/MG_4110-270x310.jpg"},{"@type":"BreadcrumbList","@id":"https:\/\/www.lpehochiminh.com\/vi\/chunong-trinh-hoc\/tieu-hoc\/#breadcrumb","itemListElement":[{"@type":"ListItem","position":1,"name":"Accueil","item":"https:\/\/www.lpehochiminh.com\/vi\/"},{"@type":"ListItem","position":2,"name":"Ch\u01b0\u01a1ng tr\u00ecnh gi\u00e1o d\u1ee5c qu\u1ed1c t\u1ebf Ph\u00e1p","item":"https:\/\/www.lpehochiminh.com\/vi\/chunong-trinh-hoc\/"},{"@type":"ListItem","position":3,"name":"Ti\u1ec3u h\u1ecdc"}]},{"@type":"WebSite","@id":"https:\/\/www.lpehochiminh.com\/vi\/#website","url":"https:\/\/www.lpehochiminh.com\/vi\/","name":"LPE Ho Chi Minh - \u00e9cole internationale plurilingue de la cr\u00e8che au CM2","description":"LPE Ho Chi Minh","publisher":{"@id":"https:\/\/www.lpehochiminh.com\/vi\/#organization"},"alternateName":"LPE Ho Chi Minh","potentialAction":[{"@type":"SearchAction","target":{"@type":"EntryPoint","urlTemplate":"https:\/\/www.lpehochiminh.com\/vi\/?s={search_term_string}"},"query-input":{"@type":"PropertyValueSpecification","valueRequired":true,"valueName":"search_term_string"}}],"inLanguage":"vi-VN"},{"@type":"Organization","@id":"https:\/\/www.lpehochiminh.com\/vi\/#organization","name":"LPE Ho Chi Minh","url":"https:\/\/www.lpehochiminh.com\/vi\/","logo":{"@type":"ImageObject","inLanguage":"vi-VN","@id":"https:\/\/www.lpehochiminh.com\/vi\/#\/schema\/logo\/image\/","url":"https:\/\/www.lpehochiminh.com\/wp-content\/uploads\/2023\/05\/logo-rond-blanc.png","contentUrl":"https:\/\/www.lpehochiminh.com\/wp-content\/uploads\/2023\/05\/logo-rond-blanc.png","width":1993,"height":1990,"caption":"LPE Ho Chi Minh"},"image":{"@id":"https:\/\/www.lpehochiminh.com\/vi\/#\/schema\/logo\/image\/"}}]}},"_links":{"self":[{"href":"https:\/\/www.lpehochiminh.com\/vi\/wp-json\/wp\/v2\/pages\/6205","targetHints":{"allow":["GET"]}}],"collection":[{"href":"https:\/\/www.lpehochiminh.com\/vi\/wp-json\/wp\/v2\/pages"}],"about":[{"href":"https:\/\/www.lpehochiminh.com\/vi\/wp-json\/wp\/v2\/types\/page"}],"author":[{"embeddable":true,"href":"https:\/\/www.lpehochiminh.com\/vi\/wp-json\/wp\/v2\/users\/4"}],"replies":[{"embeddable":true,"href":"https:\/\/www.lpehochiminh.com\/vi\/wp-json\/wp\/v2\/comments?post=6205"}],"version-history":[{"count":44,"href":"https:\/\/www.lpehochiminh.com\/vi\/wp-json\/wp\/v2\/pages\/6205\/revisions"}],"predecessor-version":[{"id":19438,"href":"https:\/\/www.lpehochiminh.com\/vi\/wp-json\/wp\/v2\/pages\/6205\/revisions\/19438"}],"up":[{"embeddable":true,"href":"https:\/\/www.lpehochiminh.com\/vi\/wp-json\/wp\/v2\/pages\/6202"}],"wp:attachment":[{"href":"https:\/\/www.lpehochiminh.com\/vi\/wp-json\/wp\/v2\/media?parent=6205"}],"curies":[{"name":"wp","href":"https:\/\/api.w.org\/{rel}","templated":true}]}}