{"id":6208,"date":"2022-02-11T11:17:38","date_gmt":"2022-02-11T10:17:38","guid":{"rendered":"https:\/\/lpevn.agencebisart.com\/activites-extrascolaires\/camp-de-vacances\/"},"modified":"2025-09-04T06:02:15","modified_gmt":"2025-09-04T04:02:15","slug":"trai-he","status":"publish","type":"page","link":"https:\/\/www.lpehochiminh.com\/vi\/hoat-dong-ngoai-khoa\/trai-he\/","title":{"rendered":"Tr\u1ea1i h\u00e8"},"content":{"rendered":"<p>\t\t\t\t<!-- avec ou sans CTA : m\u00eame code, \u00e7a centre verticalement le texte --><\/p>\n<div class=\"smallheader\" id=\"bloc_small_header_5\">\n<style type=\"text\/css\">\n\t\t\t\t\t\t\t#bloc_small_header_5 {background-image: url(https:\/\/www.lpehochiminh.com\/wp-content\/uploads\/2022\/03\/SMALL_HEADER-610x268.png);}\n\t\t\t\t\t\t\t@media (min-width: 480px) {\t#bloc_small_header_5 {background-image: url(https:\/\/www.lpehochiminh.com\/wp-content\/uploads\/2022\/03\/SMALL_HEADER-610x268.png);}}\n\t\t\t\t\t\t\t@media (min-width: 768px) {\t#bloc_small_header_5 {background-image: url(https:\/\/www.lpehochiminh.com\/wp-content\/uploads\/2022\/03\/SMALL_HEADER-1024x214.png);}}\n\t\t\t\t\t\t\t@media (min-width: 992px) { #bloc_small_header_5 {background-image: url(https:\/\/www.lpehochiminh.com\/wp-content\/uploads\/2022\/03\/SMALL_HEADER-1024x214.png);}}\n\t\t\t\t\t\t\t@media (min-width: 1200px) { #bloc_small_header_5 {background-image: url(https:\/\/www.lpehochiminh.com\/wp-content\/uploads\/2022\/03\/SMALL_HEADER.png);}}\n\t\t\t\t\t\t<\/style>\n<div class=\"container d-flex flex-column justify-content-center align-items-start\">\n<h1><span>TR\u1ea0I H\u00c8<\/span><\/h1>\n<\/p><\/div>\n<\/p><\/div>\n<div class=\"bloctext bloctext--color2 bloctext--haspattern\" id=\"bloc_6_6\">\n<div class=\"container\">\n<div class=\"row\">\n<div class=\"col-12 col-lg-4 col-xl-3 mb-1\">\n<h2><span>KH\u00d4NG KH\u00cd THO\u1ea2I M\u00c1I<\/span><\/h2>\n<\/p><\/div>\n<div class=\"col-12 col-lg-8 col-xl-9\">\n<div class=\"text pl-lg-4\">\n<p>Tr\u1ea1i h\u00e8 \u0111\u01b0\u1ee3c t\u1ed5 ch\u1ee9c t\u1ea1i tr\u01b0\u1eddng, d\u00e0nh cho nh\u1eefng ng\u01b0\u1eddi mu\u1ed1n tham gia, di\u1ec5n ra trong su\u1ed1t c\u00e1c k\u1ef3 ngh\u1ec9 th\u00e1ng 10, th\u00e1ng 4 v\u00e0 th\u00e1ng 7. C\u00e1c ch\u1ee7 \u0111\u1ec1 thay \u0111\u1ed5i theo t\u1eebng tr\u1ea1i, v\u00e0 lu\u00f4n c\u00f3 c\u00e1c ho\u1ea1t \u0111\u1ed9ng th\u1ec3 thao, ngh\u1ec7 thu\u1eadt v\u00e0 v\u0103n h\u00f3a, v\u1edbi s\u1ef1 tham gia c\u1ee7a nh\u1eefng kh\u00e1ch m\u1eddi v\u00e0 nh\u00e2n vi\u00ean c\u1ee7a nh\u00e0 tr\u01b0\u1eddng. Trong th\u1eddi gian di\u1ec5n ra tr\u1ea1i h\u00e8, d\u1ecbch v\u1ee5 xe bu\u00fdt kh\u00f4ng ho\u1ea1t \u0111\u1ed9ng.<\/p>\n<p>\u0110\u00e2y l\u00e0 c\u01a1 h\u1ed9i \u0111\u1ec3 tr\u1ebb c\u00f3 th\u1ec3 k\u1ebft b\u1ea1n m\u1edbi, v\u00e0 c\u0169ng l\u00e0 kho\u1ea3ng th\u1eddi gian \u0111\u1ec3 t\u00ecm hi\u1ec3u th\u00eam v\u1ec1 nh\u1eefng ng\u01b0\u1eddi b\u1ea1n c\u00f9ng l\u1edbp trong b\u1ea7u kh\u00f4ng kh\u00ed tho\u1ea3i m\u00e1i, n\u01a1i c\u00f3 nh\u1eefng tr\u00f2 ch\u01a1i t\u1ea1i ch\u1ed7.<\/p>\n<p>Nh\u1eefng tr\u1ea1i h\u00e8 n\u00e0y ch\u1ec9 \u0111\u01b0\u1ee3c t\u1ed5 ch\u1ee9c d\u00e0nh cho h\u1ecdc sinh c\u1ee7a tr\u01b0\u1eddng La Petite Ecole.<\/p>\n<p><strong>Th\u1eddi gian: <\/strong>9h00 \u0111\u1ebfn 15h30, t\u1eeb th\u1ee9 Hai \u0111\u1ebfn th\u1ee9 S\u00e1u.<strong><br \/>\n<\/strong><strong><br \/>\n<\/strong><\/p>\n<\/p><\/div>\n<\/p><\/div>\n<\/p><\/div>\n<\/p><\/div>\n<\/div>\n<div class=\"blocsphotos blocsphotos--color2\" id=\"bloc_14_7\">\n<div class=\"container\">\n<div class=\"row\">\n<div class=\"col-6 col-md-3 mb-1 mb-md-0\">\n<div class=\"blocphoto\">\n\t\t\t\t\t<img decoding=\"async\" class=\"img-fluid img-rounded\" src=\"https:\/\/www.lpehochiminh.com\/wp-content\/uploads\/2024\/01\/20231115_103942-270x310.jpg\" width=\"\" height=\"\" alt=\"La Petite Ecole Ho Chi Minh - French International school\">\n\t\t\t\t<\/div>\n<\/p><\/div>\n<div class=\"col-6 col-md-3 mb-1 mb-md-0\">\n<div class=\"blocphoto\">\n\t\t\t\t\t<img decoding=\"async\" class=\"img-fluid img-rounded\" src=\"https:\/\/www.lpehochiminh.com\/wp-content\/uploads\/2024\/01\/MG_3804-1-270x310.jpg\" width=\"\" height=\"\" alt=\"WHY CHOOSE LA PETITE ECOLE HO CHI MINH?\">\n\t\t\t\t<\/div>\n<\/p><\/div>\n<div class=\"col-6 col-md-3 mb-1 mb-md-0\">\n<div class=\"blocphoto\">\n\t\t\t\t\t<img decoding=\"async\" class=\"img-fluid img-rounded\" src=\"https:\/\/www.lpehochiminh.com\/wp-content\/uploads\/2024\/01\/305930203_495167685951150_8425265591250543020_n-1-270x310.jpg\" width=\"\" height=\"\" alt=\"La Petite Ecole Ho Chi Minh - French International school\">\n\t\t\t\t<\/div>\n<\/p><\/div>\n<div class=\"col-6 col-md-3 mb-1 mb-md-0\">\n<div class=\"blocphoto\">\n\t\t\t\t\t<img decoding=\"async\" class=\"img-fluid img-rounded\" src=\"https:\/\/www.lpehochiminh.com\/wp-content\/uploads\/2024\/01\/20231101_095635-270x310.jpg\" width=\"\" height=\"\" alt=\"La Petite Ecole Ho Chi Minh - French International school\">\n\t\t\t\t<\/div>\n<\/p><\/div>\n<\/p><\/div>\n<\/p><\/div>\n<\/div>\n<div class=\"blocinfo blocinfo--color4\" id=\"bloc_10_8\">\n<div class=\"container\">\n<div class=\"row\">\n<div class=\"col-12 col-md-6\">\n<h2><span>\u0110\u1ec3 bi\u1ebft th\u00eam th\u00f4ng tin<\/span><\/h2>\n<p>\u0110\u1ed9i ng\u0169 v\u0103n ph\u00f2ng tuy\u1ec3n sinh s\u1eb5n s\u00e0ng gi\u1ea3i \u0111\u00e1p m\u1ecdi th\u1eafc m\u1eafc c\u1ee7a b\u1ea1n.<\/p>\n<p>\t\t\t\t<!-- Changer la classe de couleur du bouton en fonction de la couleur g\u00e9n\u00e9rale du bloc --><\/p>\n<div class=\"bloc_cta\" >\n\t<a href=\"https:\/\/www.lpehochiminh.com\/vi\/lien-he-voi-chung-toi\/\" title=\"Li\u00ean h\u1ec7 v\u1edbi ch\u00fang t\u00f4i\" target=\"\" class=\"mr-3 btn btn--color4\">Li\u00ean h\u1ec7 v\u1edbi ch\u00fang t\u00f4i<\/a> \t\t\t\t<\/div>\n<\/p><\/div>\n<\/p><\/div>\n<\/p><\/div>\n<\/div>\n","protected":false},"excerpt":{"rendered":"<p>TR\u1ea0I H\u00c8 KH\u00d4NG KH\u00cd THO\u1ea2I M\u00c1I Tr\u1ea1i h\u00e8 \u0111\u01b0\u1ee3c t\u1ed5 ch\u1ee9c t\u1ea1i tr\u01b0\u1eddng, d\u00e0nh cho nh\u1eefng ng\u01b0\u1eddi mu\u1ed1n tham gia, [&hellip;]<\/p>\n","protected":false},"author":4,"featured_media":0,"parent":6206,"menu_order":210,"comment_status":"closed","ping_status":"closed","template":"","meta":{"_acf_changed":false,"kdcopypost-origin-url":"","kdcopypost-origin-id":"","footnotes":""},"class_list":["post-6208","page","type-page","status-publish","hentry"],"acf":[],"yoast_head":"<!-- This site is optimized with the Yoast SEO plugin v26.8 - https:\/\/yoast.com\/product\/yoast-seo-wordpress\/ -->\n<title>Vui ch\u01a1i Kh\u00e1m ph\u00e1 - Ch\u01b0\u01a1ng tr\u00ecnh Tr\u1ea1i H\u00e8 t\u1ea1i LPE H\u1ed3 Ch\u00ed Minh<\/title>\n<meta name=\"description\" content=\"Tham gia Ch\u01b0\u01a1ng tr\u00ecnh Tr\u1ea1i h\u00e8 t\u1ea1i LPE H\u1ed3 Ch\u00ed Minh: K\u1ebft h\u1ee3p gi\u1ea3i tr\u00ed v\u00e0 h\u1ecdc t\u1eadp trong b\u1ea7u kh\u00f4ng kh\u00ed vui t\u01b0\u01a1i, tho\u1ea3i m\u00e1i.\" \/>\n<meta name=\"robots\" content=\"index, follow, max-snippet:-1, max-image-preview:large, max-video-preview:-1\" \/>\n<link rel=\"canonical\" href=\"https:\/\/www.lpehochiminh.com\/vi\/hoat-dong-ngoai-khoa\/trai-he\/\" \/>\n<meta property=\"og:locale\" content=\"vi_VN\" \/>\n<meta property=\"og:type\" content=\"article\" \/>\n<meta property=\"og:title\" content=\"Vui ch\u01a1i Kh\u00e1m ph\u00e1 - Ch\u01b0\u01a1ng tr\u00ecnh Tr\u1ea1i H\u00e8 t\u1ea1i LPE H\u1ed3 Ch\u00ed Minh\" \/>\n<meta property=\"og:description\" content=\"Tham gia Ch\u01b0\u01a1ng tr\u00ecnh Tr\u1ea1i h\u00e8 t\u1ea1i LPE H\u1ed3 Ch\u00ed Minh: K\u1ebft h\u1ee3p gi\u1ea3i tr\u00ed v\u00e0 h\u1ecdc t\u1eadp trong b\u1ea7u kh\u00f4ng kh\u00ed vui t\u01b0\u01a1i, tho\u1ea3i m\u00e1i.\" \/>\n<meta property=\"og:url\" content=\"https:\/\/www.lpehochiminh.com\/vi\/hoat-dong-ngoai-khoa\/trai-he\/\" \/>\n<meta property=\"og:site_name\" content=\"LPE Ho Chi Minh\" \/>\n<meta property=\"article:modified_time\" content=\"2025-09-04T04:02:15+00:00\" \/>\n<meta property=\"og:image\" content=\"https:\/\/www.lpehochiminh.com\/wp-content\/uploads\/2024\/01\/20231115_103942-270x310.jpg\" \/>\n<meta name=\"twitter:card\" content=\"summary_large_image\" \/>\n<meta name=\"twitter:label1\" content=\"Est. reading time\" \/>\n\t<meta name=\"twitter:data1\" content=\"4 minutes\" \/>\n<!-- \/ Yoast SEO plugin. -->","yoast_head_json":{"title":"Vui ch\u01a1i Kh\u00e1m ph\u00e1 - Ch\u01b0\u01a1ng tr\u00ecnh Tr\u1ea1i H\u00e8 t\u1ea1i LPE H\u1ed3 Ch\u00ed Minh","description":"Tham gia Ch\u01b0\u01a1ng tr\u00ecnh Tr\u1ea1i h\u00e8 t\u1ea1i LPE H\u1ed3 Ch\u00ed Minh: K\u1ebft h\u1ee3p gi\u1ea3i tr\u00ed v\u00e0 h\u1ecdc t\u1eadp trong b\u1ea7u kh\u00f4ng kh\u00ed vui t\u01b0\u01a1i, tho\u1ea3i m\u00e1i.","robots":{"index":"index","follow":"follow","max-snippet":"max-snippet:-1","max-image-preview":"max-image-preview:large","max-video-preview":"max-video-preview:-1"},"canonical":"https:\/\/www.lpehochiminh.com\/vi\/hoat-dong-ngoai-khoa\/trai-he\/","og_locale":"vi_VN","og_type":"article","og_title":"Vui ch\u01a1i Kh\u00e1m ph\u00e1 - Ch\u01b0\u01a1ng tr\u00ecnh Tr\u1ea1i H\u00e8 t\u1ea1i LPE H\u1ed3 Ch\u00ed Minh","og_description":"Tham gia Ch\u01b0\u01a1ng tr\u00ecnh Tr\u1ea1i h\u00e8 t\u1ea1i LPE H\u1ed3 Ch\u00ed Minh: K\u1ebft h\u1ee3p gi\u1ea3i tr\u00ed v\u00e0 h\u1ecdc t\u1eadp trong b\u1ea7u kh\u00f4ng kh\u00ed vui t\u01b0\u01a1i, tho\u1ea3i m\u00e1i.","og_url":"https:\/\/www.lpehochiminh.com\/vi\/hoat-dong-ngoai-khoa\/trai-he\/","og_site_name":"LPE Ho Chi Minh","article_modified_time":"2025-09-04T04:02:15+00:00","og_image":[{"url":"https:\/\/www.lpehochiminh.com\/wp-content\/uploads\/2024\/01\/20231115_103942-270x310.jpg","type":"","width":"","height":""}],"twitter_card":"summary_large_image","twitter_misc":{"Est. reading time":"4 minutes"},"schema":{"@context":"https:\/\/schema.org","@graph":[{"@type":"WebPage","@id":"https:\/\/www.lpehochiminh.com\/vi\/hoat-dong-ngoai-khoa\/trai-he\/","url":"https:\/\/www.lpehochiminh.com\/vi\/hoat-dong-ngoai-khoa\/trai-he\/","name":"Vui ch\u01a1i Kh\u00e1m ph\u00e1 - Ch\u01b0\u01a1ng tr\u00ecnh Tr\u1ea1i H\u00e8 t\u1ea1i LPE H\u1ed3 Ch\u00ed Minh","isPartOf":{"@id":"https:\/\/www.lpehochiminh.com\/vi\/#website"},"primaryImageOfPage":{"@id":"https:\/\/www.lpehochiminh.com\/vi\/hoat-dong-ngoai-khoa\/trai-he\/#primaryimage"},"image":{"@id":"https:\/\/www.lpehochiminh.com\/vi\/hoat-dong-ngoai-khoa\/trai-he\/#primaryimage"},"thumbnailUrl":"https:\/\/www.lpehochiminh.com\/wp-content\/uploads\/2024\/01\/20231115_103942-270x310.jpg","datePublished":"2022-02-11T10:17:38+00:00","dateModified":"2025-09-04T04:02:15+00:00","description":"Tham gia Ch\u01b0\u01a1ng tr\u00ecnh Tr\u1ea1i h\u00e8 t\u1ea1i LPE H\u1ed3 Ch\u00ed Minh: K\u1ebft h\u1ee3p gi\u1ea3i tr\u00ed v\u00e0 h\u1ecdc t\u1eadp trong b\u1ea7u kh\u00f4ng kh\u00ed vui t\u01b0\u01a1i, tho\u1ea3i m\u00e1i.","breadcrumb":{"@id":"https:\/\/www.lpehochiminh.com\/vi\/hoat-dong-ngoai-khoa\/trai-he\/#breadcrumb"},"inLanguage":"vi-VN","potentialAction":[{"@type":"ReadAction","target":["https:\/\/www.lpehochiminh.com\/vi\/hoat-dong-ngoai-khoa\/trai-he\/"]}]},{"@type":"ImageObject","inLanguage":"vi-VN","@id":"https:\/\/www.lpehochiminh.com\/vi\/hoat-dong-ngoai-khoa\/trai-he\/#primaryimage","url":"https:\/\/www.lpehochiminh.com\/wp-content\/uploads\/2024\/01\/20231115_103942-270x310.jpg","contentUrl":"https:\/\/www.lpehochiminh.com\/wp-content\/uploads\/2024\/01\/20231115_103942-270x310.jpg"},{"@type":"BreadcrumbList","@id":"https:\/\/www.lpehochiminh.com\/vi\/hoat-dong-ngoai-khoa\/trai-he\/#breadcrumb","itemListElement":[{"@type":"ListItem","position":1,"name":"Accueil","item":"https:\/\/www.lpehochiminh.com\/vi\/"},{"@type":"ListItem","position":2,"name":"Ho\u1ea1t \u0111\u1ed9ng ngo\u1ea1i kh\u00f3a","item":"https:\/\/www.lpehochiminh.com\/vi\/hoat-dong-ngoai-khoa\/"},{"@type":"ListItem","position":3,"name":"Tr\u1ea1i h\u00e8"}]},{"@type":"WebSite","@id":"https:\/\/www.lpehochiminh.com\/vi\/#website","url":"https:\/\/www.lpehochiminh.com\/vi\/","name":"LPE Ho Chi Minh - \u00e9cole internationale plurilingue de la cr\u00e8che au CM2","description":"LPE Ho Chi Minh","publisher":{"@id":"https:\/\/www.lpehochiminh.com\/vi\/#organization"},"alternateName":"LPE Ho Chi Minh","potentialAction":[{"@type":"SearchAction","target":{"@type":"EntryPoint","urlTemplate":"https:\/\/www.lpehochiminh.com\/vi\/?s={search_term_string}"},"query-input":{"@type":"PropertyValueSpecification","valueRequired":true,"valueName":"search_term_string"}}],"inLanguage":"vi-VN"},{"@type":"Organization","@id":"https:\/\/www.lpehochiminh.com\/vi\/#organization","name":"LPE Ho Chi Minh","url":"https:\/\/www.lpehochiminh.com\/vi\/","logo":{"@type":"ImageObject","inLanguage":"vi-VN","@id":"https:\/\/www.lpehochiminh.com\/vi\/#\/schema\/logo\/image\/","url":"https:\/\/www.lpehochiminh.com\/wp-content\/uploads\/2023\/05\/logo-rond-blanc.png","contentUrl":"https:\/\/www.lpehochiminh.com\/wp-content\/uploads\/2023\/05\/logo-rond-blanc.png","width":1993,"height":1990,"caption":"LPE Ho Chi Minh"},"image":{"@id":"https:\/\/www.lpehochiminh.com\/vi\/#\/schema\/logo\/image\/"}}]}},"_links":{"self":[{"href":"https:\/\/www.lpehochiminh.com\/vi\/wp-json\/wp\/v2\/pages\/6208","targetHints":{"allow":["GET"]}}],"collection":[{"href":"https:\/\/www.lpehochiminh.com\/vi\/wp-json\/wp\/v2\/pages"}],"about":[{"href":"https:\/\/www.lpehochiminh.com\/vi\/wp-json\/wp\/v2\/types\/page"}],"author":[{"embeddable":true,"href":"https:\/\/www.lpehochiminh.com\/vi\/wp-json\/wp\/v2\/users\/4"}],"replies":[{"embeddable":true,"href":"https:\/\/www.lpehochiminh.com\/vi\/wp-json\/wp\/v2\/comments?post=6208"}],"version-history":[{"count":14,"href":"https:\/\/www.lpehochiminh.com\/vi\/wp-json\/wp\/v2\/pages\/6208\/revisions"}],"predecessor-version":[{"id":17845,"href":"https:\/\/www.lpehochiminh.com\/vi\/wp-json\/wp\/v2\/pages\/6208\/revisions\/17845"}],"up":[{"embeddable":true,"href":"https:\/\/www.lpehochiminh.com\/vi\/wp-json\/wp\/v2\/pages\/6206"}],"wp:attachment":[{"href":"https:\/\/www.lpehochiminh.com\/vi\/wp-json\/wp\/v2\/media?parent=6208"}],"curies":[{"name":"wp","href":"https:\/\/api.w.org\/{rel}","templated":true}]}}