{"id":6213,"date":"2022-02-11T12:32:56","date_gmt":"2022-02-11T11:32:56","guid":{"rendered":"https:\/\/lpevn.agencebisart.com\/nos-actualites\/"},"modified":"2026-02-04T09:53:28","modified_gmt":"2026-02-04T08:53:28","slug":"tin-tuc-cap-nhat-cua-chung-toi","status":"publish","type":"page","link":"https:\/\/www.lpehochiminh.com\/vi\/tin-tuc-cap-nhat-cua-chung-toi\/","title":{"rendered":"Tin t\u1ee9c c\u1eadp nh\u1eadt c\u1ee7a ch\u00fang t\u00f4i"},"content":{"rendered":"<p><!-- avec ou sans CTA : m\u00eame code, \u00e7a centre verticalement le texte --><\/p>\n<div id=\"bloc_small_header_1\" class=\"smallheader\">\n<style type=\"text\/css\">\n\t\t\t\t\t\t\t#bloc_small_header_1 {background-image: url(https:\/\/www.lpehochiminh.com\/wp-content\/uploads\/2022\/03\/SMALL_HEADER9-610x268.png);}<br \/>\t\t\t\t\t\t\t@media (min-width: 480px) {\t#bloc_small_header_1 {background-image: url(https:\/\/www.lpehochiminh.com\/wp-content\/uploads\/2022\/03\/SMALL_HEADER9-610x268.png);}}<br \/>\t\t\t\t\t\t\t@media (min-width: 768px) {\t#bloc_small_header_1 {background-image: url(https:\/\/www.lpehochiminh.com\/wp-content\/uploads\/2022\/03\/SMALL_HEADER9-1024x214.png);}}<br \/>\t\t\t\t\t\t\t@media (min-width: 992px) { #bloc_small_header_1 {background-image: url(https:\/\/www.lpehochiminh.com\/wp-content\/uploads\/2022\/03\/SMALL_HEADER9-1024x214.png);}}<br \/>\t\t\t\t\t\t\t@media (min-width: 1200px) { #bloc_small_header_1 {background-image: url(https:\/\/www.lpehochiminh.com\/wp-content\/uploads\/2022\/03\/SMALL_HEADER9.png);}}<br \/>\t\t\t\t\t\t<\/style>\n<div class=\"container d-flex flex-column justify-content-center align-items-start\">\n<h1>TIN T\u1ee8C C\u1eacP NH\u1eacT C\u1ee6A CH\u00daNG T\u00d4I<\/h1>\n<\/div>\n<\/div>\n<div id=\"bloc_7_2\" class=\"carouselcards carouselcards--nocolor\">\n<div class=\"container\">\n<div class=\"row carouselcards-row\">\n<div class=\"col-12 col-lg-5 col-xl-4 mb-2\">\n<h2>NEws<\/h2>\n<p><a class=\"d-none d-sm-block\" href=\"https:\/\/www.lpehochiminh.com\/vi\/category\/actualites-vi\/\">All our news<\/a><\/p>\n<\/div>\n<div class=\"col-12 col-lg-7 col-xl-8\">\n<div id=\"carousel-bloc_7_2\" class=\"flexslider flexslider--carouselcards\">\n<ul class=\"slides list-unstyled\">\n<li class=\"slider-li\">\n<div class=\"card\">\n<p><img decoding=\"async\" class=\"img-fluid\" src=\"https:\/\/www.lpehochiminh.com\/wp-content\/uploads\/2023\/05\/2-372x330.png\" alt=\"D\u1ef1 \u00e1n b\u1ee9c tranh t\u01b0\u1eddng cho h\u1ecdc sinh tr\u01b0\u1eddng La Petite Ecole HCMC\" width=\"\" height=\"\" \/><\/p>\n<div class=\"text flex-column justify-content-between\">\n<div>\n<h3>D\u1ef1 \u00e1n b\u1ee9c tranh t\u01b0\u1eddng cho h\u1ecdc sinh tr\u01b0\u1eddng La Pe&#8230;<\/h3>\n<\/div>\n<p><a href=\"https:\/\/www.lpehochiminh.com\/vi\/du-an-buc-tranh-tuong-cho-hoc-sinh-truong-la-petite-ecole-hcmc\/\">Find out more<\/a><\/p>\n<\/div>\n<\/div>\n<\/li>\n<li class=\"slider-li\">\n<div class=\"card\">\n<p><img decoding=\"async\" class=\"img-fluid\" src=\"https:\/\/www.lpehochiminh.com\/wp-content\/uploads\/2022\/02\/toddler-building-block-pull-pulling-tatami-mats-train-toys-children-kids-boy-372x330.png\" alt=\"Nh\u1eefng \u0111\u1ed3 v\u1eadt chuy\u1ec3n \u0111\u1ed9ng l\u0103n v\u00e0 ph\u01b0\u01a1ng ti\u1ec7n h\u1ecdc t\u1eadp \u0111a d\u1ea1ng\" width=\"\" height=\"\" \/><\/p>\n<div class=\"text flex-column justify-content-between\">\n<div>\n<h3>Nh\u1eefng \u0111\u1ed3 v\u1eadt chuy\u1ec3n \u0111\u1ed9ng l\u0103n v\u00e0 ph\u01b0\u01a1ng ti\u1ec7&#8230;<\/h3>\n<\/div>\n<p><a href=\"https:\/\/www.lpehochiminh.com\/vi\/objets-roulants\/\">Find out more<\/a><\/p>\n<\/div>\n<\/div>\n<\/li>\n<li class=\"slider-li\">\n<div class=\"card\">\n<p><img decoding=\"async\" class=\"img-fluid\" src=\"https:\/\/www.lpehochiminh.com\/wp-content\/uploads\/2022\/02\/DSC_4274-Autonomy-372x330.jpeg\" alt=\"Ph\u00e1t tri\u1ec3n t\u00ednh t\u1ef1 ch\u1ee7 \u1edf tr\u1ebb em\" width=\"\" height=\"\" \/><\/p>\n<div class=\"text flex-column justify-content-between\">\n<div>\n<h3>Ph\u00e1t tri\u1ec3n t\u00ednh t\u1ef1 ch\u1ee7 \u1edf tr\u1ebb em<\/h3>\n<\/div>\n<p><a href=\"https:\/\/www.lpehochiminh.com\/?p=7395\">Find out more<\/a><\/p>\n<\/div>\n<\/div>\n<\/li>\n<li class=\"slider-li\">\n<div class=\"card\">\n<p><img decoding=\"async\" class=\"img-fluid\" src=\"https:\/\/www.lpehochiminh.com\/wp-content\/uploads\/2022\/02\/Img5-scaled-1-372x330.jpeg\" alt=\"Tr\u00f2 ch\u01a1i m\u00f4 ph\u1ecfng ho\u1eb7c t\u01b0\u1ee3ng tr\u01b0ng\" width=\"\" height=\"\" \/><\/p>\n<div class=\"text flex-column justify-content-between\">\n<div>\n<h3>Tr\u00f2 ch\u01a1i m\u00f4 ph\u1ecfng ho\u1eb7c t\u01b0\u1ee3ng tr\u01b0ng<\/h3>\n<\/div>\n<p><a href=\"https:\/\/www.lpehochiminh.com\/vi\/tro-choi-mo-phong-hoac-tuong-trung\/\">Find out more<\/a><\/p>\n<\/div>\n<\/div>\n<\/li>\n<li class=\"slider-li\">\n<div class=\"card\">\n<p><img decoding=\"async\" class=\"img-fluid\" src=\"https:\/\/www.lpehochiminh.com\/wp-content\/uploads\/2022\/02\/guillaume-de-germain-fgmLRBlUIpc-unsplash-372x330.jpg\" alt=\"\u00dd ngh\u0129a c\u1ee7a vi\u1ec7c l\u00e0m cha m\u1eb9 t\u00edch c\u1ef1c\" width=\"\" height=\"\" \/><\/p>\n<div class=\"text flex-column justify-content-between\">\n<div>\n<h3>\u00dd ngh\u0129a c\u1ee7a vi\u1ec7c l\u00e0m cha m\u1eb9 t\u00edch c\u1ef1c<\/h3>\n<\/div>\n<p><a href=\"https:\/\/www.lpehochiminh.com\/vi\/y-nghia-cua-viec-lam-cha-me-tich-cuc\/\">Find out more<\/a><\/p>\n<\/div>\n<\/div>\n<\/li>\n<li class=\"slider-li\">\n<div class=\"card\">\n<p><img decoding=\"async\" class=\"img-fluid\" src=\"https:\/\/www.lpehochiminh.com\/wp-content\/uploads\/2022\/02\/Goodbye-diapers_featured-372x330.jpeg\" alt=\"C\u00e1c b\u01b0\u1edbc ch\u00ednh \u0111\u1ec3 t\u1eadp cho tr\u1ebb t\u1ef1 \u0111i v\u1ec7 sinh\" width=\"\" height=\"\" \/><\/p>\n<div class=\"text flex-column justify-content-between\">\n<div>\n<h3>C\u00e1c b\u01b0\u1edbc ch\u00ednh \u0111\u1ec3 t\u1eadp cho tr\u1ebb t\u1ef1 \u0111i v\u1ec7 sinh<\/h3>\n<\/div>\n<p><a href=\"https:\/\/www.lpehochiminh.com\/vi\/cac-buoc-chinh-de-tap-cho-be-ngoi-bo\/\">Find out more<\/a><\/p>\n<\/div>\n<\/div>\n<\/li>\n<\/ul>\n<\/div>\n<\/div>\n<div class=\"col-12 col-lg-5 col-xl-4 mt-2 d-block d-sm-none text-center\">\n<h2><\/h2>\n<p><a href=\"https:\/\/www.lpehochiminh.com\/vi\/category\/actualites-vi\/\">All our news<\/a><\/p>\n<\/div>\n<\/div>\n<\/div>\n<\/div>\n<div id=\"bloc_2_3\" class=\"blocmedia blocmedia--textright blocmedia--color4\">\n<div class=\"container\">\n<div class=\"row\">\n<div class=\"col-12 col-md-6\">\n<div class=\"slider\">\n<div id=\"slider-bloc_2_3\" class=\"flexslider flexslider--blocmedia loading\">\n<ul class=\"slides list-unstyled\">\n<li class=\"slider-li\"><a href=\"https:\/\/www.lpehochiminh.com\/wp-content\/uploads\/2022\/03\/IMG_20210511_090156-722x564.jpg\" data-fancybox=\"rel-slider-bloc_2_3\" data-caption=\"\"><br \/>\n<img decoding=\"async\" class=\"img-fluid\" src=\"https:\/\/www.lpehochiminh.com\/wp-content\/uploads\/2022\/03\/IMG_20210511_090156-722x564.jpg\" alt=\"\" width=\"\" height=\"\" \/><br \/>\n<\/a><\/li>\n<\/ul>\n<\/div>\n<\/div>\n<\/div>\n<div class=\"col-12 col-md-5 d-flex flex-column justify-content-center align-items-start mb-2 mb-md-0\">\n<div class=\"text\">\n<h1>\u00dd KI\u1ebeN C\u1ee6A CHUY\u00caN GIA<\/h1>\n<p>Nh\u1eefng t\u00e1c \u0111\u1ed9ng xung quanh tr\u1ebb, s\u1ef1 h\u1ea1nh ph\u00fac v\u00e0 vi\u1ec7c ph\u00e1t tri\u1ec3n t\u1ed1t c\u1ee7a tr\u1ebb \u0111\u01b0\u1ee3c chia s\u1ebb v\u1edbi gia \u0111\u00ecnh. Nh\u00f3m chuy\u00ean gia c\u1ee7a ch\u00fang t\u00f4i \u0111\u01b0a ra l\u1eddi khuy\u00ean cho c\u00e1c b\u1eadc ph\u1ee5 huynh \u0111\u1ec3 h\u1ed7 tr\u1ee3 tr\u1ebb v\u1edbi s\u1ef1 nh\u00e2n t\u1eeb.<\/p>\n<p><!-- Changer la classe de couleur du bouton en fonction de la couleur g\u00e9n\u00e9rale du bloc --><\/p>\n<div class=\"bloc_cta\">\n<p><a class=\"btn btn--color4\" href=\"https:\/\/www.lpehochiminh.com\/vi\/tin-tuc-cap-nhat-cua-chung-toi\/y-kien-cua-chuyen-gia\/\" target=\"\" rel=\"noopener\">T\u00ecm hi\u1ec3u th\u00eam<\/a><\/p>\n<\/div>\n<\/div>\n<\/div>\n<\/div>\n<\/div>\n<\/div>\n<div id=\"bloc_ctas_4\" class=\"bloc_ctas bloc_cta container pt-2 pb-2 text-left\"><\/div>\n<div id=\"bloc_2_5\" class=\"blocmedia blocmedia--textleft blocmedia--color2\">\n<div class=\"container\">\n<div class=\"row\">\n<div class=\"col-12 col-md-6\">\n<div class=\"slider\">\n<div id=\"slider-bloc_2_5\" class=\"flexslider flexslider--blocmedia loading\">\n<ul class=\"slides list-unstyled\">\n<li class=\"slider-li\"><a href=\"https:\/\/www.lpehochiminh.com\/wp-content\/uploads\/2022\/03\/Copy-of-DSC_4222-722x564.jpg\" data-fancybox=\"rel-slider-bloc_2_5\" data-caption=\"\"><br \/>\n<img decoding=\"async\" class=\"img-fluid\" src=\"https:\/\/www.lpehochiminh.com\/wp-content\/uploads\/2022\/03\/Copy-of-DSC_4222-722x564.jpg\" alt=\"\" width=\"\" height=\"\" \/><br \/>\n<\/a><\/li>\n<\/ul>\n<\/div>\n<\/div>\n<\/div>\n<div class=\"col-12 col-md-5 d-flex flex-column justify-content-center align-items-start mb-2 mb-md-0\">\n<div class=\"text\">\n<h1>GI\u1edc K\u1ec2 CHUY\u1ec6N<\/h1>\n<p>S\u00e1ch t\u1eadp \u0111\u1ecdc b\u1eb1ng ti\u1ebfng Ph\u00e1p d\u00e0nh cho tr\u1ebb m\u1eabu gi\u00e1o, \u0111\u1ec3 th\u00fac \u0111\u1ea9y k\u1ef9 n\u0103ng nghe, ch\u00fa \u00fd, h\u1ecdc t\u1eeb m\u1edbi v\u00e0 ph\u00e1t tri\u1ec3n ng\u00f4n ng\u1eef. S\u1eafp ra m\u1eaft: c\u00e1c b\u00e0i \u0111\u1ecdc b\u1eb1ng ti\u1ebfng Anh v\u00e0 tuy\u1ec3n t\u1eadp c\u00e1c album d\u00e0nh cho tr\u1ebb l\u1edbn h\u01a1n!<\/p>\n<p><!-- Changer la classe de couleur du bouton en fonction de la couleur g\u00e9n\u00e9rale du bloc --><\/p>\n<div class=\"bloc_cta\">\n<p><a class=\"btn btn--color2\" href=\"https:\/\/www.lpehochiminh.com\/vi\/tin-tuc-cap-nhat-cua-chung-toi\/gio-ke-chuyen\/\" target=\"\" rel=\"noopener\">T\u00ecm hi\u1ec3u th\u00eam<\/a><\/p>\n<\/div>\n<\/div>\n<\/div>\n<\/div>\n<\/div>\n<\/div>\n<div id=\"bloc_10_6\" class=\"blocinfo blocinfo--color4\">\n<div class=\"container\">\n<div class=\"row\">\n<div class=\"col-12 col-md-6\">\n<h2>H\u00e3y b\u1eaft \u0111\u1ea7u t\u01b0\u01a1ng lai c\u1ee7a tr\u1ebb ngay h\u00f4m nay!<\/h2>\n<p>Tuy\u1ec3n sinh cho n\u0103m h\u1ecdc 2022-2023 \u0111\u00e3 \u0111\u01b0\u1ee3c m\u1edf.<\/p>\n<p><!-- Changer la classe de couleur du bouton en fonction de la couleur g\u00e9n\u00e9rale du bloc --><\/p>\n<div class=\"bloc_cta\"><a class=\"mr-3 btn btn--color4\" title=\"\u0110\u0103ng k\u00fd\" href=\"https:\/\/lpehcm.eduka.school\/register\/create\" target=\"_blank\" rel=\"noopener\">\u0110\u0103ng k\u00fd<\/a><\/div>\n<\/div>\n<\/div>\n<\/div>\n<\/div>\n","protected":false},"excerpt":{"rendered":"<p>TIN T\u1ee8C C\u1eacP NH\u1eacT C\u1ee6A CH\u00daNG T\u00d4I NEws All our news D\u1ef1 \u00e1n b\u1ee9c tranh t\u01b0\u1eddng cho h\u1ecdc sinh tr\u01b0\u1eddng [&hellip;]<\/p>\n","protected":false},"author":4,"featured_media":0,"parent":0,"menu_order":260,"comment_status":"closed","ping_status":"closed","template":"","meta":{"_acf_changed":false,"kdcopypost-origin-url":"","kdcopypost-origin-id":"","footnotes":""},"class_list":["post-6213","page","type-page","status-publish","hentry"],"acf":[],"yoast_head":"<!-- This site is optimized with the Yoast SEO plugin v26.8 - https:\/\/yoast.com\/product\/yoast-seo-wordpress\/ -->\n<title>Tin t\u1ee9c | La Petite \u00c9cole H\u1ed3 Ch\u00ed Minh<\/title>\n<meta name=\"description\" content=\"Lu\u00f4n c\u1eadp nh\u1eadt nh\u1eefng tin t\u1ee9c m\u1edbi nh\u1ea5t t\u1eeb LPE! Kh\u00e1m ph\u00e1 c\u00e1c quan \u0111i\u1ec3m c\u1ee7a chuy\u00ean gia gi\u00e1o d\u1ee5c v\u00e0 tham gia c\u00e1c cu\u1ed9c tr\u00f2 chuy\u1ec7n \u0111ang di\u1ec5n ra t\u1ea1i tr\u01b0\u1eddng h\u1ecdc.\" \/>\n<meta name=\"robots\" content=\"index, follow, max-snippet:-1, max-image-preview:large, max-video-preview:-1\" \/>\n<link rel=\"canonical\" href=\"https:\/\/www.lpehochiminh.com\/vi\/tin-tuc-cap-nhat-cua-chung-toi\/\" \/>\n<meta property=\"og:locale\" content=\"vi_VN\" \/>\n<meta property=\"og:type\" content=\"article\" \/>\n<meta property=\"og:title\" content=\"Tin t\u1ee9c | La Petite \u00c9cole H\u1ed3 Ch\u00ed Minh\" \/>\n<meta property=\"og:description\" content=\"Lu\u00f4n c\u1eadp nh\u1eadt nh\u1eefng tin t\u1ee9c m\u1edbi nh\u1ea5t t\u1eeb LPE! Kh\u00e1m ph\u00e1 c\u00e1c quan \u0111i\u1ec3m c\u1ee7a chuy\u00ean gia gi\u00e1o d\u1ee5c v\u00e0 tham gia c\u00e1c cu\u1ed9c tr\u00f2 chuy\u1ec7n \u0111ang di\u1ec5n ra t\u1ea1i tr\u01b0\u1eddng h\u1ecdc.\" \/>\n<meta property=\"og:url\" content=\"https:\/\/www.lpehochiminh.com\/vi\/tin-tuc-cap-nhat-cua-chung-toi\/\" \/>\n<meta property=\"og:site_name\" content=\"LPE Ho Chi Minh\" \/>\n<meta property=\"article:modified_time\" content=\"2026-02-04T08:53:28+00:00\" \/>\n<meta property=\"og:image\" content=\"https:\/\/www.lpehochiminh.com\/wp-content\/uploads\/2023\/05\/2-372x330.png\" \/>\n<meta name=\"twitter:card\" content=\"summary_large_image\" \/>\n<meta name=\"twitter:label1\" content=\"Est. reading time\" \/>\n\t<meta name=\"twitter:data1\" content=\"4 minutes\" \/>\n<!-- \/ Yoast SEO plugin. -->","yoast_head_json":{"title":"Tin t\u1ee9c | La Petite \u00c9cole H\u1ed3 Ch\u00ed Minh","description":"Lu\u00f4n c\u1eadp nh\u1eadt nh\u1eefng tin t\u1ee9c m\u1edbi nh\u1ea5t t\u1eeb LPE! Kh\u00e1m ph\u00e1 c\u00e1c quan \u0111i\u1ec3m c\u1ee7a chuy\u00ean gia gi\u00e1o d\u1ee5c v\u00e0 tham gia c\u00e1c cu\u1ed9c tr\u00f2 chuy\u1ec7n \u0111ang di\u1ec5n ra t\u1ea1i tr\u01b0\u1eddng h\u1ecdc.","robots":{"index":"index","follow":"follow","max-snippet":"max-snippet:-1","max-image-preview":"max-image-preview:large","max-video-preview":"max-video-preview:-1"},"canonical":"https:\/\/www.lpehochiminh.com\/vi\/tin-tuc-cap-nhat-cua-chung-toi\/","og_locale":"vi_VN","og_type":"article","og_title":"Tin t\u1ee9c | La Petite \u00c9cole H\u1ed3 Ch\u00ed Minh","og_description":"Lu\u00f4n c\u1eadp nh\u1eadt nh\u1eefng tin t\u1ee9c m\u1edbi nh\u1ea5t t\u1eeb LPE! Kh\u00e1m ph\u00e1 c\u00e1c quan \u0111i\u1ec3m c\u1ee7a chuy\u00ean gia gi\u00e1o d\u1ee5c v\u00e0 tham gia c\u00e1c cu\u1ed9c tr\u00f2 chuy\u1ec7n \u0111ang di\u1ec5n ra t\u1ea1i tr\u01b0\u1eddng h\u1ecdc.","og_url":"https:\/\/www.lpehochiminh.com\/vi\/tin-tuc-cap-nhat-cua-chung-toi\/","og_site_name":"LPE Ho Chi Minh","article_modified_time":"2026-02-04T08:53:28+00:00","og_image":[{"url":"https:\/\/www.lpehochiminh.com\/wp-content\/uploads\/2023\/05\/2-372x330.png","type":"","width":"","height":""}],"twitter_card":"summary_large_image","twitter_misc":{"Est. reading time":"4 minutes"},"schema":{"@context":"https:\/\/schema.org","@graph":[{"@type":"WebPage","@id":"https:\/\/www.lpehochiminh.com\/vi\/tin-tuc-cap-nhat-cua-chung-toi\/","url":"https:\/\/www.lpehochiminh.com\/vi\/tin-tuc-cap-nhat-cua-chung-toi\/","name":"Tin t\u1ee9c | La Petite \u00c9cole H\u1ed3 Ch\u00ed Minh","isPartOf":{"@id":"https:\/\/www.lpehochiminh.com\/vi\/#website"},"primaryImageOfPage":{"@id":"https:\/\/www.lpehochiminh.com\/vi\/tin-tuc-cap-nhat-cua-chung-toi\/#primaryimage"},"image":{"@id":"https:\/\/www.lpehochiminh.com\/vi\/tin-tuc-cap-nhat-cua-chung-toi\/#primaryimage"},"thumbnailUrl":"https:\/\/www.lpehochiminh.com\/wp-content\/uploads\/2023\/05\/2-372x330.png","datePublished":"2022-02-11T11:32:56+00:00","dateModified":"2026-02-04T08:53:28+00:00","description":"Lu\u00f4n c\u1eadp nh\u1eadt nh\u1eefng tin t\u1ee9c m\u1edbi nh\u1ea5t t\u1eeb LPE! Kh\u00e1m ph\u00e1 c\u00e1c quan \u0111i\u1ec3m c\u1ee7a chuy\u00ean gia gi\u00e1o d\u1ee5c v\u00e0 tham gia c\u00e1c cu\u1ed9c tr\u00f2 chuy\u1ec7n \u0111ang di\u1ec5n ra t\u1ea1i tr\u01b0\u1eddng h\u1ecdc.","breadcrumb":{"@id":"https:\/\/www.lpehochiminh.com\/vi\/tin-tuc-cap-nhat-cua-chung-toi\/#breadcrumb"},"inLanguage":"vi-VN","potentialAction":[{"@type":"ReadAction","target":["https:\/\/www.lpehochiminh.com\/vi\/tin-tuc-cap-nhat-cua-chung-toi\/"]}]},{"@type":"ImageObject","inLanguage":"vi-VN","@id":"https:\/\/www.lpehochiminh.com\/vi\/tin-tuc-cap-nhat-cua-chung-toi\/#primaryimage","url":"https:\/\/www.lpehochiminh.com\/wp-content\/uploads\/2023\/05\/2-372x330.png","contentUrl":"https:\/\/www.lpehochiminh.com\/wp-content\/uploads\/2023\/05\/2-372x330.png"},{"@type":"BreadcrumbList","@id":"https:\/\/www.lpehochiminh.com\/vi\/tin-tuc-cap-nhat-cua-chung-toi\/#breadcrumb","itemListElement":[{"@type":"ListItem","position":1,"name":"Accueil","item":"https:\/\/www.lpehochiminh.com\/vi\/"},{"@type":"ListItem","position":2,"name":"Tin t\u1ee9c c\u1eadp nh\u1eadt c\u1ee7a ch\u00fang t\u00f4i"}]},{"@type":"WebSite","@id":"https:\/\/www.lpehochiminh.com\/vi\/#website","url":"https:\/\/www.lpehochiminh.com\/vi\/","name":"LPE Ho Chi Minh - \u00e9cole internationale plurilingue de la cr\u00e8che au CM2","description":"LPE Ho Chi Minh","publisher":{"@id":"https:\/\/www.lpehochiminh.com\/vi\/#organization"},"alternateName":"LPE Ho Chi Minh","potentialAction":[{"@type":"SearchAction","target":{"@type":"EntryPoint","urlTemplate":"https:\/\/www.lpehochiminh.com\/vi\/?s={search_term_string}"},"query-input":{"@type":"PropertyValueSpecification","valueRequired":true,"valueName":"search_term_string"}}],"inLanguage":"vi-VN"},{"@type":"Organization","@id":"https:\/\/www.lpehochiminh.com\/vi\/#organization","name":"LPE Ho Chi Minh","url":"https:\/\/www.lpehochiminh.com\/vi\/","logo":{"@type":"ImageObject","inLanguage":"vi-VN","@id":"https:\/\/www.lpehochiminh.com\/vi\/#\/schema\/logo\/image\/","url":"https:\/\/www.lpehochiminh.com\/wp-content\/uploads\/2023\/05\/logo-rond-blanc.png","contentUrl":"https:\/\/www.lpehochiminh.com\/wp-content\/uploads\/2023\/05\/logo-rond-blanc.png","width":1993,"height":1990,"caption":"LPE Ho Chi Minh"},"image":{"@id":"https:\/\/www.lpehochiminh.com\/vi\/#\/schema\/logo\/image\/"}}]}},"_links":{"self":[{"href":"https:\/\/www.lpehochiminh.com\/vi\/wp-json\/wp\/v2\/pages\/6213","targetHints":{"allow":["GET"]}}],"collection":[{"href":"https:\/\/www.lpehochiminh.com\/vi\/wp-json\/wp\/v2\/pages"}],"about":[{"href":"https:\/\/www.lpehochiminh.com\/vi\/wp-json\/wp\/v2\/types\/page"}],"author":[{"embeddable":true,"href":"https:\/\/www.lpehochiminh.com\/vi\/wp-json\/wp\/v2\/users\/4"}],"replies":[{"embeddable":true,"href":"https:\/\/www.lpehochiminh.com\/vi\/wp-json\/wp\/v2\/comments?post=6213"}],"version-history":[{"count":10,"href":"https:\/\/www.lpehochiminh.com\/vi\/wp-json\/wp\/v2\/pages\/6213\/revisions"}],"predecessor-version":[{"id":19445,"href":"https:\/\/www.lpehochiminh.com\/vi\/wp-json\/wp\/v2\/pages\/6213\/revisions\/19445"}],"wp:attachment":[{"href":"https:\/\/www.lpehochiminh.com\/vi\/wp-json\/wp\/v2\/media?parent=6213"}],"curies":[{"name":"wp","href":"https:\/\/api.w.org\/{rel}","templated":true}]}}