{"id":6215,"date":"2022-02-11T12:34:43","date_gmt":"2022-02-11T11:34:43","guid":{"rendered":"https:\/\/lpevn.agencebisart.com\/nos-actualites\/story-time\/"},"modified":"2023-07-12T11:49:31","modified_gmt":"2023-07-12T09:49:31","slug":"gio-ke-chuyen","status":"publish","type":"page","link":"https:\/\/www.lpehochiminh.com\/vi\/tin-tuc-cap-nhat-cua-chung-toi\/gio-ke-chuyen\/","title":{"rendered":"Gi\u1edd k\u1ec3 chuy\u1ec7n"},"content":{"rendered":"<p>\t\t\t\t<!-- avec ou sans CTA : m\u00eame code, \u00e7a centre verticalement le texte --><\/p>\n<div class=\"smallheader\" id=\"bloc_small_header_1\">\n<style type=\"text\/css\">\n\t\t\t\t\t\t\t#bloc_small_header_1 {background-image: url(https:\/\/www.lpehochiminh.com\/wp-content\/uploads\/2022\/03\/SMALL_HEADER9-610x268.png);}\n\t\t\t\t\t\t\t@media (min-width: 480px) {\t#bloc_small_header_1 {background-image: url(https:\/\/www.lpehochiminh.com\/wp-content\/uploads\/2022\/03\/SMALL_HEADER9-610x268.png);}}\n\t\t\t\t\t\t\t@media (min-width: 768px) {\t#bloc_small_header_1 {background-image: url(https:\/\/www.lpehochiminh.com\/wp-content\/uploads\/2022\/03\/SMALL_HEADER9-1024x214.png);}}\n\t\t\t\t\t\t\t@media (min-width: 992px) { #bloc_small_header_1 {background-image: url(https:\/\/www.lpehochiminh.com\/wp-content\/uploads\/2022\/03\/SMALL_HEADER9-1024x214.png);}}\n\t\t\t\t\t\t\t@media (min-width: 1200px) { #bloc_small_header_1 {background-image: url(https:\/\/www.lpehochiminh.com\/wp-content\/uploads\/2022\/03\/SMALL_HEADER9.png);}}\n\t\t\t\t\t\t<\/style>\n<div class=\"container d-flex flex-column justify-content-center align-items-start\">\n<h1><span>GI\u1edc K\u1ec2 CHUY\u1ec6N<\/span><\/h1>\n<\/p><\/div>\n<\/p><\/div>\n<div class=\"bloctext bloctext--nocolor bloctext--haspattern\" id=\"bloc_6_2\">\n<div class=\"container\">\n<div class=\"row\">\n<div class=\"col-12 col-lg-4 col-xl-3 mb-1\">\n<h1 style=\"color: var(--color1); font-family: 'GraphikSuper'; text-transform: uppercase; line-height: 1em; font-size: 2em;\"><span style=\"background: linear-gradient(to bottom, transparent 0px,transparent 20px,var(--color2--light1) 20px,var(--color2--light1) 45px);\">S\u00c1CH T\u1eacP \u0110\u1eccC<\/span><\/h1>\n<\/p><\/div>\n<div class=\"col-12 col-lg-8 col-xl-9\">\n<div class=\"text pl-lg-4\">\n<p>S\u00e1ch t\u1eadp \u0111\u1ecdc b\u1eb1ng ti\u1ebfng Ph\u00e1p d\u00e0nh cho tr\u1ebb m\u1eabu gi\u00e1o, \u0111\u1ec3 th\u00fac \u0111\u1ea9y k\u1ef9 n\u0103ng nghe, ch\u00fa \u00fd, h\u1ecdc t\u1eeb m\u1edbi v\u00e0 ph\u00e1t tri\u1ec3n ng\u00f4n ng\u1eef.<\/p>\n<p><strong>S\u1eafp ra m\u1eaft<\/strong>: c\u00e1c b\u00e0i \u0111\u1ecdc b\u1eb1ng ti\u1ebfng Anh v\u00e0 tuy\u1ec3n t\u1eadp c\u00e1c album d\u00e0nh cho tr\u1ebb l\u1edbn h\u01a1n!<\/p>\n<\/p><\/div>\n<\/p><\/div>\n<\/p><\/div>\n<\/p><\/div>\n<\/div>\n<div class=\"bigmedia bigmedia--color2\" id=\"bloc_13_3\">\n<div class=\"container\">\n<h2><span>T\u00d4I \u0110\u00c3 L\u1edaN L\u00caN \u1ede \u0110\u00c2Y<\/span><\/h2>\n<\/p>\n<div class=\"row justify-content-center\">\n<div class=\"col-lg-10\">\n<p><!-- code 6qBtusDJWdA?list=PLbNVOgqZeB3umCygSozYTNZRtqVvNh7Za-->\t\t<\/p>\n<div class=\"video\">\n<div class=\"embed-responsive embed-responsive-4by3\"><iframe loading=\"lazy\" title=\"Story Time with Marie-Pierre #1: J&#039;ai Grandi Ici (This is Where I Grew Up)\" width=\"900\" height=\"506\" src=\"https:\/\/www.youtube.com\/embed\/6qBtusDJWdA?list=PLbNVOgqZeB3umCygSozYTNZRtqVvNh7Za&#038;playsinline=1&#038;loop=1&#038;controls=1&#038;rel=0&#038;title=0&#038;portrait=0&#038;author_name=0\" frameborder=\"0\" allow=\"accelerometer; autoplay; clipboard-write; encrypted-media; gyroscope; picture-in-picture; web-share\" allowfullscreen frameborder=\"0\"><\/iframe><\/div>\n<\/p><\/div>\n<\/p><\/div>\n<\/p><\/div>\n<\/p><\/div>\n<\/div>\n<div class=\"bigmedia bigmedia--nocolor\" id=\"bloc_13_4\">\n<div class=\"container\">\n<h2><span>C\u00c2Y C\u1ed0I, B\u1ea0N NH\u1eda G\u00cc V\u1ec0 N\u00d3?<\/span><\/h2>\n<\/p>\n<div class=\"row justify-content-center\">\n<div class=\"col-lg-10\">\n<p><!-- code mOUVbwBHp2o?list=PLbNVOgqZeB3umCygSozYTNZRtqVvNh7Za-->\t\t<\/p>\n<div class=\"video\">\n<div class=\"embed-responsive embed-responsive-4by3\"><iframe loading=\"lazy\" title=\"Story Time with Marie-Pierre #2: L&#039;arbre, que lui manque-t-il?\" width=\"900\" height=\"506\" src=\"https:\/\/www.youtube.com\/embed\/mOUVbwBHp2o?list=PLbNVOgqZeB3umCygSozYTNZRtqVvNh7Za&#038;playsinline=1&#038;loop=1&#038;controls=1&#038;rel=0&#038;title=0&#038;portrait=0&#038;author_name=0\" frameborder=\"0\" allow=\"accelerometer; autoplay; clipboard-write; encrypted-media; gyroscope; picture-in-picture; web-share\" allowfullscreen frameborder=\"0\"><\/iframe><\/div>\n<\/p><\/div>\n<\/p><\/div>\n<\/p><\/div>\n<\/p><\/div>\n<\/div>\n<div class=\"bigmedia bigmedia--color2\" id=\"bloc_13_5\">\n<div class=\"container\">\n<h2><span>NG\u00c0Y X\u1eecA NG\u00c0Y X\u01afA&#8230; CHUY\u1ebeN V\u01af\u1ee2T BI\u1ec2N<\/span><\/h2>\n<\/p>\n<div class=\"row justify-content-center\">\n<div class=\"col-lg-10\">\n<p><!-- code UpcC7Jn_Gk4?list=PLbNVOgqZeB3umCygSozYTNZRtqVvNh7Za-->\t\t<\/p>\n<div class=\"video\">\n<div class=\"embed-responsive embed-responsive-4by3\"><iframe loading=\"lazy\" title=\"Story Time with Marie-Pierre #3: Il etait une fois... La Travers\u00e9e (Once upon a time...The Crossing)\" width=\"900\" height=\"506\" src=\"https:\/\/www.youtube.com\/embed\/UpcC7Jn_Gk4?list=PLbNVOgqZeB3umCygSozYTNZRtqVvNh7Za&#038;playsinline=1&#038;loop=1&#038;controls=1&#038;rel=0&#038;title=0&#038;portrait=0&#038;author_name=0\" frameborder=\"0\" allow=\"accelerometer; autoplay; clipboard-write; encrypted-media; gyroscope; picture-in-picture; web-share\" allowfullscreen frameborder=\"0\"><\/iframe><\/div>\n<\/p><\/div>\n<\/p><\/div>\n<\/p><\/div>\n<\/p><\/div>\n<\/div>\n<div class=\"bigmedia bigmedia--nocolor\" id=\"bloc_13_6\">\n<div class=\"container\">\n<h2><span>CON S\u00d3I L\u1edaN V\u00c0 CON TH\u00da NH\u1ece<\/span><\/h2>\n<\/p>\n<div class=\"row justify-content-center\">\n<div class=\"col-lg-10\">\n<p><!-- code B6y30hTdoAQ?list=PLbNVOgqZeB3umCygSozYTNZRtqVvNh7Za-->\t\t<\/p>\n<div class=\"video\">\n<div class=\"embed-responsive embed-responsive-4by3\"><iframe loading=\"lazy\" title=\"Story Time with Marie-Pierre #4: Gros Loup et la petite be\u0302te\" width=\"900\" height=\"506\" src=\"https:\/\/www.youtube.com\/embed\/B6y30hTdoAQ?list=PLbNVOgqZeB3umCygSozYTNZRtqVvNh7Za&#038;playsinline=1&#038;loop=1&#038;controls=1&#038;rel=0&#038;title=0&#038;portrait=0&#038;author_name=0\" frameborder=\"0\" allow=\"accelerometer; autoplay; clipboard-write; encrypted-media; gyroscope; picture-in-picture; web-share\" allowfullscreen frameborder=\"0\"><\/iframe><\/div>\n<\/p><\/div>\n<\/p><\/div>\n<\/p><\/div>\n<\/p><\/div>\n<\/div>\n<div class=\"bigmedia bigmedia--color2\" id=\"bloc_13_7\">\n<div class=\"container\">\n<h2><span>CHA \u0110\u1eba<\/span><\/h2>\n<\/p>\n<div class=\"row justify-content-center\">\n<div class=\"col-lg-10\">\n<p><!-- code PuHre6dhCEc?list=PLbNVOgqZeB3umCygSozYTNZRtqVvNh7Za-->\t\t<\/p>\n<div class=\"video\">\n<div class=\"embed-responsive embed-responsive-4by3\"><iframe loading=\"lazy\" title=\"Story Time with Marie-Pierre #6: Papa Poule by Giulia Bruel &amp; Jean Leroy\" width=\"900\" height=\"506\" src=\"https:\/\/www.youtube.com\/embed\/PuHre6dhCEc?list=PLbNVOgqZeB3umCygSozYTNZRtqVvNh7Za&#038;playsinline=1&#038;loop=1&#038;controls=1&#038;rel=0&#038;title=0&#038;portrait=0&#038;author_name=0\" frameborder=\"0\" allow=\"accelerometer; autoplay; clipboard-write; encrypted-media; gyroscope; picture-in-picture; web-share\" allowfullscreen frameborder=\"0\"><\/iframe><\/div>\n<\/p><\/div>\n<\/p><\/div>\n<\/p><\/div>\n<\/p><\/div>\n<\/div>\n<div class=\"bigmedia bigmedia--nocolor\" id=\"bloc_13_8\">\n<div class=\"container\">\n<h2><span>K\u00cdNH G\u1eecI \u00d4NG GI\u00c0 NOEL<\/span><\/h2>\n<\/p>\n<div class=\"row justify-content-center\">\n<div class=\"col-lg-10\">\n<p><!-- code plSjhe7egSM?list=PLbNVOgqZeB3umCygSozYTNZRtqVvNh7Za-->\t\t<\/p>\n<div class=\"video\">\n<div class=\"embed-responsive embed-responsive-4by3\"><iframe loading=\"lazy\" title=\"Story Time with Marie-Pierre#7: Cher P\u00e8re No\u00ebl (Jeanne Ashb\u00e9)\" width=\"900\" height=\"506\" src=\"https:\/\/www.youtube.com\/embed\/plSjhe7egSM?list=PLbNVOgqZeB3umCygSozYTNZRtqVvNh7Za&#038;playsinline=1&#038;loop=1&#038;controls=1&#038;rel=0&#038;title=0&#038;portrait=0&#038;author_name=0\" frameborder=\"0\" allow=\"accelerometer; autoplay; clipboard-write; encrypted-media; gyroscope; picture-in-picture; web-share\" allowfullscreen frameborder=\"0\"><\/iframe><\/div>\n<\/p><\/div>\n<\/p><\/div>\n<\/p><\/div>\n<\/p><\/div>\n<\/div>\n<div class=\"blocinfo blocinfo--color4\" id=\"bloc_10_9\">\n<div class=\"container\">\n<div class=\"row\">\n<div class=\"col-12 col-md-6\">\n<h2><span>T\u00ecm t\u1ea5t c\u1ea3 c\u00e1c video v\u1ec1 s\u00e1ch t\u1eadp \u0111\u1ecdc d\u00e0nh cho tr\u1ebb em c\u1ee7a ch\u00fang t\u00f4i.<\/span><\/h2>\n<\/p>\n<p>\t\t\t\t<!-- Changer la classe de couleur du bouton en fonction de la couleur g\u00e9n\u00e9rale du bloc --><\/p>\n<div class=\"bloc_cta\" >\n\t<a href=\"https:\/\/www.youtube.com\/watch?v=6qBtusDJWdA&#038;list=PLbNVOgqZeB3umCygSozYTNZRtqVvNh7Za&#038;index=4\" title=\"Theo d\u00f5i trang Youtube c\u1ee7a ch\u00fang t\u00f4i\" target=\"_blank\" class=\"mr-3 btn btn--color4\" rel=\"noopener\">Theo d\u00f5i trang Youtube c\u1ee7a ch\u00fang t\u00f4i<\/a> \t\t\t\t<\/div>\n<\/p><\/div>\n<\/p><\/div>\n<\/p><\/div>\n<\/div>\n","protected":false},"excerpt":{"rendered":"<p>GI\u1edc K\u1ec2 CHUY\u1ec6N S\u00c1CH T\u1eacP \u0110\u1eccC S\u00e1ch t\u1eadp \u0111\u1ecdc b\u1eb1ng ti\u1ebfng Ph\u00e1p d\u00e0nh cho tr\u1ebb m\u1eabu gi\u00e1o, \u0111\u1ec3 th\u00fac \u0111\u1ea9y [&hellip;]<\/p>\n","protected":false},"author":4,"featured_media":0,"parent":6213,"menu_order":290,"comment_status":"closed","ping_status":"closed","template":"","meta":{"_acf_changed":false,"kdcopypost-origin-url":"","kdcopypost-origin-id":"","footnotes":""},"class_list":["post-6215","page","type-page","status-publish","hentry"],"acf":[],"yoast_head":"<!-- This site is optimized with the Yoast SEO plugin v26.8 - https:\/\/yoast.com\/product\/yoast-seo-wordpress\/ -->\n<title>Gi\u1edd k\u1ec3 chuy\u1ec7n | La Petite \u00c9cole H\u1ed3 Ch\u00ed Minh<\/title>\n<meta name=\"description\" content=\"Tr\u1ea3i nghi\u1ec7m c\u00e1c Gi\u1edd k\u1ec3 chuy\u1ec7n t\u1ea1i LPE gi\u00fap h\u1ecdc sinh n\u00e2ng cao c\u00e1c k\u1ef9 n\u0103ng ng\u00f4n ng\u1eef th\u00f4ng qua nh\u1eefng c\u00e2u chuy\u1ec7n c\u1ed5 t\u00edch b\u1eb1ng ti\u1ebfng Ph\u00e1p h\u1ea5p d\u1eabn.\" \/>\n<meta name=\"robots\" content=\"index, follow, max-snippet:-1, max-image-preview:large, max-video-preview:-1\" \/>\n<link rel=\"canonical\" href=\"https:\/\/www.lpehochiminh.com\/vi\/tin-tuc-cap-nhat-cua-chung-toi\/gio-ke-chuyen\/\" \/>\n<meta property=\"og:locale\" content=\"vi_VN\" \/>\n<meta property=\"og:type\" content=\"article\" \/>\n<meta property=\"og:title\" content=\"Gi\u1edd k\u1ec3 chuy\u1ec7n | La Petite \u00c9cole H\u1ed3 Ch\u00ed Minh\" \/>\n<meta property=\"og:description\" content=\"Tr\u1ea3i nghi\u1ec7m c\u00e1c Gi\u1edd k\u1ec3 chuy\u1ec7n t\u1ea1i LPE gi\u00fap h\u1ecdc sinh n\u00e2ng cao c\u00e1c k\u1ef9 n\u0103ng ng\u00f4n ng\u1eef th\u00f4ng qua nh\u1eefng c\u00e2u chuy\u1ec7n c\u1ed5 t\u00edch b\u1eb1ng ti\u1ebfng Ph\u00e1p h\u1ea5p d\u1eabn.\" \/>\n<meta property=\"og:url\" content=\"https:\/\/www.lpehochiminh.com\/vi\/tin-tuc-cap-nhat-cua-chung-toi\/gio-ke-chuyen\/\" \/>\n<meta property=\"og:site_name\" content=\"LPE Ho Chi Minh\" \/>\n<meta property=\"article:modified_time\" content=\"2023-07-12T09:49:31+00:00\" \/>\n<meta property=\"og:image\" content=\"https:\/\/www.lpehochiminh.com\/wp-content\/uploads\/2023\/05\/logo-rond-blanc.png\" \/>\n\t<meta property=\"og:image:width\" content=\"1993\" \/>\n\t<meta property=\"og:image:height\" content=\"1990\" \/>\n\t<meta property=\"og:image:type\" content=\"image\/png\" \/>\n<meta name=\"twitter:card\" content=\"summary_large_image\" \/>\n<!-- \/ Yoast SEO plugin. -->","yoast_head_json":{"title":"Gi\u1edd k\u1ec3 chuy\u1ec7n | La Petite \u00c9cole H\u1ed3 Ch\u00ed Minh","description":"Tr\u1ea3i nghi\u1ec7m c\u00e1c Gi\u1edd k\u1ec3 chuy\u1ec7n t\u1ea1i LPE gi\u00fap h\u1ecdc sinh n\u00e2ng cao c\u00e1c k\u1ef9 n\u0103ng ng\u00f4n ng\u1eef th\u00f4ng qua nh\u1eefng c\u00e2u chuy\u1ec7n c\u1ed5 t\u00edch b\u1eb1ng ti\u1ebfng Ph\u00e1p h\u1ea5p d\u1eabn.","robots":{"index":"index","follow":"follow","max-snippet":"max-snippet:-1","max-image-preview":"max-image-preview:large","max-video-preview":"max-video-preview:-1"},"canonical":"https:\/\/www.lpehochiminh.com\/vi\/tin-tuc-cap-nhat-cua-chung-toi\/gio-ke-chuyen\/","og_locale":"vi_VN","og_type":"article","og_title":"Gi\u1edd k\u1ec3 chuy\u1ec7n | La Petite \u00c9cole H\u1ed3 Ch\u00ed Minh","og_description":"Tr\u1ea3i nghi\u1ec7m c\u00e1c Gi\u1edd k\u1ec3 chuy\u1ec7n t\u1ea1i LPE gi\u00fap h\u1ecdc sinh n\u00e2ng cao c\u00e1c k\u1ef9 n\u0103ng ng\u00f4n ng\u1eef th\u00f4ng qua nh\u1eefng c\u00e2u chuy\u1ec7n c\u1ed5 t\u00edch b\u1eb1ng ti\u1ebfng Ph\u00e1p h\u1ea5p d\u1eabn.","og_url":"https:\/\/www.lpehochiminh.com\/vi\/tin-tuc-cap-nhat-cua-chung-toi\/gio-ke-chuyen\/","og_site_name":"LPE Ho Chi Minh","article_modified_time":"2023-07-12T09:49:31+00:00","og_image":[{"width":1993,"height":1990,"url":"https:\/\/www.lpehochiminh.com\/wp-content\/uploads\/2023\/05\/logo-rond-blanc.png","type":"image\/png"}],"twitter_card":"summary_large_image","schema":{"@context":"https:\/\/schema.org","@graph":[{"@type":"WebPage","@id":"https:\/\/www.lpehochiminh.com\/vi\/tin-tuc-cap-nhat-cua-chung-toi\/gio-ke-chuyen\/","url":"https:\/\/www.lpehochiminh.com\/vi\/tin-tuc-cap-nhat-cua-chung-toi\/gio-ke-chuyen\/","name":"Gi\u1edd k\u1ec3 chuy\u1ec7n | La Petite \u00c9cole H\u1ed3 Ch\u00ed Minh","isPartOf":{"@id":"https:\/\/www.lpehochiminh.com\/vi\/#website"},"datePublished":"2022-02-11T11:34:43+00:00","dateModified":"2023-07-12T09:49:31+00:00","description":"Tr\u1ea3i nghi\u1ec7m c\u00e1c Gi\u1edd k\u1ec3 chuy\u1ec7n t\u1ea1i LPE gi\u00fap h\u1ecdc sinh n\u00e2ng cao c\u00e1c k\u1ef9 n\u0103ng ng\u00f4n ng\u1eef th\u00f4ng qua nh\u1eefng c\u00e2u chuy\u1ec7n c\u1ed5 t\u00edch b\u1eb1ng ti\u1ebfng Ph\u00e1p h\u1ea5p d\u1eabn.","breadcrumb":{"@id":"https:\/\/www.lpehochiminh.com\/vi\/tin-tuc-cap-nhat-cua-chung-toi\/gio-ke-chuyen\/#breadcrumb"},"inLanguage":"vi-VN","potentialAction":[{"@type":"ReadAction","target":["https:\/\/www.lpehochiminh.com\/vi\/tin-tuc-cap-nhat-cua-chung-toi\/gio-ke-chuyen\/"]}]},{"@type":"BreadcrumbList","@id":"https:\/\/www.lpehochiminh.com\/vi\/tin-tuc-cap-nhat-cua-chung-toi\/gio-ke-chuyen\/#breadcrumb","itemListElement":[{"@type":"ListItem","position":1,"name":"Accueil","item":"https:\/\/www.lpehochiminh.com\/vi\/"},{"@type":"ListItem","position":2,"name":"Tin t\u1ee9c c\u1eadp nh\u1eadt c\u1ee7a ch\u00fang t\u00f4i","item":"https:\/\/www.lpehochiminh.com\/vi\/tin-tuc-cap-nhat-cua-chung-toi\/"},{"@type":"ListItem","position":3,"name":"Gi\u1edd k\u1ec3 chuy\u1ec7n"}]},{"@type":"WebSite","@id":"https:\/\/www.lpehochiminh.com\/vi\/#website","url":"https:\/\/www.lpehochiminh.com\/vi\/","name":"LPE Ho Chi Minh - \u00e9cole internationale plurilingue de la cr\u00e8che au CM2","description":"LPE Ho Chi Minh","publisher":{"@id":"https:\/\/www.lpehochiminh.com\/vi\/#organization"},"alternateName":"LPE Ho Chi Minh","potentialAction":[{"@type":"SearchAction","target":{"@type":"EntryPoint","urlTemplate":"https:\/\/www.lpehochiminh.com\/vi\/?s={search_term_string}"},"query-input":{"@type":"PropertyValueSpecification","valueRequired":true,"valueName":"search_term_string"}}],"inLanguage":"vi-VN"},{"@type":"Organization","@id":"https:\/\/www.lpehochiminh.com\/vi\/#organization","name":"LPE Ho Chi Minh","url":"https:\/\/www.lpehochiminh.com\/vi\/","logo":{"@type":"ImageObject","inLanguage":"vi-VN","@id":"https:\/\/www.lpehochiminh.com\/vi\/#\/schema\/logo\/image\/","url":"https:\/\/www.lpehochiminh.com\/wp-content\/uploads\/2023\/05\/logo-rond-blanc.png","contentUrl":"https:\/\/www.lpehochiminh.com\/wp-content\/uploads\/2023\/05\/logo-rond-blanc.png","width":1993,"height":1990,"caption":"LPE Ho Chi Minh"},"image":{"@id":"https:\/\/www.lpehochiminh.com\/vi\/#\/schema\/logo\/image\/"}}]}},"_links":{"self":[{"href":"https:\/\/www.lpehochiminh.com\/vi\/wp-json\/wp\/v2\/pages\/6215","targetHints":{"allow":["GET"]}}],"collection":[{"href":"https:\/\/www.lpehochiminh.com\/vi\/wp-json\/wp\/v2\/pages"}],"about":[{"href":"https:\/\/www.lpehochiminh.com\/vi\/wp-json\/wp\/v2\/types\/page"}],"author":[{"embeddable":true,"href":"https:\/\/www.lpehochiminh.com\/vi\/wp-json\/wp\/v2\/users\/4"}],"replies":[{"embeddable":true,"href":"https:\/\/www.lpehochiminh.com\/vi\/wp-json\/wp\/v2\/comments?post=6215"}],"version-history":[{"count":6,"href":"https:\/\/www.lpehochiminh.com\/vi\/wp-json\/wp\/v2\/pages\/6215\/revisions"}],"predecessor-version":[{"id":8804,"href":"https:\/\/www.lpehochiminh.com\/vi\/wp-json\/wp\/v2\/pages\/6215\/revisions\/8804"}],"up":[{"embeddable":true,"href":"https:\/\/www.lpehochiminh.com\/vi\/wp-json\/wp\/v2\/pages\/6213"}],"wp:attachment":[{"href":"https:\/\/www.lpehochiminh.com\/vi\/wp-json\/wp\/v2\/media?parent=6215"}],"curies":[{"name":"wp","href":"https:\/\/api.w.org\/{rel}","templated":true}]}}