{"id":6217,"date":"2022-02-11T12:36:31","date_gmt":"2022-02-11T11:36:31","guid":{"rendered":"https:\/\/lpevn.agencebisart.com\/admissions\/"},"modified":"2026-02-13T04:54:25","modified_gmt":"2026-02-13T03:54:25","slug":"tuyen-sinh","status":"publish","type":"page","link":"https:\/\/www.lpehochiminh.com\/vi\/tuyen-sinh\/","title":{"rendered":"Tuy\u1ec3n sinh"},"content":{"rendered":"<p>\t\t\t\t<!-- avec ou sans CTA : m\u00eame code, \u00e7a centre verticalement le texte --><\/p>\n<div class=\"smallheader\" id=\"bloc_small_header_6\">\n<style type=\"text\/css\">\n\t\t\t\t\t\t\t#bloc_small_header_6 {background-image: url(https:\/\/www.lpehochiminh.com\/wp-content\/uploads\/2026\/01\/LPE_DAY2-07065-610x270.jpg);}\n\t\t\t\t\t\t\t@media (min-width: 480px) {\t#bloc_small_header_6 {background-image: url(https:\/\/www.lpehochiminh.com\/wp-content\/uploads\/2026\/01\/LPE_DAY2-07065-610x270.jpg);}}\n\t\t\t\t\t\t\t@media (min-width: 768px) {\t#bloc_small_header_6 {background-image: url(https:\/\/www.lpehochiminh.com\/wp-content\/uploads\/2026\/01\/LPE_DAY2-07065-1024x683.jpg);}}\n\t\t\t\t\t\t\t@media (min-width: 992px) { #bloc_small_header_6 {background-image: url(https:\/\/www.lpehochiminh.com\/wp-content\/uploads\/2026\/01\/LPE_DAY2-07065-1024x683.jpg);}}\n\t\t\t\t\t\t\t@media (min-width: 1200px) { #bloc_small_header_6 {background-image: url(https:\/\/www.lpehochiminh.com\/wp-content\/uploads\/2026\/01\/LPE_DAY2-07065-1536x1024.jpg);}}\n\t\t\t\t\t\t<\/style>\n<div class=\"container d-flex flex-column justify-content-center align-items-start\">\n<h1><span>TUY\u1ec2N SINH<\/span><\/h1>\n<p>Tham gia kh\u00f3a h\u1ecdc song ng\u1eef Ph\u00e1p-Anh \u0111\u1ed9c \u0111\u00e1o t\u1ea1i Th\u00e0nh ph\u1ed1 H\u1ed3 Ch\u00ed Minh<\/p>\n<\/p><\/div>\n<\/p><\/div>\n<div class=\"cardscolors cardscolors--nocolor\" id=\"bloc_1_7\">\n<div class=\"container\">\n<div class=\"row mb-2\">\n<div class=\"col-12 col-lg-5 col-xl-4\">\n<h2><span>B\u1eaeT \u0110\u1ea6U \u0110\u0102NG K\u00dd CHO CON B\u1ea0N<\/span><\/h2>\n<\/p><\/div>\n<div class=\"col-12 col-lg-7 col-xl-8\">\n<p>Qu\u00fd v\u1ecb c\u00f3 quan t\u00e2m \u0111\u1ebfn vi\u1ec7c \u0111\u0103ng k\u00fd cho con em m\u00ecnh h\u1ecdc t\u1ea1i tr\u01b0\u1eddng La Petite Ecole Ho Chi Minh City?<\/p>\n<p>Tr\u01b0\u1eddng ch\u00e0o \u0111\u00f3n h\u1ecdc sinh \u0111\u1ebfn t\u1eeb m\u1ecdi qu\u1ed1c t\u1ecbch v\u00e0 ho\u00e0n c\u1ea3nh! T\u1ea5t c\u1ea3 c\u00e1c \u0111\u01a1n \u0111\u0103ng k\u00fd \u0111\u1ec1u \u0111\u01b0\u1ee3c ban qu\u1ea3n l\u00fd xem x\u00e9t c\u1ea9n th\u1eadn v\u00e0 nghi\u00eam ng\u1eb7t, \u0111\u1eb7c bi\u1ec7t l\u00e0 \u0111\u00e1nh gi\u00e1 kh\u1ea3 n\u0103ng h\u00f2a nh\u1eadp v\u00e0 th\u00e0nh c\u00f4ng v\u1ec1 m\u1eb7t h\u1ecdc thu\u1eadt c\u1ee7a h\u1ecdc sinh t\u1ea1i tr\u01b0\u1eddng.<\/p>\n<\/p><\/div>\n<\/p><\/div>\n<div class=\"row justify-content-center\">\n<div class=\"col-12 col-sm-6 col-lg-3 mb-2\">\n<div class=\"cardcolor d-flex flex-column\">\n\t\t\t\t\t\t\t<img decoding=\"async\" class=\"img-fluid\" src=\"https:\/\/www.lpehochiminh.com\/wp-content\/uploads\/2024\/01\/MG_3039-372x300.jpg\" width=\"\" height=\"\" alt=\"INTERNATIONAL NURSERY\"><\/p>\n<div class=\"text d-flex flex-column justify-content-center align-self-stretch\">\n<div class=\"title d-flex flex-column justify-content-center\">\n<h4>Nh\u00e0 tr\u1ebb<\/h4>\n<\/p><\/div>\n<p>T\u1eeb 12 th\u00e1ng tu\u1ed5i<\/p>\n<p>\t\t\t\t<a href=\"https:\/\/lpehcm.eduka.school\/register\/create\" target=\"\" class=\"link\">Kh\u00e1m ph\u00e1<\/a>\n\t\t\t\t\t<\/div>\n<\/p><\/div>\n<\/p><\/div>\n<div class=\"col-12 col-sm-6 col-lg-3 mb-2\">\n<div class=\"cardcolor d-flex flex-column\">\n\t\t\t\t\t\t\t<img decoding=\"async\" class=\"img-fluid\" src=\"https:\/\/www.lpehochiminh.com\/wp-content\/uploads\/2024\/01\/MG_3288-372x300.jpg\" width=\"\" height=\"\" alt=\"La Petite Ecole Ho Chi Minh - French International school\"><\/p>\n<div class=\"text d-flex flex-column justify-content-center align-self-stretch\">\n<div class=\"title d-flex flex-column justify-content-center\">\n<h4>M\u1eabu gi\u00e1o &#8211; Chu k\u1ef3 1<\/h4>\n<\/p><\/div>\n<p>T\u1eeb 3 \u0111\u1ebfn 5 tu\u1ed5i (PS\/MS\/GS)<\/p>\n<p>\t\t\t\t<a href=\"https:\/\/lpehcm.eduka.school\/register\/create\" target=\"\" class=\"link\">Kh\u00e1m ph\u00e1<\/a>\n\t\t\t\t\t<\/div>\n<\/p><\/div>\n<\/p><\/div>\n<div class=\"col-12 col-sm-6 col-lg-3 mb-2\">\n<div class=\"cardcolor d-flex flex-column\">\n\t\t\t\t\t\t\t<img decoding=\"async\" class=\"img-fluid\" src=\"https:\/\/www.lpehochiminh.com\/wp-content\/uploads\/2024\/11\/physical-activities-for-toddlers-372x300.png\" width=\"\" height=\"\" alt=\"physical activities for toddlers\"><\/p>\n<div class=\"text d-flex flex-column justify-content-center align-self-stretch\">\n<div class=\"title d-flex flex-column justify-content-center\">\n<h4>Ti\u1ec3u h\u1ecdc &#8211; Chu k\u1ef3 2<\/h4>\n<\/p><\/div>\n<p>T\u1eeb 6 \u0111\u1ebfn 8 tu\u1ed5i (CP\/CE1\/CE2)<\/p>\n<p>\t\t\t\t<a href=\"https:\/\/lpehcm.eduka.school\/register\/create\" target=\"\" class=\"link\">Kh\u00e1m ph\u00e1<\/a>\n\t\t\t\t\t<\/div>\n<\/p><\/div>\n<\/p><\/div>\n<div class=\"col-12 col-sm-6 col-lg-3 mb-2\">\n<div class=\"cardcolor d-flex flex-column\">\n\t\t\t\t\t\t\t<img decoding=\"async\" class=\"img-fluid\" src=\"https:\/\/www.lpehochiminh.com\/wp-content\/uploads\/2024\/01\/MG_4121-372x300.jpg\" width=\"\" height=\"\" alt=\"La Petite Ecole Ho Chi Minh - French International school\"><\/p>\n<div class=\"text d-flex flex-column justify-content-center align-self-stretch\">\n<div class=\"title d-flex flex-column justify-content-center\">\n<h4>Ti\u1ec3u h\u1ecdc &#8211; Chu k\u1ef3 3<\/h4>\n<\/p><\/div>\n<p>T\u1eeb 9 \u0111\u1ebfn 10 tu\u1ed5i (CM1\/CM2)<\/p>\n<p>\t\t\t\t<a href=\"https:\/\/lpehcm.eduka.school\/register\/create\" target=\"\" class=\"link\">Kh\u00e1m ph\u00e1<\/a>\n\t\t\t\t\t<\/div>\n<\/p><\/div>\n<\/p><\/div>\n<\/p><\/div>\n<\/p><\/div>\n<\/div>\n<div class=\"bloctext bloctext--nocolor bloctext--haspattern\" id=\"bloc_6_8\">\n<div class=\"container\">\n<div class=\"row\">\n<div class=\"col-12 col-lg-4 col-xl-3 mb-1\">\n<h2><span>QUY TR\u00ccNH NH\u1eacP H\u1eccC BAO G\u1ed2M 3 B\u01af\u1edaC<\/span><\/h2>\n<\/p><\/div>\n<div class=\"col-12 col-lg-8 col-xl-9\">\n<div class=\"text pl-lg-4\">\n<h3><strong>1\/ Ho\u00e0n t\u1ea5t \u0111\u01a1n \u0111\u0103ng k\u00fd tr\u1ef1c tuy\u1ebfn tr\u00ean c\u1ed5ng th\u00f4ng tin Eduka<\/strong><\/h3>\n<h3><\/h3>\n<h3><strong>2\/ Ph\u1ecfng v\u1ea5n h\u1ecdc thu\u1eadt v\u00e0 quy\u1ebft \u0111\u1ecbnh nh\u1eadp h\u1ecdc<\/strong><\/h3>\n<h3><\/h3>\n<h3><strong>3\/ Thanh to\u00e1n ph\u00ed \u0111\u0103ng k\u00fd<\/strong><\/h3>\n<\/p><\/div>\n<\/p><\/div>\n<\/p><\/div>\n<\/p><\/div>\n<\/div>\n<div class=\"blocinfo blocinfo--color4\" id=\"bloc_10_9\">\n<div class=\"container\">\n<div class=\"row\">\n<div class=\"col-12 col-md-6\">\n<h2><span>H\u1eccC PH\u00cd C\u1ee6A CH\u00daNG T\u00d4I<\/span><\/h2>\n<\/p>\n<p>\t\t\t\t<!-- Changer la classe de couleur du bouton en fonction de la couleur g\u00e9n\u00e9rale du bloc --><\/p>\n<div class=\"bloc_cta\" >\n\t<a href=\"https:\/\/www.lpehochiminh.com\/wp-content\/uploads\/2026\/01\/LPE-HCM_Tuition-fees_Nursery_Early-Years_Elementary_2026-2027-1.pdf\" title=\"N\u0103m h\u1ecdc 2026-2027\" target=\"_blank\" class=\"mr-3 btn btn--color4\">N\u0103m h\u1ecdc 2026-2027<\/a> \t<a href=\"https:\/\/www.lpehochiminh.com\/wp-content\/uploads\/2026\/01\/LPE-Ho-Chi-Minh-City_ReglementFinancier2026-2027_VN.pdf\" title=\"Quy \u0111\u1ecbnh t\u00e0i ch\u00ednh c\u1ee7a ch\u00fang t\u00f4i\" target=\"_blank\" class=\"mr-3 btn btn--color4\">Quy \u0111\u1ecbnh t\u00e0i ch\u00ednh c\u1ee7a ch\u00fang t\u00f4i<\/a> \t\t\t\t<\/div>\n<\/p><\/div>\n<\/p><\/div>\n<\/p><\/div>\n<\/div>\n<div class=\"container mt-2 mb-2\">\n<div class=\"row justify-content-center\">\n<div class=\"col-12 col-lg-8 \">\n<div class=\"section-form\" id=\"bloc_formulaire_10\">\n<div class=\"container\">\n<div class=\"row justify-content-center\">\n<div class=\"col-12 col-lg-11\">\n<h2><span>\u0110\u1eb6T L\u1ecaCH THAM QUAN TR\u01af\u1edcNG CH\u00daNG T\u00d4I<\/span><\/h2>\n<p class=\"mb-2 mb-md-3\">\n<div role=\"form\" class=\"wpcf7\">\n<p>\t\t\t<iframe width='100%' height='400' src='https:\/\/lpehcm.eduka.school\/registration\/frame\/56\/f5273b6efd89' frameborder=0 border=0 style='border:0; overflow-y: auto;'><\/iframe>\n\t\t\t\t\t\t\t<\/div>\n<\/p><\/div>\n<\/p><\/div>\n<\/p><\/div>\n<\/p><\/div>\n<\/p><\/div>\n<\/p><\/div>\n<\/div>\n","protected":false},"excerpt":{"rendered":"<p>TUY\u1ec2N SINH Tham gia kh\u00f3a h\u1ecdc song ng\u1eef Ph\u00e1p-Anh \u0111\u1ed9c \u0111\u00e1o t\u1ea1i Th\u00e0nh ph\u1ed1 H\u1ed3 Ch\u00ed Minh B\u1eaeT \u0110\u1ea6U \u0110\u0102NG [&hellip;]<\/p>\n","protected":false},"author":4,"featured_media":0,"parent":0,"menu_order":310,"comment_status":"closed","ping_status":"closed","template":"","meta":{"_acf_changed":false,"kdcopypost-origin-url":"","kdcopypost-origin-id":"","footnotes":""},"class_list":["post-6217","page","type-page","status-publish","hentry"],"acf":[],"yoast_head":"<!-- This site is optimized with the Yoast SEO plugin v26.8 - https:\/\/yoast.com\/product\/yoast-seo-wordpress\/ -->\n<title>Th\u00f4ng tin Tuy\u1ec3n sinh | La Petite \u00c9cole H\u1ed3 Ch\u00ed Minh<\/title>\n<meta name=\"description\" content=\"Tham kh\u1ea3o Th\u00f4ng tin tuy\u1ec3n sinh c\u1ee7a LPE v\u00e0 ghi danh cho con b\u1ea1n ngay h\u00f4m nay v\u1edbi \u0111a d\u1ea1ng ch\u01b0\u01a1ng tr\u00ecnh h\u1ecdc t\u1eeb nh\u00e0 tr\u1ebb, m\u1eabu gi\u00e1o cho \u0111\u1ebfn ti\u1ec3u h\u1ecdc.\" \/>\n<meta name=\"robots\" content=\"index, follow, max-snippet:-1, max-image-preview:large, max-video-preview:-1\" \/>\n<link rel=\"canonical\" href=\"https:\/\/www.lpehochiminh.com\/vi\/tuyen-sinh\/\" \/>\n<meta property=\"og:locale\" content=\"vi_VN\" \/>\n<meta property=\"og:type\" content=\"article\" \/>\n<meta property=\"og:title\" content=\"Th\u00f4ng tin Tuy\u1ec3n sinh | La Petite \u00c9cole H\u1ed3 Ch\u00ed Minh\" \/>\n<meta property=\"og:description\" content=\"Tham kh\u1ea3o Th\u00f4ng tin tuy\u1ec3n sinh c\u1ee7a LPE v\u00e0 ghi danh cho con b\u1ea1n ngay h\u00f4m nay v\u1edbi \u0111a d\u1ea1ng ch\u01b0\u01a1ng tr\u00ecnh h\u1ecdc t\u1eeb nh\u00e0 tr\u1ebb, m\u1eabu gi\u00e1o cho \u0111\u1ebfn ti\u1ec3u h\u1ecdc.\" \/>\n<meta property=\"og:url\" content=\"https:\/\/www.lpehochiminh.com\/vi\/tuyen-sinh\/\" \/>\n<meta property=\"og:site_name\" content=\"LPE Ho Chi Minh\" \/>\n<meta property=\"article:modified_time\" content=\"2026-02-13T03:54:25+00:00\" \/>\n<meta property=\"og:image\" content=\"https:\/\/www.lpehochiminh.com\/wp-content\/uploads\/2024\/01\/MG_3039-372x300.jpg\" \/>\n<meta name=\"twitter:card\" content=\"summary_large_image\" \/>\n<meta name=\"twitter:label1\" content=\"Est. reading time\" \/>\n\t<meta name=\"twitter:data1\" content=\"4 minutes\" \/>\n<!-- \/ Yoast SEO plugin. -->","yoast_head_json":{"title":"Th\u00f4ng tin Tuy\u1ec3n sinh | La Petite \u00c9cole H\u1ed3 Ch\u00ed Minh","description":"Tham kh\u1ea3o Th\u00f4ng tin tuy\u1ec3n sinh c\u1ee7a LPE v\u00e0 ghi danh cho con b\u1ea1n ngay h\u00f4m nay v\u1edbi \u0111a d\u1ea1ng ch\u01b0\u01a1ng tr\u00ecnh h\u1ecdc t\u1eeb nh\u00e0 tr\u1ebb, m\u1eabu gi\u00e1o cho \u0111\u1ebfn ti\u1ec3u h\u1ecdc.","robots":{"index":"index","follow":"follow","max-snippet":"max-snippet:-1","max-image-preview":"max-image-preview:large","max-video-preview":"max-video-preview:-1"},"canonical":"https:\/\/www.lpehochiminh.com\/vi\/tuyen-sinh\/","og_locale":"vi_VN","og_type":"article","og_title":"Th\u00f4ng tin Tuy\u1ec3n sinh | La Petite \u00c9cole H\u1ed3 Ch\u00ed Minh","og_description":"Tham kh\u1ea3o Th\u00f4ng tin tuy\u1ec3n sinh c\u1ee7a LPE v\u00e0 ghi danh cho con b\u1ea1n ngay h\u00f4m nay v\u1edbi \u0111a d\u1ea1ng ch\u01b0\u01a1ng tr\u00ecnh h\u1ecdc t\u1eeb nh\u00e0 tr\u1ebb, m\u1eabu gi\u00e1o cho \u0111\u1ebfn ti\u1ec3u h\u1ecdc.","og_url":"https:\/\/www.lpehochiminh.com\/vi\/tuyen-sinh\/","og_site_name":"LPE Ho Chi Minh","article_modified_time":"2026-02-13T03:54:25+00:00","og_image":[{"url":"https:\/\/www.lpehochiminh.com\/wp-content\/uploads\/2024\/01\/MG_3039-372x300.jpg","type":"","width":"","height":""}],"twitter_card":"summary_large_image","twitter_misc":{"Est. reading time":"4 minutes"},"schema":{"@context":"https:\/\/schema.org","@graph":[{"@type":"WebPage","@id":"https:\/\/www.lpehochiminh.com\/vi\/tuyen-sinh\/","url":"https:\/\/www.lpehochiminh.com\/vi\/tuyen-sinh\/","name":"Th\u00f4ng tin Tuy\u1ec3n sinh | La Petite \u00c9cole H\u1ed3 Ch\u00ed Minh","isPartOf":{"@id":"https:\/\/www.lpehochiminh.com\/vi\/#website"},"primaryImageOfPage":{"@id":"https:\/\/www.lpehochiminh.com\/vi\/tuyen-sinh\/#primaryimage"},"image":{"@id":"https:\/\/www.lpehochiminh.com\/vi\/tuyen-sinh\/#primaryimage"},"thumbnailUrl":"https:\/\/www.lpehochiminh.com\/wp-content\/uploads\/2024\/01\/MG_3039-372x300.jpg","datePublished":"2022-02-11T11:36:31+00:00","dateModified":"2026-02-13T03:54:25+00:00","description":"Tham kh\u1ea3o Th\u00f4ng tin tuy\u1ec3n sinh c\u1ee7a LPE v\u00e0 ghi danh cho con b\u1ea1n ngay h\u00f4m nay v\u1edbi \u0111a d\u1ea1ng ch\u01b0\u01a1ng tr\u00ecnh h\u1ecdc t\u1eeb nh\u00e0 tr\u1ebb, m\u1eabu gi\u00e1o cho \u0111\u1ebfn ti\u1ec3u h\u1ecdc.","breadcrumb":{"@id":"https:\/\/www.lpehochiminh.com\/vi\/tuyen-sinh\/#breadcrumb"},"inLanguage":"vi-VN","potentialAction":[{"@type":"ReadAction","target":["https:\/\/www.lpehochiminh.com\/vi\/tuyen-sinh\/"]}]},{"@type":"ImageObject","inLanguage":"vi-VN","@id":"https:\/\/www.lpehochiminh.com\/vi\/tuyen-sinh\/#primaryimage","url":"https:\/\/www.lpehochiminh.com\/wp-content\/uploads\/2024\/01\/MG_3039-372x300.jpg","contentUrl":"https:\/\/www.lpehochiminh.com\/wp-content\/uploads\/2024\/01\/MG_3039-372x300.jpg"},{"@type":"BreadcrumbList","@id":"https:\/\/www.lpehochiminh.com\/vi\/tuyen-sinh\/#breadcrumb","itemListElement":[{"@type":"ListItem","position":1,"name":"Accueil","item":"https:\/\/www.lpehochiminh.com\/vi\/"},{"@type":"ListItem","position":2,"name":"Tuy\u1ec3n sinh"}]},{"@type":"WebSite","@id":"https:\/\/www.lpehochiminh.com\/vi\/#website","url":"https:\/\/www.lpehochiminh.com\/vi\/","name":"LPE Ho Chi Minh - \u00e9cole internationale plurilingue de la cr\u00e8che au CM2","description":"LPE Ho Chi Minh","publisher":{"@id":"https:\/\/www.lpehochiminh.com\/vi\/#organization"},"alternateName":"LPE Ho Chi Minh","potentialAction":[{"@type":"SearchAction","target":{"@type":"EntryPoint","urlTemplate":"https:\/\/www.lpehochiminh.com\/vi\/?s={search_term_string}"},"query-input":{"@type":"PropertyValueSpecification","valueRequired":true,"valueName":"search_term_string"}}],"inLanguage":"vi-VN"},{"@type":"Organization","@id":"https:\/\/www.lpehochiminh.com\/vi\/#organization","name":"LPE Ho Chi Minh","url":"https:\/\/www.lpehochiminh.com\/vi\/","logo":{"@type":"ImageObject","inLanguage":"vi-VN","@id":"https:\/\/www.lpehochiminh.com\/vi\/#\/schema\/logo\/image\/","url":"https:\/\/www.lpehochiminh.com\/wp-content\/uploads\/2023\/05\/logo-rond-blanc.png","contentUrl":"https:\/\/www.lpehochiminh.com\/wp-content\/uploads\/2023\/05\/logo-rond-blanc.png","width":1993,"height":1990,"caption":"LPE Ho Chi Minh"},"image":{"@id":"https:\/\/www.lpehochiminh.com\/vi\/#\/schema\/logo\/image\/"}}]}},"_links":{"self":[{"href":"https:\/\/www.lpehochiminh.com\/vi\/wp-json\/wp\/v2\/pages\/6217","targetHints":{"allow":["GET"]}}],"collection":[{"href":"https:\/\/www.lpehochiminh.com\/vi\/wp-json\/wp\/v2\/pages"}],"about":[{"href":"https:\/\/www.lpehochiminh.com\/vi\/wp-json\/wp\/v2\/types\/page"}],"author":[{"embeddable":true,"href":"https:\/\/www.lpehochiminh.com\/vi\/wp-json\/wp\/v2\/users\/4"}],"replies":[{"embeddable":true,"href":"https:\/\/www.lpehochiminh.com\/vi\/wp-json\/wp\/v2\/comments?post=6217"}],"version-history":[{"count":58,"href":"https:\/\/www.lpehochiminh.com\/vi\/wp-json\/wp\/v2\/pages\/6217\/revisions"}],"predecessor-version":[{"id":19464,"href":"https:\/\/www.lpehochiminh.com\/vi\/wp-json\/wp\/v2\/pages\/6217\/revisions\/19464"}],"wp:attachment":[{"href":"https:\/\/www.lpehochiminh.com\/vi\/wp-json\/wp\/v2\/media?parent=6217"}],"curies":[{"name":"wp","href":"https:\/\/api.w.org\/{rel}","templated":true}]}}