{"id":6218,"date":"2022-02-11T12:37:01","date_gmt":"2022-02-11T11:37:01","guid":{"rendered":"https:\/\/lpevn.agencebisart.com\/admissions\/bourse\/"},"modified":"2026-01-20T03:20:01","modified_gmt":"2026-01-20T02:20:01","slug":"hoc-bong-hoc-phi","status":"publish","type":"page","link":"https:\/\/www.lpehochiminh.com\/vi\/tuyen-sinh\/hoc-bong-hoc-phi\/","title":{"rendered":"H\u1ecdc b\u1ed5ng &#038; H\u1ecdc ph\u00ed"},"content":{"rendered":"<p>\t\t\t\t<!-- avec ou sans CTA : m\u00eame code, \u00e7a centre verticalement le texte --><\/p>\n<div class=\"smallheader\" id=\"bloc_small_header_6\">\n<style type=\"text\/css\">\n\t\t\t\t\t\t\t#bloc_small_header_6 {background-image: url(https:\/\/www.lpehochiminh.com\/wp-content\/uploads\/2022\/03\/SMALL_HEADER3-610x268.png);}\n\t\t\t\t\t\t\t@media (min-width: 480px) {\t#bloc_small_header_6 {background-image: url(https:\/\/www.lpehochiminh.com\/wp-content\/uploads\/2022\/03\/SMALL_HEADER3-610x268.png);}}\n\t\t\t\t\t\t\t@media (min-width: 768px) {\t#bloc_small_header_6 {background-image: url(https:\/\/www.lpehochiminh.com\/wp-content\/uploads\/2022\/03\/SMALL_HEADER3-1024x214.png);}}\n\t\t\t\t\t\t\t@media (min-width: 992px) { #bloc_small_header_6 {background-image: url(https:\/\/www.lpehochiminh.com\/wp-content\/uploads\/2022\/03\/SMALL_HEADER3-1024x214.png);}}\n\t\t\t\t\t\t\t@media (min-width: 1200px) { #bloc_small_header_6 {background-image: url(https:\/\/www.lpehochiminh.com\/wp-content\/uploads\/2022\/03\/SMALL_HEADER3.png);}}\n\t\t\t\t\t\t<\/style>\n<div class=\"container d-flex flex-column justify-content-center align-items-start\">\n<h1><span>H\u1eccC B\u1ed4NG &#038; H\u1eccC PH\u00cd<\/span><\/h1>\n<\/p><\/div>\n<\/p><\/div>\n<div class=\"bloctext bloctext--color4 bloctext--haspattern\" id=\"bloc_6_7\">\n<div class=\"container\">\n<div class=\"row\">\n<div class=\"col-12 col-lg-4 col-xl-3 mb-1\">\n<h2><span>H\u1eccC B\u1ed4NG<\/span><\/h2>\n<\/p><\/div>\n<div class=\"col-12 col-lg-8 col-xl-9\">\n<div class=\"text pl-lg-4\">\n<p>H\u1ecdc b\u1ed5ng ch\u1ec9 d\u00e0nh cho h\u1ecdc sinh \u0111ang c\u01b0 tr\u00fa t\u1ea1i Vi\u1ec7t Nam, c\u00f3 qu\u1ed1c t\u1ecbch Ph\u00e1p, theo h\u1ed3 s\u01a1 \u1ee9ng tuy\u1ec3n n\u1ed9p t\u1ea1i T\u1ed5ng l\u00e3nh s\u1ef1 qu\u00e1n Ph\u00e1p. Nh\u1eefng \u0111i\u1ec1u ki\u1ec7n ch\u00ednh c\u1ea7n thi\u1ebft cho vi\u1ec7c n\u1ed9p h\u1ed3 s\u01a1 xin h\u1ecdc b\u1ed5ng nh\u01b0 sau:<\/p>\n<ol>\n<li>H\u1ecdc sinh ph\u1ea3i c\u00f3 qu\u1ed1c t\u1ecbch Ph\u00e1p v\u00e0 \u00edt nh\u1ea5t m\u1ed9t trong hai ph\u1ee5 huynh ph\u1ea3i c\u01b0 tr\u00fa t\u1ea1i khu l\u00e3nh s\u1ef1.<\/li>\n<li>Ng\u01b0\u1eddi n\u1ed9p \u0111\u01a1n v\u00e0 tr\u1ebb ph\u1ea3i \u0111\u01b0\u1ee3c \u0111\u0103ng k\u00fd trong s\u1ed5 to\u00e0n c\u1ea7u c\u1ee7a nh\u1eefng ng\u01b0\u1eddi Ph\u00e1p \u0111\u01b0\u1ee3c l\u1eadp ngo\u00e0i n\u01b0\u1edbc Ph\u00e1p. Vi\u1ec7c \u0111\u0103ng k\u00fd ph\u1ea3i h\u1ee3p l\u1ec7 t\u1ea1i th\u1eddi \u0111i\u1ec3m n\u1ed9p h\u1ed3 s\u01a1 xin h\u1ecdc b\u1ed5ng. N\u1ebfu kh\u00f4ng, xin vui l\u00f2ng gia h\u1ea1n \u0111\u0103ng k\u00fd c\u1ee7a b\u1ea1n theo li\u00ean k\u1ebft n\u00e0y.<\/li>\n<li>Tr\u1ebb t\u1eeb 3 tu\u1ed5i tr\u1edf l\u00ean t\u00ednh theo n\u0103m d\u01b0\u01a1ng l\u1ecbch khi nh\u1eadp h\u1ecdc.<\/li>\n<li>\u0110\u1ed1i v\u1edbi c\u00e1c gia \u0111\u00ecnh \u0111\u1ebfn t\u1eeb Ph\u00e1p, b\u1eaft bu\u1ed9c ph\u1ea3i c\u00f3 gi\u1ea5y ch\u1ee9ng nh\u1eadn x\u00f3a t\u00ean kh\u1ecfi Qu\u1ef9 tr\u1ee3 c\u1ea5p gia \u0111\u00ecnh \u1edf n\u01a1i c\u01b0 tr\u00fa cu\u1ed1i c\u00f9ng t\u1ea1i Ph\u00e1p. L\u01b0u \u00fd, t\u00e0i li\u1ec7u n\u00e0y ph\u1ea3i \u0111\u01b0\u1ee3c \u01b0u ti\u00ean, d\u1ef1a tr\u00ean th\u1eddi gian ph\u1ea3n h\u1ed3i c\u1ee7a <a href=\"https:\/\/caf.fr\" target=\"_blank\" rel=\"nofollow noopener\">CAF<\/a><\/li>\n<\/ol>\n<p>H\u1ecdc b\u1ed5ng n\u00e0y \u0111\u01b0\u1ee3c c\u1ea5p d\u01b0\u1edbi s\u1ef1 b\u1ea3o tr\u1ee3 c\u1ee7a AEFE (C\u01a1 quan gi\u00e1o d\u1ee5c Ph\u00e1p \u1edf n\u01b0\u1edbc ngo\u00e0i) v\u1edbi s\u1ef1 t\u01b0 v\u1ea5n c\u1ee7a \u1ee6y ban H\u1ecdc b\u1ed5ng \u0111\u1ecba ph\u01b0\u01a1ng. Kho\u1ea3n h\u1ed7 tr\u1ee3 t\u00e0i ch\u00ednh n\u00e0y c\u00f3 th\u1ec3 \u0111\u01b0\u1ee3c s\u1eed d\u1ee5ng \u0111\u1ec3 thanh to\u00e1n h\u1ecdc ph\u00ed, c\u0103ng tin ho\u1eb7c ph\u01b0\u01a1ng ti\u1ec7n \u0111i l\u1ea1i. \u0110\u01a1n xin h\u1ecdc b\u1ed5ng ph\u1ea3i \u0111\u01b0\u1ee3c l\u00e0m h\u00e0ng n\u0103m, n\u00f3 kh\u00f4ng \u0111\u01b0\u1ee3c t\u1ef1 \u0111\u1ed9ng gia h\u1ea1n.<\/p>\n<p>L\u1ecbch bao g\u1ed3m \u0111\u1ee3t kh\u1ea3o s\u00e1t \u0111\u1ea7u ti\u00ean k\u1ebft th\u00fac v\u00e0o th\u00e1ng 2\/th\u00e1ng 3 tr\u01b0\u1edbc n\u0103m h\u1ecdc ti\u1ebfp theo. \u0110\u1ee3t kh\u1ea3o s\u00e1t th\u1ee9 hai di\u1ec5n ra v\u00e0o th\u00e1ng 10 d\u00e0nh cho nh\u1eefng ng\u01b0\u1eddi m\u1edbi v\u00e0 nh\u1eefng ng\u01b0\u1eddi c\u00f3 ho\u00e0n c\u1ea3nh \u0111\u00e3 thay \u0111\u1ed5i h\u1eb3n so v\u1edbi khi n\u1ed9p \u0111\u01a1n trong \u0111\u1ee3t kh\u1ea3o s\u00e1t \u0111\u1ea7u ti\u00ean.<\/p>\n<p><strong>Do khi g\u1ea7n h\u1ebft h\u1ea1n n\u1ed9p c\u00f3 s\u1ed1 l\u01b0\u1ee3ng \u0111\u01a1n kh\u00e1 nhi\u1ec1u, n\u00ean ch\u00fang t\u00f4i \u0111\u1eb7c bi\u1ec7t khuy\u00ean b\u1ea1n kh\u00f4ng n\u00ean \u0111\u1ee3i \u0111\u1ebfn l\u00fac cu\u1ed1i m\u1edbi b\u1eaft \u0111\u1ea7u \u0111\u1eb7t l\u1ecbch h\u1eb9n.<\/strong><\/p>\n<\/p><\/div>\n<\/p><\/div>\n<\/p><\/div>\n<\/p><\/div>\n<\/div>\n<div class=\"blocscontacts blocscontacts--nocolor\" id=\"bloc_contacts_8\" >\n<div class=\"container text-center\">\n<h2><span>\u0110\u1eb6T L\u1ecaCH H\u1eb8N<\/span><\/h2>\n<p>v\u1edbi ng\u01b0\u1eddi ph\u1ee5 tr\u00e1ch c\u00e1c v\u1ea5n \u0111\u1ec1 x\u00e3 h\u1ed9i c\u1ee7a \u0110\u1ea1i s\u1ee9 qu\u00e1n Ph\u00e1p \u0111\u1ec3 l\u1eadp h\u1ed3 s\u01a1 \u1ee9ng tuy\u1ec3n.<\/p>\n<div class=\"row justify-content-center pt-2\">\n<div class=\"col-12 col-xl-11\">\n<div class=\"row\">\n<div class=\"col-12 col-md-6 mb-2\">\n<div class=\"bloccontact\">\n\t\t\t\t\t\t<img loading=\"lazy\" decoding=\"async\" class=\"img-fluid\" src=\"https:\/\/www.lpehochiminh.com\/wp-content\/uploads\/2023\/10\/cropped-Untitled-design-6-165x165.png\" width=\"165\" height=\"165\" alt=\"La Petite Ecole Ho Chi Minh - French International school\"><\/p>\n<div class=\"text\">\n<h4>Ng\u01b0\u1eddi ph\u1ee5 tr\u00e1ch c\u00e1c v\u1ea5n \u0111\u1ec1 x\u00e3 h\u1ed9i c\u1ee7a \u0110\u1ea1i s\u1ee9 qu\u00e1n Ph\u00e1p <\/h4>\n<div><a href=\"mailto:social.ho-chi-minh-ville-cslt@diplomatie.gouv.fr\"><svg xmlns=\"http:\/\/www.w3.org\/2000\/svg\" viewBox=\"0 0 512 512\"><path d=\"M502.3 190.8c3.9-3.1 9.7-.2 9.7 4.7V400c0 26.5-21.5 48-48 48H48c-26.5 0-48-21.5-48-48V195.6c0-5 5.7-7.8 9.7-4.7 22.4 17.4 52.1 39.5 154.1 113.6 21.1 15.4 56.7 47.8 92.2 47.6 35.7.3 72-32.8 92.3-47.6 102-74.1 131.6-96.3 154-113.7zM256 320c23.2.4 56.6-29.2 73.4-41.4 132.7-96.3 142.8-104.7 173.4-128.7 5.8-4.5 9.2-11.5 9.2-18.9v-19c0-26.5-21.5-48-48-48H48C21.5 64 0 85.5 0 112v19c0 7.4 3.4 14.3 9.2 18.9 30.6 23.9 40.7 32.4 173.4 128.7 16.8 12.2 50.2 41.8 73.4 41.4z\"\/><\/svg><span>social.ho-chi-minh-ville-cslt@diplomatie.gouv.fr<\/span><\/a><\/div>\n<\/p><\/div>\n<\/p><\/div>\n<\/p><\/div>\n<\/p><\/div>\n<\/p><\/div>\n<\/p><\/div>\n<\/p><\/div>\n<\/div>\n<div class=\"blocinfo blocinfo--color4\" id=\"bloc_10_9\">\n<div class=\"container\">\n<div class=\"row\">\n<div class=\"col-12 col-md-6\">\n<h2><span>\u0110\u1ec3 bi\u1ebft th\u00eam th\u00f4ng tin v\u1ec1 c\u00e1c kho\u1ea3n h\u1ed7 tr\u1ee3 h\u1ecdc t\u1eadp.<\/span><\/h2>\n<p>Tham kh\u1ea3o trang web c\u1ee7a \u0110\u1ea1i s\u1ee9 qu\u00e1n Ph\u00e1p.<\/p>\n<p>\t\t\t\t<!-- Changer la classe de couleur du bouton en fonction de la couleur g\u00e9n\u00e9rale du bloc --><\/p>\n<div class=\"bloc_cta\" >\n\t\t\t\t<\/div>\n<\/p><\/div>\n<\/p><\/div>\n<\/p><\/div>\n<\/div>\n<div class=\"bloc_ctas bloc_cta container pt-2 pb-2 text-center\" id=\"bloc_ctas_10\">\n<div class=\"btns\">\t<a href=\"https:\/\/www.lpehochiminh.com\/wp-content\/uploads\/2026\/01\/LPE-HCM_Tuition-fees_Nursery_Early-Years_Elementary_2026-2027.pdf\" title=\"Tham kh\u1ea3o h\u1ecdc ph\u00ed n\u0103m h\u1ecdc 2026-2027\" target=\"_blank\" class=\" ml-1   mr-1  btn btn--color2\">Tham kh\u1ea3o h\u1ecdc ph\u00ed n\u0103m h\u1ecdc 2026-2027<\/a> <\/div>\n<\/p><\/div>\n","protected":false},"excerpt":{"rendered":"<p>H\u1eccC B\u1ed4NG &#038; H\u1eccC PH\u00cd H\u1eccC B\u1ed4NG H\u1ecdc b\u1ed5ng ch\u1ec9 d\u00e0nh cho h\u1ecdc sinh \u0111ang c\u01b0 tr\u00fa t\u1ea1i Vi\u1ec7t Nam, [&hellip;]<\/p>\n","protected":false},"author":4,"featured_media":0,"parent":6217,"menu_order":320,"comment_status":"closed","ping_status":"closed","template":"","meta":{"_acf_changed":false,"kdcopypost-origin-url":"","kdcopypost-origin-id":"","footnotes":""},"class_list":["post-6218","page","type-page","status-publish","hentry"],"acf":[],"yoast_head":"<!-- This site is optimized with the Yoast SEO plugin v26.8 - https:\/\/yoast.com\/product\/yoast-seo-wordpress\/ -->\n<title>H\u1ecdc B\u1ed5ng | La Petite \u00c9cole H\u1ed3 Ch\u00ed Minh<\/title>\n<meta name=\"description\" content=\"Kh\u00e1m ph\u00e1 c\u01a1 h\u1ed9i h\u1ecdc b\u1ed5ng cho ng\u01b0\u1eddi Ph\u00e1p \u1edf La Petite \u00c9cole t\u1ea1i Vi\u1ec7t Nam - n\u01a1i \u0111em \u0111\u1ebfn c\u01a1 s\u1edf gi\u00e1o d\u1ee5c ch\u1ea5t l\u01b0\u1ee3ng c\u00f9ng chi ph\u00ed h\u1ee3p l\u00fd. N\u1ed9p \u0111\u01a1n ngay!\" \/>\n<meta name=\"robots\" content=\"index, follow, max-snippet:-1, max-image-preview:large, max-video-preview:-1\" \/>\n<link rel=\"canonical\" href=\"https:\/\/www.lpehochiminh.com\/vi\/tuyen-sinh\/hoc-bong-hoc-phi\/\" \/>\n<meta property=\"og:locale\" content=\"vi_VN\" \/>\n<meta property=\"og:type\" content=\"article\" \/>\n<meta property=\"og:title\" content=\"H\u1ecdc B\u1ed5ng | La Petite \u00c9cole H\u1ed3 Ch\u00ed Minh\" \/>\n<meta property=\"og:description\" content=\"Kh\u00e1m ph\u00e1 c\u01a1 h\u1ed9i h\u1ecdc b\u1ed5ng cho ng\u01b0\u1eddi Ph\u00e1p \u1edf La Petite \u00c9cole t\u1ea1i Vi\u1ec7t Nam - n\u01a1i \u0111em \u0111\u1ebfn c\u01a1 s\u1edf gi\u00e1o d\u1ee5c ch\u1ea5t l\u01b0\u1ee3ng c\u00f9ng chi ph\u00ed h\u1ee3p l\u00fd. N\u1ed9p \u0111\u01a1n ngay!\" \/>\n<meta property=\"og:url\" content=\"https:\/\/www.lpehochiminh.com\/vi\/tuyen-sinh\/hoc-bong-hoc-phi\/\" \/>\n<meta property=\"og:site_name\" content=\"LPE Ho Chi Minh\" \/>\n<meta property=\"article:modified_time\" content=\"2026-01-20T02:20:01+00:00\" \/>\n<meta property=\"og:image\" content=\"https:\/\/www.lpehochiminh.com\/wp-content\/uploads\/2023\/10\/cropped-Untitled-design-6-165x165.png\" \/>\n<meta name=\"twitter:card\" content=\"summary_large_image\" \/>\n<meta name=\"twitter:label1\" content=\"Est. reading time\" \/>\n\t<meta name=\"twitter:data1\" content=\"5 minutes\" \/>\n<!-- \/ Yoast SEO plugin. -->","yoast_head_json":{"title":"H\u1ecdc B\u1ed5ng | La Petite \u00c9cole H\u1ed3 Ch\u00ed Minh","description":"Kh\u00e1m ph\u00e1 c\u01a1 h\u1ed9i h\u1ecdc b\u1ed5ng cho ng\u01b0\u1eddi Ph\u00e1p \u1edf La Petite \u00c9cole t\u1ea1i Vi\u1ec7t Nam - n\u01a1i \u0111em \u0111\u1ebfn c\u01a1 s\u1edf gi\u00e1o d\u1ee5c ch\u1ea5t l\u01b0\u1ee3ng c\u00f9ng chi ph\u00ed h\u1ee3p l\u00fd. N\u1ed9p \u0111\u01a1n ngay!","robots":{"index":"index","follow":"follow","max-snippet":"max-snippet:-1","max-image-preview":"max-image-preview:large","max-video-preview":"max-video-preview:-1"},"canonical":"https:\/\/www.lpehochiminh.com\/vi\/tuyen-sinh\/hoc-bong-hoc-phi\/","og_locale":"vi_VN","og_type":"article","og_title":"H\u1ecdc B\u1ed5ng | La Petite \u00c9cole H\u1ed3 Ch\u00ed Minh","og_description":"Kh\u00e1m ph\u00e1 c\u01a1 h\u1ed9i h\u1ecdc b\u1ed5ng cho ng\u01b0\u1eddi Ph\u00e1p \u1edf La Petite \u00c9cole t\u1ea1i Vi\u1ec7t Nam - n\u01a1i \u0111em \u0111\u1ebfn c\u01a1 s\u1edf gi\u00e1o d\u1ee5c ch\u1ea5t l\u01b0\u1ee3ng c\u00f9ng chi ph\u00ed h\u1ee3p l\u00fd. N\u1ed9p \u0111\u01a1n ngay!","og_url":"https:\/\/www.lpehochiminh.com\/vi\/tuyen-sinh\/hoc-bong-hoc-phi\/","og_site_name":"LPE Ho Chi Minh","article_modified_time":"2026-01-20T02:20:01+00:00","og_image":[{"url":"https:\/\/www.lpehochiminh.com\/wp-content\/uploads\/2023\/10\/cropped-Untitled-design-6-165x165.png","type":"","width":"","height":""}],"twitter_card":"summary_large_image","twitter_misc":{"Est. reading time":"5 minutes"},"schema":{"@context":"https:\/\/schema.org","@graph":[{"@type":"WebPage","@id":"https:\/\/www.lpehochiminh.com\/vi\/tuyen-sinh\/hoc-bong-hoc-phi\/","url":"https:\/\/www.lpehochiminh.com\/vi\/tuyen-sinh\/hoc-bong-hoc-phi\/","name":"H\u1ecdc B\u1ed5ng | La Petite \u00c9cole H\u1ed3 Ch\u00ed Minh","isPartOf":{"@id":"https:\/\/www.lpehochiminh.com\/vi\/#website"},"primaryImageOfPage":{"@id":"https:\/\/www.lpehochiminh.com\/vi\/tuyen-sinh\/hoc-bong-hoc-phi\/#primaryimage"},"image":{"@id":"https:\/\/www.lpehochiminh.com\/vi\/tuyen-sinh\/hoc-bong-hoc-phi\/#primaryimage"},"thumbnailUrl":"https:\/\/www.lpehochiminh.com\/wp-content\/uploads\/2023\/10\/cropped-Untitled-design-6-165x165.png","datePublished":"2022-02-11T11:37:01+00:00","dateModified":"2026-01-20T02:20:01+00:00","description":"Kh\u00e1m ph\u00e1 c\u01a1 h\u1ed9i h\u1ecdc b\u1ed5ng cho ng\u01b0\u1eddi Ph\u00e1p \u1edf La Petite \u00c9cole t\u1ea1i Vi\u1ec7t Nam - n\u01a1i \u0111em \u0111\u1ebfn c\u01a1 s\u1edf gi\u00e1o d\u1ee5c ch\u1ea5t l\u01b0\u1ee3ng c\u00f9ng chi ph\u00ed h\u1ee3p l\u00fd. N\u1ed9p \u0111\u01a1n ngay!","breadcrumb":{"@id":"https:\/\/www.lpehochiminh.com\/vi\/tuyen-sinh\/hoc-bong-hoc-phi\/#breadcrumb"},"inLanguage":"vi-VN","potentialAction":[{"@type":"ReadAction","target":["https:\/\/www.lpehochiminh.com\/vi\/tuyen-sinh\/hoc-bong-hoc-phi\/"]}]},{"@type":"ImageObject","inLanguage":"vi-VN","@id":"https:\/\/www.lpehochiminh.com\/vi\/tuyen-sinh\/hoc-bong-hoc-phi\/#primaryimage","url":"https:\/\/www.lpehochiminh.com\/wp-content\/uploads\/2023\/10\/cropped-Untitled-design-6-165x165.png","contentUrl":"https:\/\/www.lpehochiminh.com\/wp-content\/uploads\/2023\/10\/cropped-Untitled-design-6-165x165.png"},{"@type":"BreadcrumbList","@id":"https:\/\/www.lpehochiminh.com\/vi\/tuyen-sinh\/hoc-bong-hoc-phi\/#breadcrumb","itemListElement":[{"@type":"ListItem","position":1,"name":"Accueil","item":"https:\/\/www.lpehochiminh.com\/vi\/"},{"@type":"ListItem","position":2,"name":"Tuy\u1ec3n sinh","item":"https:\/\/www.lpehochiminh.com\/vi\/tuyen-sinh\/"},{"@type":"ListItem","position":3,"name":"H\u1ecdc b\u1ed5ng &#038; H\u1ecdc ph\u00ed"}]},{"@type":"WebSite","@id":"https:\/\/www.lpehochiminh.com\/vi\/#website","url":"https:\/\/www.lpehochiminh.com\/vi\/","name":"LPE Ho Chi Minh - \u00e9cole internationale plurilingue de la cr\u00e8che au CM2","description":"LPE Ho Chi Minh","publisher":{"@id":"https:\/\/www.lpehochiminh.com\/vi\/#organization"},"alternateName":"LPE Ho Chi Minh","potentialAction":[{"@type":"SearchAction","target":{"@type":"EntryPoint","urlTemplate":"https:\/\/www.lpehochiminh.com\/vi\/?s={search_term_string}"},"query-input":{"@type":"PropertyValueSpecification","valueRequired":true,"valueName":"search_term_string"}}],"inLanguage":"vi-VN"},{"@type":"Organization","@id":"https:\/\/www.lpehochiminh.com\/vi\/#organization","name":"LPE Ho Chi Minh","url":"https:\/\/www.lpehochiminh.com\/vi\/","logo":{"@type":"ImageObject","inLanguage":"vi-VN","@id":"https:\/\/www.lpehochiminh.com\/vi\/#\/schema\/logo\/image\/","url":"https:\/\/www.lpehochiminh.com\/wp-content\/uploads\/2023\/05\/logo-rond-blanc.png","contentUrl":"https:\/\/www.lpehochiminh.com\/wp-content\/uploads\/2023\/05\/logo-rond-blanc.png","width":1993,"height":1990,"caption":"LPE Ho Chi Minh"},"image":{"@id":"https:\/\/www.lpehochiminh.com\/vi\/#\/schema\/logo\/image\/"}}]}},"_links":{"self":[{"href":"https:\/\/www.lpehochiminh.com\/vi\/wp-json\/wp\/v2\/pages\/6218","targetHints":{"allow":["GET"]}}],"collection":[{"href":"https:\/\/www.lpehochiminh.com\/vi\/wp-json\/wp\/v2\/pages"}],"about":[{"href":"https:\/\/www.lpehochiminh.com\/vi\/wp-json\/wp\/v2\/types\/page"}],"author":[{"embeddable":true,"href":"https:\/\/www.lpehochiminh.com\/vi\/wp-json\/wp\/v2\/users\/4"}],"replies":[{"embeddable":true,"href":"https:\/\/www.lpehochiminh.com\/vi\/wp-json\/wp\/v2\/comments?post=6218"}],"version-history":[{"count":36,"href":"https:\/\/www.lpehochiminh.com\/vi\/wp-json\/wp\/v2\/pages\/6218\/revisions"}],"predecessor-version":[{"id":18912,"href":"https:\/\/www.lpehochiminh.com\/vi\/wp-json\/wp\/v2\/pages\/6218\/revisions\/18912"}],"up":[{"embeddable":true,"href":"https:\/\/www.lpehochiminh.com\/vi\/wp-json\/wp\/v2\/pages\/6217"}],"wp:attachment":[{"href":"https:\/\/www.lpehochiminh.com\/vi\/wp-json\/wp\/v2\/media?parent=6218"}],"curies":[{"name":"wp","href":"https:\/\/api.w.org\/{rel}","templated":true}]}}